{"id":3482,"date":"2021-01-03T18:17:07","date_gmt":"2021-01-03T17:17:07","guid":{"rendered":"https:\/\/antykilion.pl\/?post_type=product&#038;p=3482"},"modified":"2026-03-22T19:52:20","modified_gmt":"2026-03-22T18:52:20","slug":"zegar-w-typie-boullea-z-konsola-xix-wiek-101-cm","status":"publish","type":"product","link":"https:\/\/antykilion.pl\/de\/product\/zegar-w-typie-boullea-z-konsola-xix-wiek-101-cm\/","title":{"rendered":"Uhr vom Typ Boulle, mit Konsole, 101 cm, 19. Jahrhundert"},"content":{"rendered":"","protected":false},"excerpt":{"rendered":"<p>Uhr vom Typ Boulle, mit Konsole, 101 cm, 19. Jahrhundert<br \/>\nAuf 4 gebogenen Beinen mit einem Schildkr\u00f6tenmotiv, mit einem pr\u00e4chtigen, cellof\u00f6rmigen Holzschrank, der an drei Seiten glasiert ist und mit Schildpatt-Intarsien und Messingblech bedeckt ist, das mit Blumenmotiven und stilisierten floralen geometrischen Mustern geschnitten ist. Vorne eine Glast\u00fcr, die mit einem Bogen geschlossen war, in einem Rahmen mit Palmette und Rosenmuster; unten eine durchbrochene Bronze\u00fcberlagerung mit einem Granatapfel vor dem Hintergrund von Akanthusbl\u00e4ttern. Am Rand des Geh\u00e4uses werden Braunt\u00f6ne mit Akanthus und Rocaille aufgetragen. Die Oberseite des 4-Hang-Baldachins in Form einer Fame-Figur. Der Schild durch die Glast\u00fcr sichtbar - auf einer Kupferplatte. Es hat einen Bronzeschild mit r\u00f6mischen Ziffern, die die Stunden markieren, Marineblau auf den aufgebrachten, wei\u00dfen Emaille-Abzeichen und im \u00e4u\u00dferen Ring arabische Ziffern, schwarz auf kleineren Tags, die die Minuten anzeigen. Die hintere T\u00fcr ist aus Holz, au\u00dfen geschw\u00e4rzt, innen mit Intarsien mit floralen und geometrischen Motiven bedeckt. Mechanismus mit Ankra-Hemmung zwischen zwei dicken Messingplatten, die durch S\u00e4ulen verbunden sind; auf der \u00e4u\u00dferen Platte unten die Inschrift: &quot;Colin A PARIS&quot;; Pariser System f\u00fcr Stunden und halbe Stunden; Stahlglockenschale.<br \/>\nDie Konsole ist wie die Uhr mit einem Intarsien mit axialem, floralem und geometrischem Muster und einem gekr\u00f6nten Herzen in der Mitte der Vorderwand verziert. Entlang der Kante unterhalb des Akanthus liegen Schachbrett- und Rocaille-\u00dcberz\u00fcge. Unten - Akanthus.<br \/>\nMaterial: Holz, Schildpatt, Messing, vergoldete Bronze<br \/>\nGesamtabmessungen der Uhr mit der Konsole - H\u00f6he 101 cm,<br \/>\nHerkunft: Frankreich, 19. Jahrhundert, Colin a Paris<br \/>\nZustand: Arbeitsmechanismus,<br \/>\nZustand: Das Geh\u00e4use weist kleine M\u00e4ngel und Intarsienfragmente auf<\/p>","protected":false},"featured_media":3484,"comment_status":"closed","ping_status":"closed","template":"","meta":[],"product_cat":[54,51],"product_tag":[],"class_list":{"0":"post-3482","1":"product","2":"type-product","3":"status-publish","4":"has-post-thumbnail","6":"product_cat-zegary-kominkowe","7":"product_cat-zegary","9":"entry","10":"has-media","12":"first","13":"instock","14":"taxable","15":"shipping-taxable","16":"purchasable","17":"product-type-simple","18":"has-product-nav","19":"col","20":"span_1_of_3","21":"owp-content-center","22":"owp-thumbs-layout-horizontal","23":"owp-btn-normal","24":"owp-tabs-layout-horizontal"},"aioseo_notices":[],"_links":{"self":[{"href":"https:\/\/antykilion.pl\/de\/wp-json\/wp\/v2\/product\/3482","targetHints":{"allow":["GET"]}}],"collection":[{"href":"https:\/\/antykilion.pl\/de\/wp-json\/wp\/v2\/product"}],"about":[{"href":"https:\/\/antykilion.pl\/de\/wp-json\/wp\/v2\/types\/product"}],"replies":[{"embeddable":true,"href":"https:\/\/antykilion.pl\/de\/wp-json\/wp\/v2\/comments?post=3482"}],"wp:featuredmedia":[{"embeddable":true,"href":"https:\/\/antykilion.pl\/de\/wp-json\/wp\/v2\/media\/3484"}],"wp:attachment":[{"href":"https:\/\/antykilion.pl\/de\/wp-json\/wp\/v2\/media?parent=3482"}],"wp:term":[{"taxonomy":"product_cat","embeddable":true,"href":"https:\/\/antykilion.pl\/de\/wp-json\/wp\/v2\/product_cat?post=3482"},{"taxonomy":"product_tag","embeddable":true,"href":"https:\/\/antykilion.pl\/de\/wp-json\/wp\/v2\/product_tag?post=3482"}],"curies":[{"name":"wp","href":"https:\/\/api.w.org\/{rel}","templated":true}]}}