{"id":3649,"date":"2021-02-12T14:22:06","date_gmt":"2021-02-12T13:22:06","guid":{"rendered":"https:\/\/antykilion.pl\/?post_type=product&#038;p=3649"},"modified":"2021-09-03T14:16:50","modified_gmt":"2021-09-03T12:16:50","slug":"muzelany-erwin-gunther-cudny-nr-2","status":"publish","type":"product","link":"https:\/\/antykilion.pl\/de\/product\/muzelany-erwin-gunther-cudny-nr-2\/","title":{"rendered":"Muzelany Erwin Gunther Cudny !!!!! nr 2"},"content":{"rendered":"","protected":false},"excerpt":{"rendered":"<p>(G\u00fcnther) Erwin Carl Wilhelm G\u00fcnter (1864-1927), Sturm mit Booten.<\/p>\n<p>Technik: \u00d6l auf Leinwand<\/p>\n<p>Zustand: sehr gut<\/p>\n<p>Unterschrift: Untere linke Ecke<\/p>\n<p>Wymiary: z ram\u0105 140 cm  oko\u0142o na 160 cm oko\u0142o<\/p>\n<p>Unten finden Sie Informationen zum K\u00fcnstler.<\/p>\n<p>(G\u00fcnther) Erwin Carl Wilhelm G\u00fcnter (1864-1927)<\/p>\n<p>G\u00fcnther studierte Malerei an der Kunstakademie D\u00fcsseldorf. Dort war sein Lehrer Olof Jernberg. In D\u00fcsseldorf, wo er Mitglied des K\u00fcnstlerverbandes Malkasten wurde, gr\u00fcndete er als Seemaler. Er unternahm zahlreiche Reisen durch Europa, von 1890 in die Niederlande sowie nach \u00c4gypten und in andere afrikanische L\u00e4nder. Ab 1891 war er auf Ausstellungen im M\u00fcnchner Glasschloss und ab 1893 auf der Gro\u00dfen Berliner Kunstausstellung vertreten. F\u00fcr den deutschen Seepavillon auf der Weltausstellung in Paris im Jahr 1900 fertigte er gro\u00dfe dekorative Gem\u00e4lde an.<br \/>\nMuzelany Erwin Gunther Cudny !!!!! nr 2 Technika wykonania olej<\/p>","protected":false},"featured_media":3653,"comment_status":"closed","ping_status":"closed","template":"","meta":[],"product_cat":[41,39,40],"product_tag":[],"class_list":{"0":"post-3649","1":"product","2":"type-product","3":"status-publish","4":"has-post-thumbnail","6":"product_cat-malarstwo-dawne","7":"product_cat-dziela-sztuki","8":"product_cat-malarstwo","10":"entry","11":"has-media","13":"first","14":"instock","15":"taxable","16":"shipping-taxable","17":"purchasable","18":"product-type-simple","19":"has-product-nav","20":"col","21":"span_1_of_3","22":"owp-content-center","23":"owp-thumbs-layout-horizontal","24":"owp-btn-normal","25":"owp-tabs-layout-horizontal"},"aioseo_notices":[],"_links":{"self":[{"href":"https:\/\/antykilion.pl\/de\/wp-json\/wp\/v2\/product\/3649","targetHints":{"allow":["GET"]}}],"collection":[{"href":"https:\/\/antykilion.pl\/de\/wp-json\/wp\/v2\/product"}],"about":[{"href":"https:\/\/antykilion.pl\/de\/wp-json\/wp\/v2\/types\/product"}],"replies":[{"embeddable":true,"href":"https:\/\/antykilion.pl\/de\/wp-json\/wp\/v2\/comments?post=3649"}],"wp:featuredmedia":[{"embeddable":true,"href":"https:\/\/antykilion.pl\/de\/wp-json\/wp\/v2\/media\/3653"}],"wp:attachment":[{"href":"https:\/\/antykilion.pl\/de\/wp-json\/wp\/v2\/media?parent=3649"}],"wp:term":[{"taxonomy":"product_cat","embeddable":true,"href":"https:\/\/antykilion.pl\/de\/wp-json\/wp\/v2\/product_cat?post=3649"},{"taxonomy":"product_tag","embeddable":true,"href":"https:\/\/antykilion.pl\/de\/wp-json\/wp\/v2\/product_tag?post=3649"}],"curies":[{"name":"wp","href":"https:\/\/api.w.org\/{rel}","templated":true}]}}