{"id":3707,"date":"2021-03-09T07:15:05","date_gmt":"2021-03-09T06:15:05","guid":{"rendered":"https:\/\/antykilion.pl\/?post_type=product&#038;p=3707"},"modified":"2021-10-22T12:56:36","modified_gmt":"2021-10-22T10:56:36","slug":"monumentalny-bufet-boulle-druga-polowa-xix-wieku","status":"publish","type":"product","link":"https:\/\/antykilion.pl\/de\/product\/monumentalny-bufet-boulle-druga-polowa-xix-wieku\/","title":{"rendered":"Monumentales Boulle-Buffet in der zweiten H\u00e4lfte des 19. Jahrhunderts"},"content":{"rendered":"","protected":false},"excerpt":{"rendered":"<p>Ein M\u00f6belst\u00fcck mit geraden Seiten und vorderen und abgeschnittenen vorderen Ecken, doppelbl\u00e4ttriger Verschluss, auf Konsolenbeinen gest\u00fctzt. Alles ist furniert, schwarz gebeizt, auf dem sogenannten poliert Franz\u00f6sische Matte, verziert mit einer Einlage aus Messingfaden, die Blumenmuster erzeugt, gef\u00fcllt mit Schildpatt, zus\u00e4tzlich sehr reich verziert mit vergoldeten Bronzen. Auf den T\u00fcrbl\u00e4ttern sind ovale Medaillons von einem profilierten vergoldeten Bronzestreifen eingerahmt, der von dreieckigen Feldern in den Ecken eingerahmt wird. Das obere Gesims und der Sockel sind von einem Profilstreifen eingerahmt. Die vorderen Ecken sind oben und unten mit Rosetten sowie im oberen Teil mit Karyatiden verziert. Zwei Regale innen;<br \/>\nStan: bardzo dobry, po profesjonalnej konserwacji<br \/>\nKonstruktion - BIRNE, Furnier - Mahagoni<br \/>\nHerkunft: Frankreich, um 1860<br \/>\nAbmessungen: L\u00e4nge 120 cm, Breite 43,5, H\u00f6he 106 cm.<\/p>","protected":false},"featured_media":3708,"comment_status":"closed","ping_status":"closed","template":"","meta":[],"product_cat":[26,27,17],"product_tag":[],"class_list":{"0":"post-3707","1":"product","2":"type-product","3":"status-publish","4":"has-post-thumbnail","6":"product_cat-komody","7":"product_cat-kredensy-bufety","8":"product_cat-meble","10":"entry","11":"has-media","13":"first","14":"instock","15":"taxable","16":"shipping-taxable","17":"purchasable","18":"product-type-simple","19":"has-product-nav","20":"col","21":"span_1_of_3","22":"owp-content-center","23":"owp-thumbs-layout-horizontal","24":"owp-btn-normal","25":"owp-tabs-layout-horizontal"},"aioseo_notices":[],"_links":{"self":[{"href":"https:\/\/antykilion.pl\/de\/wp-json\/wp\/v2\/product\/3707","targetHints":{"allow":["GET"]}}],"collection":[{"href":"https:\/\/antykilion.pl\/de\/wp-json\/wp\/v2\/product"}],"about":[{"href":"https:\/\/antykilion.pl\/de\/wp-json\/wp\/v2\/types\/product"}],"replies":[{"embeddable":true,"href":"https:\/\/antykilion.pl\/de\/wp-json\/wp\/v2\/comments?post=3707"}],"wp:featuredmedia":[{"embeddable":true,"href":"https:\/\/antykilion.pl\/de\/wp-json\/wp\/v2\/media\/3708"}],"wp:attachment":[{"href":"https:\/\/antykilion.pl\/de\/wp-json\/wp\/v2\/media?parent=3707"}],"wp:term":[{"taxonomy":"product_cat","embeddable":true,"href":"https:\/\/antykilion.pl\/de\/wp-json\/wp\/v2\/product_cat?post=3707"},{"taxonomy":"product_tag","embeddable":true,"href":"https:\/\/antykilion.pl\/de\/wp-json\/wp\/v2\/product_tag?post=3707"}],"curies":[{"name":"wp","href":"https:\/\/api.w.org\/{rel}","templated":true}]}}