{"id":3906,"date":"2021-05-01T12:50:31","date_gmt":"2021-05-01T10:50:31","guid":{"rendered":"https:\/\/antykilion.pl\/?post_type=product&#038;p=3906"},"modified":"2021-09-03T14:16:51","modified_gmt":"2021-09-03T12:16:51","slug":"xviii-wieczny-pejzaz-z-ruinami-zamku","status":"publish","type":"product","link":"https:\/\/antykilion.pl\/de\/product\/xviii-wieczny-pejzaz-z-ruinami-zamku\/","title":{"rendered":"XVIII wieczny pejza\u017c z ruinami zamku"},"content":{"rendered":"","protected":false},"excerpt":{"rendered":"<p>XVIII wieczny pejza\u017c z ruinami zamku<\/p>\n<p>Pochodzenie: Francja XIX wiek<\/p>\n<p>Sygnatura: Nie znaleziono sygnatury<\/p>\n<p>Stan Bardzo dobry, orginalny<\/p>\n<p>Wymiary: P\u0142otno oko\u0142o 75 x 110 cm + rama razem oko\u0142o 130 cm na 95 cm<\/p>\n<p>Technik: \u00d6l auf Leinwand<\/p>\n<p>Malarstwo wysokiej klasy.<\/p>\n<p>Ein sehr dekoratives Bild.<\/p>","protected":false},"featured_media":3908,"comment_status":"closed","ping_status":"closed","template":"","meta":[],"product_cat":[41,39,40],"product_tag":[],"class_list":{"0":"post-3906","1":"product","2":"type-product","3":"status-publish","4":"has-post-thumbnail","6":"product_cat-malarstwo-dawne","7":"product_cat-dziela-sztuki","8":"product_cat-malarstwo","10":"entry","11":"has-media","13":"first","14":"instock","15":"taxable","16":"shipping-taxable","17":"purchasable","18":"product-type-simple","19":"has-product-nav","20":"col","21":"span_1_of_3","22":"owp-content-center","23":"owp-thumbs-layout-horizontal","24":"owp-btn-normal","25":"owp-tabs-layout-horizontal"},"aioseo_notices":[],"_links":{"self":[{"href":"https:\/\/antykilion.pl\/de\/wp-json\/wp\/v2\/product\/3906","targetHints":{"allow":["GET"]}}],"collection":[{"href":"https:\/\/antykilion.pl\/de\/wp-json\/wp\/v2\/product"}],"about":[{"href":"https:\/\/antykilion.pl\/de\/wp-json\/wp\/v2\/types\/product"}],"replies":[{"embeddable":true,"href":"https:\/\/antykilion.pl\/de\/wp-json\/wp\/v2\/comments?post=3906"}],"wp:featuredmedia":[{"embeddable":true,"href":"https:\/\/antykilion.pl\/de\/wp-json\/wp\/v2\/media\/3908"}],"wp:attachment":[{"href":"https:\/\/antykilion.pl\/de\/wp-json\/wp\/v2\/media?parent=3906"}],"wp:term":[{"taxonomy":"product_cat","embeddable":true,"href":"https:\/\/antykilion.pl\/de\/wp-json\/wp\/v2\/product_cat?post=3906"},{"taxonomy":"product_tag","embeddable":true,"href":"https:\/\/antykilion.pl\/de\/wp-json\/wp\/v2\/product_tag?post=3906"}],"curies":[{"name":"wp","href":"https:\/\/api.w.org\/{rel}","templated":true}]}}