{"id":4225,"date":"2021-07-08T14:18:35","date_gmt":"2021-07-08T12:18:35","guid":{"rendered":"https:\/\/antykilion.pl\/?post_type=product&#038;p=4225"},"modified":"2021-09-03T14:16:53","modified_gmt":"2021-09-03T12:16:53","slug":"fotele-w-stylu-barokowym-okolo-polowy-xix-w-piekne","status":"publish","type":"product","link":"https:\/\/antykilion.pl\/de\/product\/fotele-w-stylu-barokowym-okolo-polowy-xix-w-piekne\/","title":{"rendered":"Fotele w stylu barokowym oko\u0142o po\u0142owy XIX w Pi\u0119kne"},"content":{"rendered":"","protected":false},"excerpt":{"rendered":"<p>Fotel w stylu barokowym z oparciem zako\u0144czonym wolutami<\/p>\n<p>z prostok\u0105tnym wysokim oparciem, lekko odchylonym do ty\u0142u, siedzeniem wy\u015bcie\u0142any, z esowatymi por\u0119czami, zako\u0144czonymi wolutami, wparty na czterech r\u00f3wnie\u017c esowatych nogach zako\u0144czonych wolutami, spi\u0119tych u do\u0142u krzy\u017cowym wi\u0105zaniem<\/p>\n<p>Konstrukcja masyw orzech, bogato rze\u017abione<\/p>\n<p>Powstanie: Europa \u015arodkowa<\/p>\n<p>Zustand: sehr gut<\/p>\n<p>Wymiary: wysoko\u015b\u0107 siedziska oko\u0142o 40 cm, wysoko\u015b\u0107 oparcia oko\u0142o\u00a0 cm.<\/p>","protected":false},"featured_media":4226,"comment_status":"closed","ping_status":"closed","template":"","meta":[],"product_cat":[24,17],"product_tag":[],"class_list":{"0":"post-4225","1":"product","2":"type-product","3":"status-publish","4":"has-post-thumbnail","6":"product_cat-fotele","7":"product_cat-meble","9":"entry","10":"has-media","12":"first","13":"instock","14":"taxable","15":"shipping-taxable","16":"purchasable","17":"product-type-simple","18":"has-product-nav","19":"col","20":"span_1_of_3","21":"owp-content-center","22":"owp-thumbs-layout-horizontal","23":"owp-btn-normal","24":"owp-tabs-layout-horizontal"},"aioseo_notices":[],"_links":{"self":[{"href":"https:\/\/antykilion.pl\/de\/wp-json\/wp\/v2\/product\/4225","targetHints":{"allow":["GET"]}}],"collection":[{"href":"https:\/\/antykilion.pl\/de\/wp-json\/wp\/v2\/product"}],"about":[{"href":"https:\/\/antykilion.pl\/de\/wp-json\/wp\/v2\/types\/product"}],"replies":[{"embeddable":true,"href":"https:\/\/antykilion.pl\/de\/wp-json\/wp\/v2\/comments?post=4225"}],"wp:featuredmedia":[{"embeddable":true,"href":"https:\/\/antykilion.pl\/de\/wp-json\/wp\/v2\/media\/4226"}],"wp:attachment":[{"href":"https:\/\/antykilion.pl\/de\/wp-json\/wp\/v2\/media?parent=4225"}],"wp:term":[{"taxonomy":"product_cat","embeddable":true,"href":"https:\/\/antykilion.pl\/de\/wp-json\/wp\/v2\/product_cat?post=4225"},{"taxonomy":"product_tag","embeddable":true,"href":"https:\/\/antykilion.pl\/de\/wp-json\/wp\/v2\/product_tag?post=4225"}],"curies":[{"name":"wp","href":"https:\/\/api.w.org\/{rel}","templated":true}]}}