{"id":4499,"date":"2021-07-25T18:17:28","date_gmt":"2021-07-25T16:17:28","guid":{"rendered":"https:\/\/antykilion.pl\/?post_type=product&#038;p=4499"},"modified":"2021-09-03T14:16:54","modified_gmt":"2021-09-03T12:16:54","slug":"pieter-angillis-france-1685-1734-przypisywany","status":"publish","type":"product","link":"https:\/\/antykilion.pl\/de\/product\/pieter-angillis-france-1685-1734-przypisywany\/","title":{"rendered":"Pieter Angillis (France, 1685-1734) przypisywany"},"content":{"rendered":"<p>Peter Angelis (5 listopada 1685 \u2013 1734), r\u00f3\u017cnie rejestrowany jako Pieter Angellis, Pieter Anchillus, Pieter van Angellis lub Pieter Angelles, by\u0142 malarzem aktywnym we Flandrii, Niemczech, W\u0142oszech, Anglii i Francji.<br \/>\n\u017bycie<\/p>\n<p>Peter Angelis urodzi\u0142 si\u0119 w Dunkierce w 1685 r. Po zapoznaniu si\u0119 z podstawami sztuki w swoim rodzinnym mie\u015bcie odwiedzi\u0142 Flandri\u0119 i Niemcy, a tak\u017ce sp\u0119dzi\u0142 troch\u0119 czasu w Antwerpii, gdzie w 1715 r. zosta\u0142 mistrzem cechu \u015bw. \u0141ukasza. 16; oraz w D\u00fcsseldorfie, gdzie mia\u0142 okazj\u0119 kszta\u0142ci\u0107 si\u0119, studiuj\u0105c obrazy w Galerii Elektorskiej. Malowa\u0142 fragmenty rozm\u00f3w i pejza\u017ce z ma\u0142ymi postaciami, w kt\u00f3re cz\u0119sto wprowadza\u0142 owoce i ryby[2].<\/p>\n<p>Oko\u0142o 1719 przeni\u00f3s\u0142 si\u0119 do Anglii, gdzie spotka\u0142 si\u0119 z wielkim sukcesem i pozosta\u0142 przez szesna\u015bcie lat. W 1727 wyruszy\u0142 do W\u0142och i sp\u0119dzi\u0142 trzy lata w Rzymie, gdzie podziwiano jego obrazy. Ale b\u0119d\u0105c pow\u015bci\u0105gliwym usposobieniem i bez ostentacji, wystawia\u0142 swoje prace z niech\u0119ci\u0105, jego pilny i trze\u017awy temperament sk\u0142ania\u0142 go bardziej do pogoni za swoj\u0105 sztuk\u0105 ni\u017c do rozwoju jego fortuny. Zamierza\u0142 wr\u00f3ci\u0107 do Anglii, ale kiedy dotar\u0142 do Rennes w Bretanii, znalaz\u0142 tam tak poszukiwan\u0105 prac\u0119, \u017ce postanowi\u0142 zosta\u0107. Zmar\u0142 w Rennes w 1734 r. [3]<\/p>\n<p>Horace Walpole pisa\u0142 o nim:<\/p>\n<p>    Jego spos\u00f3b bycia by\u0142 mieszank\u0105 Teniersa i Watteau, z wi\u0119ksz\u0105 gracj\u0105 ni\u017c ten pierwszy, wi\u0119ksz\u0105 natur\u0105 ni\u017c ten drugi. Jego o\u0142\u00f3wek by\u0142 \u0142atwy, jasny i p\u0142ynny, ale jego kolorystyka by\u0142a zbyt s\u0142aba i pozbawiona nerw\u00f3w. Przyj\u0105\u0142 potem obyczaje Rubensa i Vandycka, co prawda bardziej malownicze, ale nie tak w\u0142a\u015bciwe, by ulepszy\u0107 swoje produkcje w tym, co ich g\u0142\u00f3wne pi\u0119kno polega\u0142o na \u017cyciu rodzinnym[3].<\/p>\n<p>Uwa\u017ca si\u0119, \u017ce Kr\u00f3lowa Anna i Rycerze Podwi\u0105zki Angelis przedstawiaj\u0105 ceremoni\u0119, kt\u00f3ra odby\u0142a si\u0119 w Pa\u0142acu Kensington w 1713 roku, kilka lat przed jego przybyciem do Anglii.[4] Obecnie znajduje si\u0119 w zbiorach Narodowej Galerii Portret\u00f3w.[4] <\/p>","protected":false},"excerpt":{"rendered":"<p>Pieter Angillis (France, 1685-1734) przypisywany<br \/>\nPasterz i pasterka w arkadyjskim krajobrazie<br \/>\nTechnik: \u00d6l auf Leinwand<br \/>\nStan: dobry, widoczne ubytki malatury drobne retusze, liczne nalepki na blejtramie<br \/>\nSygnatura: Pieter Angillis (France, 1685-1734) przypisywany<br \/>\nWymiary: p\u0142\u00f3tna 58 cm x 40 cm z ram\u0105 oko\u0142o 80 cm na 60 cm<br \/>\nUnten finden Sie Informationen zum K\u00fcnstler.<\/p>","protected":false},"featured_media":4500,"comment_status":"closed","ping_status":"closed","template":"","meta":[],"product_cat":[41,39,40],"product_tag":[],"class_list":{"0":"post-4499","1":"product","2":"type-product","3":"status-publish","4":"has-post-thumbnail","6":"product_cat-malarstwo-dawne","7":"product_cat-dziela-sztuki","8":"product_cat-malarstwo","10":"entry","11":"has-media","13":"first","14":"instock","15":"taxable","16":"shipping-taxable","17":"purchasable","18":"product-type-simple","19":"has-product-nav","20":"col","21":"span_1_of_3","22":"owp-content-center","23":"owp-thumbs-layout-horizontal","24":"owp-btn-normal","25":"owp-tabs-layout-horizontal"},"aioseo_notices":[],"_links":{"self":[{"href":"https:\/\/antykilion.pl\/de\/wp-json\/wp\/v2\/product\/4499","targetHints":{"allow":["GET"]}}],"collection":[{"href":"https:\/\/antykilion.pl\/de\/wp-json\/wp\/v2\/product"}],"about":[{"href":"https:\/\/antykilion.pl\/de\/wp-json\/wp\/v2\/types\/product"}],"replies":[{"embeddable":true,"href":"https:\/\/antykilion.pl\/de\/wp-json\/wp\/v2\/comments?post=4499"}],"wp:featuredmedia":[{"embeddable":true,"href":"https:\/\/antykilion.pl\/de\/wp-json\/wp\/v2\/media\/4500"}],"wp:attachment":[{"href":"https:\/\/antykilion.pl\/de\/wp-json\/wp\/v2\/media?parent=4499"}],"wp:term":[{"taxonomy":"product_cat","embeddable":true,"href":"https:\/\/antykilion.pl\/de\/wp-json\/wp\/v2\/product_cat?post=4499"},{"taxonomy":"product_tag","embeddable":true,"href":"https:\/\/antykilion.pl\/de\/wp-json\/wp\/v2\/product_tag?post=4499"}],"curies":[{"name":"wp","href":"https:\/\/api.w.org\/{rel}","templated":true}]}}