{"id":4561,"date":"2021-08-29T14:54:19","date_gmt":"2021-08-29T12:54:19","guid":{"rendered":"https:\/\/antykilion.pl\/?post_type=product&#038;p=4561"},"modified":"2024-09-08T06:58:03","modified_gmt":"2024-09-08T04:58:03","slug":"sekretarzyk-boulle-francja-ok-1860-r","status":"publish","type":"product","link":"https:\/\/antykilion.pl\/de\/product\/sekretarzyk-boulle-francja-ok-1860-r\/","title":{"rendered":"Sekretarzyk Boulle Francja, ok. 1860 r"},"content":{"rendered":"","protected":false},"excerpt":{"rendered":"<p>Sekretarzyk Boulle Francja, ok. 1860 r<br \/>\nWsparty na czterech esowatych nogach, z jedna szuflada w oskrzynieniu, g\u00f3ra nastawa w formie szafki dwudrzwiowej, pe\u0142no skrzyd\u0142owej , z dwiema szufladami w dolnej cz\u0119\u015bci; ca\u0142o\u015b\u0107 fornirowana,czerniona na czer\u0144 fortepianow\u0105, politurowana na wysoki po\u0142ysk, dekorowana inkrustacja z mosi\u0119\u017cnej \u017cy\u0142ki tworz\u0105cej wzory floralne, na tle szylkretu, dodatkowo ozdobiona mosi\u0119\u017cnymi i z br\u0105zu z\u0142oconego aplikacjami; <\/p>\n<p>Charakterystyczny mebel zdobiony &#8220;marketeria bulowska&#8221; &#8211; technika zdobnicza rozpowszechniona i udoskonalona przez kr\u00f3lewskiego projektanta mebli Charles\u2019a Andre\u2019a Boulle\u2019a (1642-1732). Technika ta polega\u0142a na jednoczesnym wycinaniu wzoru w kilku sklejonych arkuszach materia\u0142u, a po wyci\u0119ciu wzoru \u0142\u0105czenia w jedna kompozycje dw\u00f3ch gatunk\u00f3w materia\u0142u, uzyskuj\u0105c p\u0142aszczyzny o wzorze mosi\u0105dzu na tle szylkretu. Dodatkowo rytowano mosi\u0105dz, wype\u0142niaj\u0105c go czarna farba.<br \/>\nStan.Bardzo dobry jak na mebel w stylu boulle, orginalny, oczywi\u015bcie widoczne \u015blady u\u017cytkowania<br \/>\nPochodzenia Francja, na zamku sygnatura pracowni Paryskiej<br \/>\nMateria\u0142: Grusza czerniona mosi\u0105dz, br\u0105z z\u0142ocony<br \/>\nWymiary:Wysoko\u015b\u0107 145 cm, szeroko\u015b\u0107 80 cm, g\u0142\u0119boko\u015b\u0107 54 cm. <\/p>","protected":false},"featured_media":4562,"comment_status":"closed","ping_status":"closed","template":"","meta":[],"product_cat":[17,31],"product_tag":[],"class_list":{"0":"post-4561","1":"product","2":"type-product","3":"status-publish","4":"has-post-thumbnail","6":"product_cat-meble","7":"product_cat-sekretery-sekretarzyki-biurka","9":"entry","10":"has-media","12":"first","13":"instock","14":"taxable","15":"shipping-taxable","16":"purchasable","17":"product-type-simple","18":"has-product-nav","19":"col","20":"span_1_of_3","21":"owp-content-center","22":"owp-thumbs-layout-horizontal","23":"owp-btn-normal","24":"owp-tabs-layout-horizontal"},"aioseo_notices":[],"_links":{"self":[{"href":"https:\/\/antykilion.pl\/de\/wp-json\/wp\/v2\/product\/4561","targetHints":{"allow":["GET"]}}],"collection":[{"href":"https:\/\/antykilion.pl\/de\/wp-json\/wp\/v2\/product"}],"about":[{"href":"https:\/\/antykilion.pl\/de\/wp-json\/wp\/v2\/types\/product"}],"replies":[{"embeddable":true,"href":"https:\/\/antykilion.pl\/de\/wp-json\/wp\/v2\/comments?post=4561"}],"wp:featuredmedia":[{"embeddable":true,"href":"https:\/\/antykilion.pl\/de\/wp-json\/wp\/v2\/media\/4562"}],"wp:attachment":[{"href":"https:\/\/antykilion.pl\/de\/wp-json\/wp\/v2\/media?parent=4561"}],"wp:term":[{"taxonomy":"product_cat","embeddable":true,"href":"https:\/\/antykilion.pl\/de\/wp-json\/wp\/v2\/product_cat?post=4561"},{"taxonomy":"product_tag","embeddable":true,"href":"https:\/\/antykilion.pl\/de\/wp-json\/wp\/v2\/product_tag?post=4561"}],"curies":[{"name":"wp","href":"https:\/\/api.w.org\/{rel}","templated":true}]}}