{"id":4657,"date":"2021-08-31T13:52:10","date_gmt":"2021-08-31T11:52:10","guid":{"rendered":"https:\/\/antykilion.pl\/?post_type=product&#038;p=4657"},"modified":"2024-12-15T10:35:13","modified_gmt":"2024-12-15T09:35:13","slug":"zegar-konsolowy-w-typie-boullea-poczatek-xviii-w","status":"publish","type":"product","link":"https:\/\/antykilion.pl\/de\/product\/zegar-konsolowy-w-typie-boullea-poczatek-xviii-w\/","title":{"rendered":"Zegar konsolowy w typie Boulle&#8217;a pocz\u0105tek XVIII w"},"content":{"rendered":"","protected":false},"excerpt":{"rendered":"<p>Zegar konsolowy w typie Boulle&#8217;a pocz\u0105tek XVIII w<\/p>\n<p>wsparty na 4 ma\u0142\u017cowinowych n\u00f3\u017ckach, z okaza\u0142\u0105, drewnian\u0105 szafk\u0105 w kszta\u0142cie wiolonczeli, oszklon\u0105 z trzech stron, pokryt\u0105 markieteri\u0105 z szylkretu i blachy mosi\u0119\u017cnej wycinanej w motywy ro\u015blinne; kraw\u0119dzie i naro\u017ca dekorowane br\u0105zami z\u0142oconymi z motywem wici ro\u015blinnej, rocaille&#8217;u i herm kobiecych; na szklanych drzwiczkach &#8211; a\u017curowa nak\u0142adka z bogini\u0105 m\u00f3rz &#8211; Amfitryt\u0105 w rydwanie z muszli, zaprz\u0119\u017conym w delfiny, wysoki czterospadowy daszek zwie\u0144czony figurk\u0105 Iris ? Za szyb\u0105 drzwiczek widoczna tarcza z br\u0105zu, z kobaltowymi cyframi rzymskimi na emaliowanych plakietkach; po \u015brodku tarczy emaliowana plakietka z napisem:Regnault a Paris\u201d; drewniane, tylne drzwiczki od wewn\u0105trz ozdobione a\u017curowo wycinan\u0105 w motyw ro\u015blinno-wolutowy blach\u0105 mosi\u0119\u017cn\u0105,\u00a0 szachownicowa dekoracja pod\u0142ogi w szafce; mechanizm bije godziny i p\u00f3\u0142godziny, podpisany grawerem tak samo jak na tarczy.<\/p>\n<p>Wymiary: zegar &#8211; wys. 87 cm, szer. cm, g\u0142\u0119b.\u00a0 cm;<\/p>\n<p>Pochodzenie: Francja, Pary\u017c, warsztat zegarmistrzowski Regnault a Paris<\/p>\n<p>Stan: bardzo dobry po przegl\u0105dzie zegarmistrza, widoczne \u015blady u\u017cytkowania<\/p>\n<p>Materia\u0142: markieteria z br\u0105zami; drewno, szylkret, blacha mosi\u0119\u017cna, br\u0105z z\u0142ocony, szk\u0142o;<\/p>\n<p>Bardzo\u00a0 rzadki warsztat zegarmistrzowski , bardzo dekoracyjny<\/p>","protected":false},"featured_media":4658,"comment_status":"closed","ping_status":"closed","template":"","meta":[],"product_cat":[54,51],"product_tag":[],"class_list":{"0":"post-4657","1":"product","2":"type-product","3":"status-publish","4":"has-post-thumbnail","6":"product_cat-zegary-kominkowe","7":"product_cat-zegary","9":"entry","10":"has-media","12":"first","13":"instock","14":"taxable","15":"shipping-taxable","16":"purchasable","17":"product-type-simple","18":"has-product-nav","19":"col","20":"span_1_of_3","21":"owp-content-center","22":"owp-thumbs-layout-horizontal","23":"owp-btn-normal","24":"owp-tabs-layout-horizontal"},"aioseo_notices":[],"_links":{"self":[{"href":"https:\/\/antykilion.pl\/de\/wp-json\/wp\/v2\/product\/4657","targetHints":{"allow":["GET"]}}],"collection":[{"href":"https:\/\/antykilion.pl\/de\/wp-json\/wp\/v2\/product"}],"about":[{"href":"https:\/\/antykilion.pl\/de\/wp-json\/wp\/v2\/types\/product"}],"replies":[{"embeddable":true,"href":"https:\/\/antykilion.pl\/de\/wp-json\/wp\/v2\/comments?post=4657"}],"wp:featuredmedia":[{"embeddable":true,"href":"https:\/\/antykilion.pl\/de\/wp-json\/wp\/v2\/media\/4658"}],"wp:attachment":[{"href":"https:\/\/antykilion.pl\/de\/wp-json\/wp\/v2\/media?parent=4657"}],"wp:term":[{"taxonomy":"product_cat","embeddable":true,"href":"https:\/\/antykilion.pl\/de\/wp-json\/wp\/v2\/product_cat?post=4657"},{"taxonomy":"product_tag","embeddable":true,"href":"https:\/\/antykilion.pl\/de\/wp-json\/wp\/v2\/product_tag?post=4657"}],"curies":[{"name":"wp","href":"https:\/\/api.w.org\/{rel}","templated":true}]}}