{"id":4844,"date":"2021-09-09T15:43:37","date_gmt":"2021-09-09T13:43:37","guid":{"rendered":"https:\/\/antykilion.pl\/?post_type=product&#038;p=4844"},"modified":"2022-08-01T19:43:16","modified_gmt":"2022-08-01T17:43:16","slug":"portret-mlodej-kobiety-w-kapeluszu-l-abelin-schou","status":"publish","type":"product","link":"https:\/\/antykilion.pl\/de\/product\/portret-mlodej-kobiety-w-kapeluszu-l-abelin-schou\/","title":{"rendered":"Portret m\u0142odej kobiety w kapeluszu L. Abelin Schou"},"content":{"rendered":"","protected":false},"excerpt":{"rendered":"<p>Portret m\u0142odej kobiety, w kapeluszu z pi\u00f3rami<\/p>\n<p>Portret Margarithy Hansen (1846-1909). namalowany przez L. A. Schou (b. Slagelse 1838, d.\\nFlorence 1867)<\/p>\n<p>Ludvig Abelin Schou, znany jako LA Schou (11 stycznia 1838, Slagelse \u2013 30 wrze\u015bnia 1867, Florencja), by\u0142 du\u0144skim malarzem romantycznym, starszym bratem Petera Alfreda Schou.<\/p>\n<p>Technik: \u00d6l auf Leinwand<\/p>\n<p>Stan: bardzo dobry, orginalny<\/p>\n<p>Sygnatura: podpisany z ty\u0142u na p\u0142\u00f3tnie, obraz notowany na \u015bwiatowym rynku dzie\u0142 sztuki<\/p>\n<p>Wymiary z ram\u0105 80 cm na 71 cm<\/p>\n<p>Obraz bardzo dekoracyjny<\/p>\n<p>http:\/\/www.artnet.com\/artists\/ludvig-abelin-schou\/<\/p>","protected":false},"featured_media":4845,"comment_status":"closed","ping_status":"closed","template":"","meta":[],"product_cat":[41,39,40],"product_tag":[],"class_list":{"0":"post-4844","1":"product","2":"type-product","3":"status-publish","4":"has-post-thumbnail","6":"product_cat-malarstwo-dawne","7":"product_cat-dziela-sztuki","8":"product_cat-malarstwo","10":"entry","11":"has-media","13":"first","14":"instock","15":"taxable","16":"shipping-taxable","17":"purchasable","18":"product-type-simple","19":"has-product-nav","20":"col","21":"span_1_of_3","22":"owp-content-center","23":"owp-thumbs-layout-horizontal","24":"owp-btn-normal","25":"owp-tabs-layout-horizontal"},"aioseo_notices":[],"_links":{"self":[{"href":"https:\/\/antykilion.pl\/de\/wp-json\/wp\/v2\/product\/4844","targetHints":{"allow":["GET"]}}],"collection":[{"href":"https:\/\/antykilion.pl\/de\/wp-json\/wp\/v2\/product"}],"about":[{"href":"https:\/\/antykilion.pl\/de\/wp-json\/wp\/v2\/types\/product"}],"replies":[{"embeddable":true,"href":"https:\/\/antykilion.pl\/de\/wp-json\/wp\/v2\/comments?post=4844"}],"wp:featuredmedia":[{"embeddable":true,"href":"https:\/\/antykilion.pl\/de\/wp-json\/wp\/v2\/media\/4845"}],"wp:attachment":[{"href":"https:\/\/antykilion.pl\/de\/wp-json\/wp\/v2\/media?parent=4844"}],"wp:term":[{"taxonomy":"product_cat","embeddable":true,"href":"https:\/\/antykilion.pl\/de\/wp-json\/wp\/v2\/product_cat?post=4844"},{"taxonomy":"product_tag","embeddable":true,"href":"https:\/\/antykilion.pl\/de\/wp-json\/wp\/v2\/product_tag?post=4844"}],"curies":[{"name":"wp","href":"https:\/\/api.w.org\/{rel}","templated":true}]}}