{"id":5083,"date":"2021-11-08T06:45:10","date_gmt":"2021-11-08T05:45:10","guid":{"rendered":"https:\/\/antykilion.pl\/?post_type=product&#038;p=5083"},"modified":"2023-04-01T14:29:21","modified_gmt":"2023-04-01T12:29:21","slug":"bukiet-cyni-w-wazonie-gertruude-gette-1903r-piekne","status":"publish","type":"product","link":"https:\/\/antykilion.pl\/de\/product\/bukiet-cyni-w-wazonie-gertruude-gette-1903r-piekne\/","title":{"rendered":"Bukiet cyni w wazonie Gertruude Gette 1903r pi\u0119kne"},"content":{"rendered":"","protected":false},"excerpt":{"rendered":"<p>Bukiet Cyni w wazonie Gertruude Gette 1903 r pi\u0119kne<\/p>\n<p>Technik: \u00d6l auf Leinwand<\/p>\n<p>Zustand: sehr gutes Original<\/p>\n<p>Unterschrift: auf dem Foto sichtbar<\/p>\n<p>Wymiary: p\u0142\u00f3tno 49 cm na 74 cm + rama oko\u0142o 69 cm na 94 cm<\/p>\n<p>Bardzo dobre malarstwo, bardzo dekoracyjne.<\/p>\n<p>Do ka\u017cdego przedmiotu Galeria wystawia certyfikat.<\/p>","protected":false},"featured_media":5084,"comment_status":"closed","ping_status":"closed","template":"","meta":[],"product_cat":[41,39,40],"product_tag":[],"class_list":{"0":"post-5083","1":"product","2":"type-product","3":"status-publish","4":"has-post-thumbnail","6":"product_cat-malarstwo-dawne","7":"product_cat-dziela-sztuki","8":"product_cat-malarstwo","10":"entry","11":"has-media","13":"first","14":"instock","15":"taxable","16":"shipping-taxable","17":"purchasable","18":"product-type-simple","19":"has-product-nav","20":"col","21":"span_1_of_3","22":"owp-content-center","23":"owp-thumbs-layout-horizontal","24":"owp-btn-normal","25":"owp-tabs-layout-horizontal"},"aioseo_notices":[],"_links":{"self":[{"href":"https:\/\/antykilion.pl\/de\/wp-json\/wp\/v2\/product\/5083","targetHints":{"allow":["GET"]}}],"collection":[{"href":"https:\/\/antykilion.pl\/de\/wp-json\/wp\/v2\/product"}],"about":[{"href":"https:\/\/antykilion.pl\/de\/wp-json\/wp\/v2\/types\/product"}],"replies":[{"embeddable":true,"href":"https:\/\/antykilion.pl\/de\/wp-json\/wp\/v2\/comments?post=5083"}],"wp:featuredmedia":[{"embeddable":true,"href":"https:\/\/antykilion.pl\/de\/wp-json\/wp\/v2\/media\/5084"}],"wp:attachment":[{"href":"https:\/\/antykilion.pl\/de\/wp-json\/wp\/v2\/media?parent=5083"}],"wp:term":[{"taxonomy":"product_cat","embeddable":true,"href":"https:\/\/antykilion.pl\/de\/wp-json\/wp\/v2\/product_cat?post=5083"},{"taxonomy":"product_tag","embeddable":true,"href":"https:\/\/antykilion.pl\/de\/wp-json\/wp\/v2\/product_tag?post=5083"}],"curies":[{"name":"wp","href":"https:\/\/api.w.org\/{rel}","templated":true}]}}