{"id":5208,"date":"2022-01-02T12:30:58","date_gmt":"2022-01-02T11:30:58","guid":{"rendered":"https:\/\/antykilion.pl\/?post_type=product&#038;p=5208"},"modified":"2022-01-02T13:47:58","modified_gmt":"2022-01-02T12:47:58","slug":"stol-w-stylu-ludwika-filipa-ok-1860-r-piekny","status":"publish","type":"product","link":"https:\/\/antykilion.pl\/de\/product\/stol-w-stylu-ludwika-filipa-ok-1860-r-piekny\/","title":{"rendered":"St\u00f3\u0142 w stylu Ludwika Filipa, ok. 1860 r pi\u0119kny"},"content":{"rendered":"","protected":false},"excerpt":{"rendered":"<p>St\u00f3\u0142 w stylu Ludwika Filipa, ok. 1860 r pi\u0119kny<br \/>\nblat owalny o fantazyjnym wykroju z bogatym fornirem mahoniu piramidalnego, oskrzynienie blatu a\u017curowo rze\u017abione w li\u015bcie akantu i r\u00f3\u017cyczki; wsparty na toczonym bogato rze\u017abionym\u00a0 trzonie rozwidlonym w czworon\u00f3g, zako\u0144czony wolutami i bogato zdobiony maszkarami, akantami i r\u00f3\u017cyczkami<\/p>\n<p>Stan: Bardzo dobry, wr\u0119cz idealny drobne ma\u0142o widoczne ryski powsta\u0142e w skutek u\u017cytkowania<\/p>\n<p>Materia\u0142: maho\u0144 piramidalny<\/p>\n<p>Pochodzenie: Polska lub Niemcy<\/p>\n<p>Wymiary: \u015arednica blatu , wysoko\u015b\u0107 74 cm<\/p>\n<p>Ob\u0142\u0119dny !!!<\/p>\n<p>Do ka\u017cdego przedmiotu na \u017cyczenie wystawiamy certyfikat wystawiony przez galeri\u0119!<\/p>","protected":false},"featured_media":5209,"comment_status":"closed","ping_status":"closed","template":"","meta":[],"product_cat":[17,33],"product_tag":[],"class_list":{"0":"post-5208","1":"product","2":"type-product","3":"status-publish","4":"has-post-thumbnail","6":"product_cat-meble","7":"product_cat-stoly-stoliki","9":"entry","10":"has-media","12":"first","13":"instock","14":"taxable","15":"shipping-taxable","16":"purchasable","17":"product-type-simple","18":"has-product-nav","19":"col","20":"span_1_of_3","21":"owp-content-center","22":"owp-thumbs-layout-horizontal","23":"owp-btn-normal","24":"owp-tabs-layout-horizontal"},"aioseo_notices":[],"_links":{"self":[{"href":"https:\/\/antykilion.pl\/de\/wp-json\/wp\/v2\/product\/5208","targetHints":{"allow":["GET"]}}],"collection":[{"href":"https:\/\/antykilion.pl\/de\/wp-json\/wp\/v2\/product"}],"about":[{"href":"https:\/\/antykilion.pl\/de\/wp-json\/wp\/v2\/types\/product"}],"replies":[{"embeddable":true,"href":"https:\/\/antykilion.pl\/de\/wp-json\/wp\/v2\/comments?post=5208"}],"wp:featuredmedia":[{"embeddable":true,"href":"https:\/\/antykilion.pl\/de\/wp-json\/wp\/v2\/media\/5209"}],"wp:attachment":[{"href":"https:\/\/antykilion.pl\/de\/wp-json\/wp\/v2\/media?parent=5208"}],"wp:term":[{"taxonomy":"product_cat","embeddable":true,"href":"https:\/\/antykilion.pl\/de\/wp-json\/wp\/v2\/product_cat?post=5208"},{"taxonomy":"product_tag","embeddable":true,"href":"https:\/\/antykilion.pl\/de\/wp-json\/wp\/v2\/product_tag?post=5208"}],"curies":[{"name":"wp","href":"https:\/\/api.w.org\/{rel}","templated":true}]}}