{"id":5436,"date":"2022-03-14T12:42:45","date_gmt":"2022-03-14T11:42:45","guid":{"rendered":"https:\/\/antykilion.pl\/?post_type=product&#038;p=5436"},"modified":"2026-04-08T14:10:34","modified_gmt":"2026-04-08T12:10:34","slug":"herbatka-w-saloniku-istvan-szasz-1878-1965-piekny-ogromny","status":"publish","type":"product","link":"https:\/\/antykilion.pl\/de\/product\/herbatka-w-saloniku-istvan-szasz-1878-1965-piekny-ogromny\/","title":{"rendered":"Herbatka w saloniku Istvan Szasz 1878-1965, pi\u0119kny ogromny"},"content":{"rendered":"","protected":false},"excerpt":{"rendered":"<p>Herbatka w saloniku Istvan Szasz 1878-1965, pi\u0119kny<\/p>\n<p>Istvan Szasz * (Kolozsvar 1878-1965 Budapeszt)<\/p>\n<p>Bardzo dekoracyjne malarstwo, do pi\u0119knego salonu<\/p>\n<p>Technik: \u00d6l auf Leinwand<\/p>\n<p>Stan: Bardzo dobry, rama bardzo dekoracyjna 2 minimalne ubytki nie widoczne przy ca\u0142o\u015bci<\/p>\n<p>Sygnatura:widoczna na zdj\u0119ciu trudna do odczytania<\/p>\n<p>Wymiary: p\u0142\u00f3tna oko\u0142o 124 cm na 104 cm + rama to oko\u0142o 155 cm\u00a0 na 134 cm<\/p>\n<p>Herkunft: Europa<\/p>\n<p>Do ka\u017cdego przedmiotu Galeria wystawia certyfikat.<\/p>","protected":false},"featured_media":10946,"comment_status":"closed","ping_status":"closed","template":"","meta":[],"product_cat":[41,39,40],"product_tag":[],"class_list":{"0":"post-5436","1":"product","2":"type-product","3":"status-publish","4":"has-post-thumbnail","6":"product_cat-malarstwo-dawne","7":"product_cat-dziela-sztuki","8":"product_cat-malarstwo","10":"entry","11":"has-media","13":"first","14":"instock","15":"taxable","16":"shipping-taxable","17":"purchasable","18":"product-type-simple","19":"has-product-nav","20":"col","21":"span_1_of_3","22":"owp-content-center","23":"owp-thumbs-layout-horizontal","24":"owp-btn-normal","25":"owp-tabs-layout-horizontal"},"aioseo_notices":[],"_links":{"self":[{"href":"https:\/\/antykilion.pl\/de\/wp-json\/wp\/v2\/product\/5436","targetHints":{"allow":["GET"]}}],"collection":[{"href":"https:\/\/antykilion.pl\/de\/wp-json\/wp\/v2\/product"}],"about":[{"href":"https:\/\/antykilion.pl\/de\/wp-json\/wp\/v2\/types\/product"}],"replies":[{"embeddable":true,"href":"https:\/\/antykilion.pl\/de\/wp-json\/wp\/v2\/comments?post=5436"}],"wp:featuredmedia":[{"embeddable":true,"href":"https:\/\/antykilion.pl\/de\/wp-json\/wp\/v2\/media\/10946"}],"wp:attachment":[{"href":"https:\/\/antykilion.pl\/de\/wp-json\/wp\/v2\/media?parent=5436"}],"wp:term":[{"taxonomy":"product_cat","embeddable":true,"href":"https:\/\/antykilion.pl\/de\/wp-json\/wp\/v2\/product_cat?post=5436"},{"taxonomy":"product_tag","embeddable":true,"href":"https:\/\/antykilion.pl\/de\/wp-json\/wp\/v2\/product_tag?post=5436"}],"curies":[{"name":"wp","href":"https:\/\/api.w.org\/{rel}","templated":true}]}}