{"id":5537,"date":"2022-04-21T10:24:18","date_gmt":"2022-04-21T08:24:18","guid":{"rendered":"https:\/\/antykilion.pl\/?post_type=product&#038;p=5537"},"modified":"2022-04-21T14:50:53","modified_gmt":"2022-04-21T12:50:53","slug":"francesco-zuccarelli-lowienie-na-przynete-akwaforta","status":"publish","type":"product","link":"https:\/\/antykilion.pl\/de\/product\/francesco-zuccarelli-lowienie-na-przynete-akwaforta\/","title":{"rendered":"Francesco Zuccarelli \u0142owienie na przyn\u0119t\u0119 akwaforta"},"content":{"rendered":"","protected":false},"excerpt":{"rendered":"<p>rancesco Zuccarelli \u0142owienie na przyn\u0119t\u0119 akwafort<\/p>\n<p>Temat: Krajobraz, \u0142owienie na przyn\u0119t\u0119<\/p>\n<p>na pierwszym planie m\u0142ody rybak, widziany od ty\u0142u, le\u017c\u0105cy na ziemi pod drzewem, rozmawiaj\u0105cy z m\u0119\u017cczyzn\u0105 po prawej przeprawiaj\u0105cym si\u0119 przez rzek\u0119 z kobiet\u0105 na koniu; po drugiej stronie rzeki spaceruj\u0105 dwie kobiety i m\u0119\u017cczyzna z krowami; miasteczko z wie\u017c\u0105 ko\u015bcieln\u0105 w tle;<\/p>\n<p>po Zuccarelli. 1762<\/p>\n<p>Trawienie z grawerem<\/p>\n<p>Nazwa producenta<\/p>\n<p>Nadruk wykona\u0142: Francesco Bartolozzi<\/p>\n<p>Po: Francesco Zuccarelli Wyda\u0142: Joseph (Giuseppe) Wagner<\/p>\n<p>Szko\u0142a \/ styl  W\u0142oski<\/p>\n<p>Data produkcji 1762<\/p>\n<p>Miejsce produkcji Opublikowano w: Wenecja (miasto) Europa: W\u0142ochy: Veneto: Wenecja (prowincja): Wenecja (miasto)<\/p>\n<p>Materia\u0142y papier<\/p>\n<p>Technika akwaforta rytownictwo<\/p>\n<p>Wymiary Wysoko\u015b\u0107: Wysoko\u015b\u0107: 49 cm Szeroko\u015b\u0107: Szeroko\u015b\u0107: 60 cm &#8211; wymiary z obramowaniem<\/p>\n<p>Napisy Rodzaj napisu: napis Tre\u015b\u0107 inskrypcji: Pod zdj\u0119ciem wypisanym z tytu\u0142em, nazwiska artyst\u00f3w: &#8220;F. Zuccarelli pin. In Domo I. Smith.&#8221;, &#8220;Bartolozzi inc: appo I. Wagner Vea. C.P.E.S.&#8221;, numer wydawniczy.<\/p>\n<p>tak\u0105 sam\u0105 grafik\u0119 mo\u017cemy r\u00f3wnie\u017c zobaczy\u0107 w British Muzeum<\/p>\n<p>\u00c4tzen, \u00c4tzen (italienisch: Acquaforte - starkes Wasser oder Salpeters\u00e4ure) - konkave Grafiktechnik, auch ein Druck, der mit dieser Technik erhalten wurde. Die \u00c4tztechnik wurde um die Wende vom 15. zum 16. Jahrhundert erfunden und im 16. Jahrhundert popul\u00e4r gemacht [1].<\/p>\n<p>Es besteht darin, eine Metalldruckplatte mit einer durch \u00c4tzen erhaltenen Zeichnung herzustellen. Eine Kupfer- oder Zinkplatte wird mit einem s\u00e4ureunl\u00f6slichen \u00c4tzlack bedeckt und anschlie\u00dfend mit einer Stahlnadel gezeichnet, die die Metalloberfl\u00e4che freigibt [2]. Durch Eintauchen der Platte in S\u00e4ure wird die tiefe Zeichnung auf der Platte ge\u00e4tzt. Um die Linien in den dunklen Teilen der Zeichnung zu vertiefen, wird dieser Vorgang mehrmals wiederholt. Nach dem endg\u00fcltigen \u00c4tzen und Entfernen des Lacks wird die Druckfarbe in die Platte gerieben, die nur in den ge\u00e4tzten Vertiefungen zur\u00fcckgehalten wird. Die in die ge\u00e4tzten Aussparungen der Platte gepresste Tinte wird unter Druck in einer Tiefdruckpresse auf das Papier \u00fcbertragen [3].<\/p>\n<p>Die Radierung wurde verwendet von: Albrecht D\u00fcrer, Rembrandt, Jacques Callot, Francisco Goya [4], Giovanni Battista Piranesi, James Abbott McNeill Whistler, Marc Chagall, Pablo Picasso, Taras Szewczenko, Daniel Chodowiecki, Jan Piotr Norblin, Micha\u0142 P\u0142o\u0144ski, Leon Mehoffer, J\u00f3zef Pankiewicz, Wojciech Weiss, Zbigniew Rabsztyn, J\u00f3zef Pieni\u0105\u017cek, Magdalena Gintowt-Juchniewicz, Cezary Paszkowski, Barbara Rosiak, Leszek R\u00f3zga, Barbara Nar\u0119bska-D\u0119bska, Tadeusz Micha\u0142 Sa. Chaim Goldberg<\/p>\n<p>Die erste Radierung stammt aus dem Jahr 1513 und ihr Sch\u00f6pfer ist der Schweizer Kupferstecher Urs Graf [5]. Als Ergebnis der Entwicklung dieser Technik im 18. Jahrhundert wurde eine Aquatinta erfunden, um die Spendenm\u00f6glichkeiten zu erweitern<\/p>","protected":false},"featured_media":5586,"comment_status":"closed","ping_status":"closed","template":"","meta":[],"product_cat":[41,39,40],"product_tag":[],"class_list":{"0":"post-5537","1":"product","2":"type-product","3":"status-publish","4":"has-post-thumbnail","6":"product_cat-malarstwo-dawne","7":"product_cat-dziela-sztuki","8":"product_cat-malarstwo","10":"entry","11":"has-media","13":"first","14":"instock","15":"taxable","16":"shipping-taxable","17":"purchasable","18":"product-type-simple","19":"has-product-nav","20":"col","21":"span_1_of_3","22":"owp-content-center","23":"owp-thumbs-layout-horizontal","24":"owp-btn-normal","25":"owp-tabs-layout-horizontal"},"aioseo_notices":[],"_links":{"self":[{"href":"https:\/\/antykilion.pl\/de\/wp-json\/wp\/v2\/product\/5537","targetHints":{"allow":["GET"]}}],"collection":[{"href":"https:\/\/antykilion.pl\/de\/wp-json\/wp\/v2\/product"}],"about":[{"href":"https:\/\/antykilion.pl\/de\/wp-json\/wp\/v2\/types\/product"}],"replies":[{"embeddable":true,"href":"https:\/\/antykilion.pl\/de\/wp-json\/wp\/v2\/comments?post=5537"}],"wp:featuredmedia":[{"embeddable":true,"href":"https:\/\/antykilion.pl\/de\/wp-json\/wp\/v2\/media\/5586"}],"wp:attachment":[{"href":"https:\/\/antykilion.pl\/de\/wp-json\/wp\/v2\/media?parent=5537"}],"wp:term":[{"taxonomy":"product_cat","embeddable":true,"href":"https:\/\/antykilion.pl\/de\/wp-json\/wp\/v2\/product_cat?post=5537"},{"taxonomy":"product_tag","embeddable":true,"href":"https:\/\/antykilion.pl\/de\/wp-json\/wp\/v2\/product_tag?post=5537"}],"curies":[{"name":"wp","href":"https:\/\/api.w.org\/{rel}","templated":true}]}}