{"id":5694,"date":"2022-05-22T16:57:48","date_gmt":"2022-05-22T14:57:48","guid":{"rendered":"https:\/\/antykilion.pl\/?post_type=product&#038;p=5694"},"modified":"2022-12-14T22:08:15","modified_gmt":"2022-12-14T21:08:15","slug":"francois-van-knibbergen-pejzaz-xviiw-monumentalny","status":"publish","type":"product","link":"https:\/\/antykilion.pl\/de\/product\/francois-van-knibbergen-pejzaz-xviiw-monumentalny\/","title":{"rendered":"Fran\u00e7ois van Knibbergen pejza\u017c XVIIw monumentalny"},"content":{"rendered":"","protected":false},"excerpt":{"rendered":"<p>Fran\u00e7ois van Knibbergen przypisywany, pejza\u017c XVII w monumentalny<\/p>\n<p>Arkadyjski pejza\u017c rzeczny w \u0142agodnym zmierzchu z pasterzami i byd\u0142em wracaj\u0105cym do domu u podn\u00f3\u017ca g\u00f3r skalistych z architektur\u0105<\/p>\n<p>Fran\u00e7ois van Knibbergen (1596, Haga \u2013 1674), by\u0142 holenderskim malarzem pejza\u017cowym Z\u0142otego Wieku. Biografia Wed\u0142ug Houbrakena bra\u0142 udzia\u0142 w konkursie malarskim z Janem van Goyenem i Janem Porcellisem[1]. Z trzech uko\u0144czonych obraz\u00f3w, ten namalowany przez Porcellisa uznano za najlepszy.[1] Wed\u0142ug RKD by\u0142 uczniem w Hadze Michiela van den Sande z Utrechtu, z kt\u00f3rym odby\u0142 podr\u00f3\u017c do Rzymu w 1614 r.[2] Powr\u00f3ci\u0142 do Utrechtu w 1615 r. i zosta\u0142 cz\u0142onkiem Confrerie Pictura w Hadze w 1629 r. [2] Jego c\u00f3rka Catharina r\u00f3wnie\u017c zosta\u0142a pejza\u017cystk\u0105.<\/p>\n<p>Technik: \u00d6l auf Leinwand<\/p>\n<p>Stan: bardzo dobry,widoczne sp\u0119kania i drobne podmalowania<\/p>\n<p>Sygnatura: Obraz nie podpisany prawdopodobnie\u00a0 Fran\u00e7ois van Knibbergen<\/p>\n<p>Wymiary: p\u0142\u00f3tna 103 cm na 133 cm<\/p>\n<p>Bardzo dobre malarstwo, bardzo dekoracyjne.<\/p>\n<p>Do ka\u017cdego przedmiotu Galeria wystawia certyfikat.<\/p>","protected":false},"featured_media":5695,"comment_status":"closed","ping_status":"closed","template":"","meta":[],"product_cat":[39,40],"product_tag":[],"class_list":{"0":"post-5694","1":"product","2":"type-product","3":"status-publish","4":"has-post-thumbnail","6":"product_cat-dziela-sztuki","7":"product_cat-malarstwo","9":"entry","10":"has-media","12":"first","13":"instock","14":"taxable","15":"shipping-taxable","16":"purchasable","17":"product-type-simple","18":"has-product-nav","19":"col","20":"span_1_of_3","21":"owp-content-center","22":"owp-thumbs-layout-horizontal","23":"owp-btn-normal","24":"owp-tabs-layout-horizontal"},"aioseo_notices":[],"_links":{"self":[{"href":"https:\/\/antykilion.pl\/de\/wp-json\/wp\/v2\/product\/5694","targetHints":{"allow":["GET"]}}],"collection":[{"href":"https:\/\/antykilion.pl\/de\/wp-json\/wp\/v2\/product"}],"about":[{"href":"https:\/\/antykilion.pl\/de\/wp-json\/wp\/v2\/types\/product"}],"replies":[{"embeddable":true,"href":"https:\/\/antykilion.pl\/de\/wp-json\/wp\/v2\/comments?post=5694"}],"wp:featuredmedia":[{"embeddable":true,"href":"https:\/\/antykilion.pl\/de\/wp-json\/wp\/v2\/media\/5695"}],"wp:attachment":[{"href":"https:\/\/antykilion.pl\/de\/wp-json\/wp\/v2\/media?parent=5694"}],"wp:term":[{"taxonomy":"product_cat","embeddable":true,"href":"https:\/\/antykilion.pl\/de\/wp-json\/wp\/v2\/product_cat?post=5694"},{"taxonomy":"product_tag","embeddable":true,"href":"https:\/\/antykilion.pl\/de\/wp-json\/wp\/v2\/product_tag?post=5694"}],"curies":[{"name":"wp","href":"https:\/\/api.w.org\/{rel}","templated":true}]}}