{"id":6192,"date":"2022-10-23T14:13:11","date_gmt":"2022-10-23T12:13:11","guid":{"rendered":"https:\/\/antykilion.pl\/?post_type=product&#038;p=6192"},"modified":"2022-12-14T22:04:19","modified_gmt":"2022-12-14T21:04:19","slug":"para-swiecznikow-jedno-plomiennych-srebro-2","status":"publish","type":"product","link":"https:\/\/antykilion.pl\/de\/product\/para-swiecznikow-jedno-plomiennych-srebro-2\/","title":{"rendered":"Naczynie w stylu Ludwika XV do podawania kremu, sosjerka XVIII w, Polska ?"},"content":{"rendered":"","protected":false},"excerpt":{"rendered":"<p>Naczynie w stylu Ludwika XV do podawania kremu, sosjerka XVIII w, Polska ?<\/p>\n<p>Przepi\u0119knie zdobiona w formie muszli, wewn\u0105trz z\u0142ocenia<\/p>\n<p>Niestety nie za wiele wiadomo na temat tej sosjerki. Wiadomo tylko, \u017ce pochodzenie z XVIII w i niezidentyfikowane punce GB EH oraz w\u0119\u017cyk probierczy<\/p>\n<p>Pochodzenie; Polska ?<\/p>\n<p>Srebro pr\u00f3by 812 ?<\/p>\n<p>Sehr guter Zustand<\/p>\n<p>Wymiary: wysoko\u015b\u0107 8,5 cm, szeroko\u015b\u0107 19 cm<\/p>\n<p>Waga: 196 gr<\/p>\n<p>Eksponat muzealny!!!<\/p>","protected":false},"featured_media":6193,"comment_status":"closed","ping_status":"closed","template":"","meta":[],"product_cat":[46],"product_tag":[],"class_list":{"0":"post-6192","1":"product","2":"type-product","3":"status-publish","4":"has-post-thumbnail","6":"product_cat-srebra-i-platery","8":"entry","9":"has-media","11":"first","12":"instock","13":"taxable","14":"shipping-taxable","15":"purchasable","16":"product-type-simple","17":"has-product-nav","18":"col","19":"span_1_of_3","20":"owp-content-center","21":"owp-thumbs-layout-horizontal","22":"owp-btn-normal","23":"owp-tabs-layout-horizontal"},"aioseo_notices":[],"_links":{"self":[{"href":"https:\/\/antykilion.pl\/de\/wp-json\/wp\/v2\/product\/6192","targetHints":{"allow":["GET"]}}],"collection":[{"href":"https:\/\/antykilion.pl\/de\/wp-json\/wp\/v2\/product"}],"about":[{"href":"https:\/\/antykilion.pl\/de\/wp-json\/wp\/v2\/types\/product"}],"replies":[{"embeddable":true,"href":"https:\/\/antykilion.pl\/de\/wp-json\/wp\/v2\/comments?post=6192"}],"wp:featuredmedia":[{"embeddable":true,"href":"https:\/\/antykilion.pl\/de\/wp-json\/wp\/v2\/media\/6193"}],"wp:attachment":[{"href":"https:\/\/antykilion.pl\/de\/wp-json\/wp\/v2\/media?parent=6192"}],"wp:term":[{"taxonomy":"product_cat","embeddable":true,"href":"https:\/\/antykilion.pl\/de\/wp-json\/wp\/v2\/product_cat?post=6192"},{"taxonomy":"product_tag","embeddable":true,"href":"https:\/\/antykilion.pl\/de\/wp-json\/wp\/v2\/product_tag?post=6192"}],"curies":[{"name":"wp","href":"https:\/\/api.w.org\/{rel}","templated":true}]}}