{"id":6223,"date":"2022-10-25T11:04:44","date_gmt":"2022-10-25T09:04:44","guid":{"rendered":"https:\/\/antykilion.pl\/?post_type=product&#038;p=6223"},"modified":"2022-10-25T11:04:44","modified_gmt":"2022-10-25T09:04:44","slug":"alexandre-defaux-monumentalny-pejzaz-z-podroznymi","status":"publish","type":"product","link":"https:\/\/antykilion.pl\/de\/product\/alexandre-defaux-monumentalny-pejzaz-z-podroznymi\/","title":{"rendered":"Alexandre Defaux monumentalny pejza\u017c z podr\u00f3\u017cnymi"},"content":{"rendered":"","protected":false},"excerpt":{"rendered":"<p>Alexandre Defaux monumentalny Pejza\u017c z podr\u00f3\u017cnymi 143 cm<\/p>\n<p>Technik: \u00d6l auf Leinwand<\/p>\n<p>Stan: bardzo dobry,<\/p>\n<p>Sygnowany A.\u00a0 Defaux<\/p>\n<p>Alexandre Defaux 1827-1900 Urodzony w Bercy Defaux by\u0142 uczniem Corota i zadebiutowa\u0142 w salonie w 1859 roku. Regularnie wystawia\u0142 na salonach paryskich a\u017c do \u015bmierci, a tak\u017ce w salonach w Rouen i Le Havre. Zdoby\u0142 z\u0142ote, srebrne i br\u0105zowe medale oraz zosta\u0142 odznaczony Legi\u0105 Honorow\u0105 w 1881 roku. Specjalizowa\u0142 si\u0119 w scenach z Normandii oraz kur i kogut\u00f3w. Jego prace mo\u017cna by\u0142o ogl\u0105da\u0107 w muzeach i galeriach w ca\u0142ej Francji.<\/p>\n<p>Wymiary: p\u0142\u00f3tna 90 x 141 cm.Wymiary ramy: 118 x 170 cm.<\/p>\n<p>Bardzo dobre malarstwo, bardzo dekoracyjne.<\/p>\n<p>Do ka\u017cdego przedmiotu Galeria wystawia certyfikat.<\/p>\n<p>Ceny jej obraz\u00f3w wyceniane s\u0105 na 200000 z\u0142 !!!<\/p>\n<p>Bardzo atrakcyjna cena<\/p>","protected":false},"featured_media":6224,"comment_status":"closed","ping_status":"closed","template":"","meta":[],"product_cat":[41,40],"product_tag":[],"class_list":{"0":"post-6223","1":"product","2":"type-product","3":"status-publish","4":"has-post-thumbnail","6":"product_cat-malarstwo-dawne","7":"product_cat-malarstwo","9":"entry","10":"has-media","12":"first","13":"instock","14":"taxable","15":"shipping-taxable","16":"purchasable","17":"product-type-simple","18":"has-product-nav","19":"col","20":"span_1_of_3","21":"owp-content-center","22":"owp-thumbs-layout-horizontal","23":"owp-btn-normal","24":"owp-tabs-layout-horizontal"},"aioseo_notices":[],"_links":{"self":[{"href":"https:\/\/antykilion.pl\/de\/wp-json\/wp\/v2\/product\/6223","targetHints":{"allow":["GET"]}}],"collection":[{"href":"https:\/\/antykilion.pl\/de\/wp-json\/wp\/v2\/product"}],"about":[{"href":"https:\/\/antykilion.pl\/de\/wp-json\/wp\/v2\/types\/product"}],"replies":[{"embeddable":true,"href":"https:\/\/antykilion.pl\/de\/wp-json\/wp\/v2\/comments?post=6223"}],"wp:featuredmedia":[{"embeddable":true,"href":"https:\/\/antykilion.pl\/de\/wp-json\/wp\/v2\/media\/6224"}],"wp:attachment":[{"href":"https:\/\/antykilion.pl\/de\/wp-json\/wp\/v2\/media?parent=6223"}],"wp:term":[{"taxonomy":"product_cat","embeddable":true,"href":"https:\/\/antykilion.pl\/de\/wp-json\/wp\/v2\/product_cat?post=6223"},{"taxonomy":"product_tag","embeddable":true,"href":"https:\/\/antykilion.pl\/de\/wp-json\/wp\/v2\/product_tag?post=6223"}],"curies":[{"name":"wp","href":"https:\/\/api.w.org\/{rel}","templated":true}]}}