{"id":6263,"date":"2022-10-26T12:44:23","date_gmt":"2022-10-26T10:44:23","guid":{"rendered":"https:\/\/antykilion.pl\/?post_type=product&#038;p=6263"},"modified":"2025-02-28T07:24:33","modified_gmt":"2025-02-28T06:24:33","slug":"rudolf-priebe-kutry-przy-brzegu-piekny-2","status":"publish","type":"product","link":"https:\/\/antykilion.pl\/de\/product\/rudolf-priebe-kutry-przy-brzegu-piekny-2\/","title":{"rendered":"RUDOLF PRIEBE Kutry przy brzegu pi\u0119kny"},"content":{"rendered":"","protected":false},"excerpt":{"rendered":"<p>RUDOLF PRIEBE Kutry przy brzegu pi\u0119kny<\/p>\n<p>Autor: Priebe Rudolf (1889 \u2013 1956)<\/p>\n<p>Rozmiar obrazu: 58,5 x 79,5 cm.<\/p>\n<p>Wymiary ramy: 73 x 95 x 4,5 cm.<\/p>\n<p>Technik: \u00d6l, Leinwand<\/p>\n<p>Unterschrift auf dem Foto sichtbar. pd: Priebe<\/p>\n<p>Sehr guter Zustand.<\/p>\n<p>Unten finden Sie Informationen zum K\u00fcnstler.<\/p>\n<p>Rudolf Priebe (Szulakowo im ehemaligen Gouvernement Kiew 1889 - Rudolfstadt 1956) - deutscher Marine- und Portr\u00e4tmaler - begann sein Malstudium an der Kunstschule in Breslau bei den Professoren Arnold Busch und Eduard Kaempffer. Anschlie\u00dfend studierte er an der Akademie der bildenden K\u00fcnste in M\u00fcnchen bei Ludwig Herterich. Er lebte und arbeitete in Hamburg.<\/p>","protected":false},"featured_media":6264,"comment_status":"closed","ping_status":"closed","template":"","meta":[],"product_cat":[41,39,40],"product_tag":[],"class_list":{"0":"post-6263","1":"product","2":"type-product","3":"status-publish","4":"has-post-thumbnail","6":"product_cat-malarstwo-dawne","7":"product_cat-dziela-sztuki","8":"product_cat-malarstwo","10":"entry","11":"has-media","13":"first","14":"instock","15":"taxable","16":"shipping-taxable","17":"purchasable","18":"product-type-simple","19":"has-product-nav","20":"col","21":"span_1_of_3","22":"owp-content-center","23":"owp-thumbs-layout-horizontal","24":"owp-btn-normal","25":"owp-tabs-layout-horizontal"},"aioseo_notices":[],"_links":{"self":[{"href":"https:\/\/antykilion.pl\/de\/wp-json\/wp\/v2\/product\/6263","targetHints":{"allow":["GET"]}}],"collection":[{"href":"https:\/\/antykilion.pl\/de\/wp-json\/wp\/v2\/product"}],"about":[{"href":"https:\/\/antykilion.pl\/de\/wp-json\/wp\/v2\/types\/product"}],"replies":[{"embeddable":true,"href":"https:\/\/antykilion.pl\/de\/wp-json\/wp\/v2\/comments?post=6263"}],"wp:featuredmedia":[{"embeddable":true,"href":"https:\/\/antykilion.pl\/de\/wp-json\/wp\/v2\/media\/6264"}],"wp:attachment":[{"href":"https:\/\/antykilion.pl\/de\/wp-json\/wp\/v2\/media?parent=6263"}],"wp:term":[{"taxonomy":"product_cat","embeddable":true,"href":"https:\/\/antykilion.pl\/de\/wp-json\/wp\/v2\/product_cat?post=6263"},{"taxonomy":"product_tag","embeddable":true,"href":"https:\/\/antykilion.pl\/de\/wp-json\/wp\/v2\/product_tag?post=6263"}],"curies":[{"name":"wp","href":"https:\/\/api.w.org\/{rel}","templated":true}]}}