{"id":6329,"date":"2022-11-18T17:05:34","date_gmt":"2022-11-18T16:05:34","guid":{"rendered":"https:\/\/antykilion.pl\/?post_type=product&#038;p=6329"},"modified":"2023-12-20T20:18:17","modified_gmt":"2023-12-20T19:18:17","slug":"6329","status":"publish","type":"product","link":"https:\/\/antykilion.pl\/de\/product\/6329\/","title":{"rendered":"L\u00e9on Noireaut Pary\u017c, \u017c\u00f3\u0142te chryzantemy w wazonie"},"content":{"rendered":"","protected":false},"excerpt":{"rendered":"<p>L\u00e9on Noireaut Pary\u017c, \u017c\u00f3\u0142te chryzantemy w wazonie<\/p>\n<p>Francuski malarz aukcyjny<\/p>\n<p>Pi\u0119kny !!!<\/p>\n<p>Autor: NOIREAUT, L\u00e9on ( Pary\u017c 1890 &#8211; 1960)<\/p>\n<p>Wymiar z ram\u0105 :91 cm na 114 cm<\/p>\n<p>Technika: olej deska<\/p>\n<p>Sehr guter Zustand.<\/p>\n<p>Obraz bardzo dekoracyjny, bardzo atrakcyjna cena!<\/p>\n<p>Do ka\u017cdego przedmiotu Galeria wystawia certyfikat.<\/p>","protected":false},"featured_media":6330,"comment_status":"closed","ping_status":"closed","template":"","meta":[],"product_cat":[41,39,40],"product_tag":[],"class_list":{"0":"post-6329","1":"product","2":"type-product","3":"status-publish","4":"has-post-thumbnail","6":"product_cat-malarstwo-dawne","7":"product_cat-dziela-sztuki","8":"product_cat-malarstwo","10":"entry","11":"has-media","13":"first","14":"instock","15":"taxable","16":"shipping-taxable","17":"purchasable","18":"product-type-simple","19":"has-product-nav","20":"col","21":"span_1_of_3","22":"owp-content-center","23":"owp-thumbs-layout-horizontal","24":"owp-btn-normal","25":"owp-tabs-layout-horizontal"},"aioseo_notices":[],"_links":{"self":[{"href":"https:\/\/antykilion.pl\/de\/wp-json\/wp\/v2\/product\/6329","targetHints":{"allow":["GET"]}}],"collection":[{"href":"https:\/\/antykilion.pl\/de\/wp-json\/wp\/v2\/product"}],"about":[{"href":"https:\/\/antykilion.pl\/de\/wp-json\/wp\/v2\/types\/product"}],"replies":[{"embeddable":true,"href":"https:\/\/antykilion.pl\/de\/wp-json\/wp\/v2\/comments?post=6329"}],"wp:featuredmedia":[{"embeddable":true,"href":"https:\/\/antykilion.pl\/de\/wp-json\/wp\/v2\/media\/6330"}],"wp:attachment":[{"href":"https:\/\/antykilion.pl\/de\/wp-json\/wp\/v2\/media?parent=6329"}],"wp:term":[{"taxonomy":"product_cat","embeddable":true,"href":"https:\/\/antykilion.pl\/de\/wp-json\/wp\/v2\/product_cat?post=6329"},{"taxonomy":"product_tag","embeddable":true,"href":"https:\/\/antykilion.pl\/de\/wp-json\/wp\/v2\/product_tag?post=6329"}],"curies":[{"name":"wp","href":"https:\/\/api.w.org\/{rel}","templated":true}]}}