{"id":6337,"date":"2022-12-07T09:35:02","date_gmt":"2022-12-07T08:35:02","guid":{"rendered":"https:\/\/antykilion.pl\/?post_type=product&#038;p=6337"},"modified":"2026-03-14T12:41:06","modified_gmt":"2026-03-14T11:41:06","slug":"muzealna-sofa-biedermeier-xix-w-okolo-1810-30-obledna","status":"publish","type":"product","link":"https:\/\/antykilion.pl\/de\/product\/muzealna-sofa-biedermeier-xix-w-okolo-1810-30-obledna\/","title":{"rendered":"Muzealna Sofa biedermeier XIX w, oko\u0142o 1810\/30 ob\u0142\u0119dna !!!"},"content":{"rendered":"","protected":false},"excerpt":{"rendered":"<p>Muzealna Sofa biedermeier XIX w, oko\u0142o 1810\/30 ob\u0142\u0119dna !!!<br \/>\nw ca\u0142o\u015bci tapicerowana, o falistym oparciu, wywini\u0119tych na zewn\u0105trz bokach, wsparta na deskowych nogach w formie platformy zdobiona bogato li\u015b\u0107mi akantu. Frontowe lica bok\u00f3w dekorowane rze\u017abionymi, esowato wygi\u0119tymi ptakami, a po\u015brodku olbrzymie rozety. Ramiak oparcia i siedziska dodatkowo \u017cy\u0142kowany.<br \/>\nZ ca\u0142\u0105 pewno\u015bci\u0105 eksponat muzealny.<br \/>\nStan: bardzo dobry orginalny oczywi\u015bcie \u015blady u\u017cytkowania mog\u0105 by\u0107 widoczne w formie rysek lub minimalnych uszczerbk\u00f3w, tapicerka wymieniona  na pi\u0119kn\u0105 satynow\u0105 wygl\u0105da ob\u0142\u0119dnie<br \/>\nPochodzenie; Polska, Niemcy, Austria ?, na plecach zachowany urywek nalepki tranzytowej b\u0105d\u017a producenta !!! z epoki XIX w, oko\u0142o 1810\/30 r.<br \/>\nMateria\u0142: Maho\u0144 piramidalny<br \/>\nWymiary: Ca.  wysoko\u015b\u0107 103 cm  D\u0142ugo\u015b\u0107 225 cm, g\u0142\u0119boko\u015b\u0107 75 cm, wysoko\u015b\u0107 siedziska oko\u0142o 40 cm <\/p>","protected":false},"featured_media":6343,"comment_status":"closed","ping_status":"closed","template":"","meta":[],"product_cat":[17,32],"product_tag":[],"class_list":{"0":"post-6337","1":"product","2":"type-product","3":"status-publish","4":"has-post-thumbnail","6":"product_cat-meble","7":"product_cat-sofy","9":"entry","10":"has-media","12":"first","13":"instock","14":"taxable","15":"shipping-taxable","16":"purchasable","17":"product-type-simple","18":"has-product-nav","19":"col","20":"span_1_of_3","21":"owp-content-center","22":"owp-thumbs-layout-horizontal","23":"owp-btn-normal","24":"owp-tabs-layout-horizontal"},"aioseo_notices":[],"_links":{"self":[{"href":"https:\/\/antykilion.pl\/de\/wp-json\/wp\/v2\/product\/6337","targetHints":{"allow":["GET"]}}],"collection":[{"href":"https:\/\/antykilion.pl\/de\/wp-json\/wp\/v2\/product"}],"about":[{"href":"https:\/\/antykilion.pl\/de\/wp-json\/wp\/v2\/types\/product"}],"replies":[{"embeddable":true,"href":"https:\/\/antykilion.pl\/de\/wp-json\/wp\/v2\/comments?post=6337"}],"wp:featuredmedia":[{"embeddable":true,"href":"https:\/\/antykilion.pl\/de\/wp-json\/wp\/v2\/media\/6343"}],"wp:attachment":[{"href":"https:\/\/antykilion.pl\/de\/wp-json\/wp\/v2\/media?parent=6337"}],"wp:term":[{"taxonomy":"product_cat","embeddable":true,"href":"https:\/\/antykilion.pl\/de\/wp-json\/wp\/v2\/product_cat?post=6337"},{"taxonomy":"product_tag","embeddable":true,"href":"https:\/\/antykilion.pl\/de\/wp-json\/wp\/v2\/product_tag?post=6337"}],"curies":[{"name":"wp","href":"https:\/\/api.w.org\/{rel}","templated":true}]}}