{"id":6359,"date":"2022-12-07T12:36:37","date_gmt":"2022-12-07T11:36:37","guid":{"rendered":"https:\/\/antykilion.pl\/?post_type=product&#038;p=6359"},"modified":"2024-07-01T21:43:49","modified_gmt":"2024-07-01T19:43:49","slug":"stolik-pomocniczy-klasycystyczny-xix-w-datowany-1816-r-obledny","status":"publish","type":"product","link":"https:\/\/antykilion.pl\/de\/product\/stolik-pomocniczy-klasycystyczny-xix-w-datowany-1816-r-obledny\/","title":{"rendered":"Stolik pomocniczy klasycystyczny XIX w, datowany 1816 r ob\u0142\u0119dny!"},"content":{"rendered":"","protected":false},"excerpt":{"rendered":"<p>Stolik pomocniczy klasycystyczny XIX w, datowany 1816 r ob\u0142\u0119dny!<br \/>\n Stolik o prostok\u0105tny oskrzynieniu z otwieranym blatem  wsparty na czterech graniastych, zbie\u017cnych n\u00f3\u017ckach, fornirowany, intarsjowany. Blat uj\u0119ty na obrze\u017cu wst\u0119g\u0105 tworz\u0105c\u0105 prostok\u0105tne pole, z meandrami w naro\u017cach i o\u015bmiop\u0142atkow\u0105 koniczyn\u0105 oraz szachownic\u0105 po\u015brodku. Wewn\u0105trz oskrzynienia szufladki na przybory do rob\u00f3tek r\u0119cznych.<br \/>\nMebel o klasycystycznej formie i dekoracji typowej dla naszego kraju.<br \/>\nPochodzenie: Polska pocz\u0105tek XIX  a dok\u0142adnie 1816 r<br \/>\nMateria\u0142: maho\u0144 oraz r\u00f3\u017cne gatunki drzewa, ko\u015b\u0107 s\u0142oniowa<br \/>\nSehr guter Zustand<br \/>\nWymiary: Wysoko\u015b\u0107 76 cm, szeroko\u015b\u0107 60 cm, g\u0142\u0119boko\u015b\u0107 38 cm <\/p>","protected":false},"featured_media":6360,"comment_status":"closed","ping_status":"closed","template":"","meta":[],"product_cat":[17,33],"product_tag":[],"class_list":{"0":"post-6359","1":"product","2":"type-product","3":"status-publish","4":"has-post-thumbnail","6":"product_cat-meble","7":"product_cat-stoly-stoliki","9":"entry","10":"has-media","12":"first","13":"instock","14":"taxable","15":"shipping-taxable","16":"purchasable","17":"product-type-simple","18":"has-product-nav","19":"col","20":"span_1_of_3","21":"owp-content-center","22":"owp-thumbs-layout-horizontal","23":"owp-btn-normal","24":"owp-tabs-layout-horizontal"},"aioseo_notices":[],"_links":{"self":[{"href":"https:\/\/antykilion.pl\/de\/wp-json\/wp\/v2\/product\/6359","targetHints":{"allow":["GET"]}}],"collection":[{"href":"https:\/\/antykilion.pl\/de\/wp-json\/wp\/v2\/product"}],"about":[{"href":"https:\/\/antykilion.pl\/de\/wp-json\/wp\/v2\/types\/product"}],"replies":[{"embeddable":true,"href":"https:\/\/antykilion.pl\/de\/wp-json\/wp\/v2\/comments?post=6359"}],"wp:featuredmedia":[{"embeddable":true,"href":"https:\/\/antykilion.pl\/de\/wp-json\/wp\/v2\/media\/6360"}],"wp:attachment":[{"href":"https:\/\/antykilion.pl\/de\/wp-json\/wp\/v2\/media?parent=6359"}],"wp:term":[{"taxonomy":"product_cat","embeddable":true,"href":"https:\/\/antykilion.pl\/de\/wp-json\/wp\/v2\/product_cat?post=6359"},{"taxonomy":"product_tag","embeddable":true,"href":"https:\/\/antykilion.pl\/de\/wp-json\/wp\/v2\/product_tag?post=6359"}],"curies":[{"name":"wp","href":"https:\/\/api.w.org\/{rel}","templated":true}]}}