{"id":6413,"date":"2022-12-13T07:51:09","date_gmt":"2022-12-13T06:51:09","guid":{"rendered":"https:\/\/antykilion.pl\/?post_type=product&#038;p=6413"},"modified":"2024-01-06T20:01:21","modified_gmt":"2024-01-06T19:01:21","slug":"stol-biedermeier-rozkladany-xix-w-okolo-1830-r","status":"publish","type":"product","link":"https:\/\/antykilion.pl\/de\/product\/stol-biedermeier-rozkladany-xix-w-okolo-1830-r\/","title":{"rendered":"St\u00f3\u0142 biedermeier rozk\u0142adany XIX w oko\u0142o 1830 r"},"content":{"rendered":"","protected":false},"excerpt":{"rendered":"<p>St\u00f3\u0142 biedermeier rozk\u0142adany XIX w oko\u0142o 1830 r<\/p>\n<p>St\u00f3\u0142 o formie wywodz\u0105cej si\u0119 z biedermeieru z okr\u0105g\u0142ym blatem, wsparty na o\u015bmiobocznym trzonie w formie wazy, rozwidlonym w esowaty, graniasty tr\u00f3jn\u00f3g;<\/p>\n<p>Blat posiada 3 dodatkowe wk\u0142ady wyko\u0144czone politur\u0105 !!!<\/p>\n<p>Stan: dobry, widoczne \u015blady u\u017cytkowania, kto\u015b kiedy\u015b chyba od\u015bwie\u017ca\u0142 st\u00f3\u0142, og\u00f3lnie z ca\u0142\u0105 pewno\u015bci\u0105 do wstawienia i u\u017cytkowania<\/p>\n<p>Material: Mahagoni<\/p>\n<p>Pochodzenie: Polska lub Niemcy<\/p>\n<p>Wymiary: \u015arednica blatu 118 cm + 3 wk\u0142ady po 53 cm razem 277 cm, wysoko\u015b\u0107 74 cm<\/p>\n<p>Beautiful !!!<\/p>","protected":false},"featured_media":6414,"comment_status":"closed","ping_status":"closed","template":"","meta":[],"product_cat":[17,33],"product_tag":[],"class_list":{"0":"post-6413","1":"product","2":"type-product","3":"status-publish","4":"has-post-thumbnail","6":"product_cat-meble","7":"product_cat-stoly-stoliki","9":"entry","10":"has-media","12":"first","13":"instock","14":"taxable","15":"shipping-taxable","16":"purchasable","17":"product-type-simple","18":"has-product-nav","19":"col","20":"span_1_of_3","21":"owp-content-center","22":"owp-thumbs-layout-horizontal","23":"owp-btn-normal","24":"owp-tabs-layout-horizontal"},"aioseo_notices":[],"_links":{"self":[{"href":"https:\/\/antykilion.pl\/de\/wp-json\/wp\/v2\/product\/6413","targetHints":{"allow":["GET"]}}],"collection":[{"href":"https:\/\/antykilion.pl\/de\/wp-json\/wp\/v2\/product"}],"about":[{"href":"https:\/\/antykilion.pl\/de\/wp-json\/wp\/v2\/types\/product"}],"replies":[{"embeddable":true,"href":"https:\/\/antykilion.pl\/de\/wp-json\/wp\/v2\/comments?post=6413"}],"wp:featuredmedia":[{"embeddable":true,"href":"https:\/\/antykilion.pl\/de\/wp-json\/wp\/v2\/media\/6414"}],"wp:attachment":[{"href":"https:\/\/antykilion.pl\/de\/wp-json\/wp\/v2\/media?parent=6413"}],"wp:term":[{"taxonomy":"product_cat","embeddable":true,"href":"https:\/\/antykilion.pl\/de\/wp-json\/wp\/v2\/product_cat?post=6413"},{"taxonomy":"product_tag","embeddable":true,"href":"https:\/\/antykilion.pl\/de\/wp-json\/wp\/v2\/product_tag?post=6413"}],"curies":[{"name":"wp","href":"https:\/\/api.w.org\/{rel}","templated":true}]}}