{"id":6444,"date":"2022-12-15T16:01:42","date_gmt":"2022-12-15T15:01:42","guid":{"rendered":"https:\/\/antykilion.pl\/?post_type=product&#038;p=6444"},"modified":"2022-12-15T16:06:21","modified_gmt":"2022-12-15T15:06:21","slug":"zegar-gustav-becker-orginal-133-cm-medalist","status":"publish","type":"product","link":"https:\/\/antykilion.pl\/de\/product\/zegar-gustav-becker-orginal-133-cm-medalist\/","title":{"rendered":"ZEGAR Gustav Becker orgina\u0142 !!! 133 cm!!! medalist"},"content":{"rendered":"","protected":false},"excerpt":{"rendered":"<p>Przepi\u0119kna rze\u017abiona obudowa i jeszcze pi\u0119kniejszy mechanizm sygnowany i numerowany !!!<\/p>\n<p>Dodatkowo wybity br\u0105zowy medal !!!<\/p>\n<p>PI\u0118KNY MODEL !!!<\/p>\n<p>Wymiary:\u00a0 wysoko\u015b\u0107 133 cm, szeroko\u015b\u0107 45 cm, g\u0142\u0119boko\u015b\u0107 19 cm<\/p>\n<p>Material: Walnuss<\/p>\n<p>Rewelacyjny stan !!!<\/p>","protected":false},"featured_media":6445,"comment_status":"closed","ping_status":"closed","template":"","meta":[],"product_cat":[53,51],"product_tag":[],"class_list":{"0":"post-6444","1":"product","2":"type-product","3":"status-publish","4":"has-post-thumbnail","6":"product_cat-zegary-wiszace","7":"product_cat-zegary","9":"entry","10":"has-media","12":"first","13":"instock","14":"taxable","15":"shipping-taxable","16":"purchasable","17":"product-type-simple","18":"has-product-nav","19":"col","20":"span_1_of_3","21":"owp-content-center","22":"owp-thumbs-layout-horizontal","23":"owp-btn-normal","24":"owp-tabs-layout-horizontal"},"aioseo_notices":[],"_links":{"self":[{"href":"https:\/\/antykilion.pl\/de\/wp-json\/wp\/v2\/product\/6444","targetHints":{"allow":["GET"]}}],"collection":[{"href":"https:\/\/antykilion.pl\/de\/wp-json\/wp\/v2\/product"}],"about":[{"href":"https:\/\/antykilion.pl\/de\/wp-json\/wp\/v2\/types\/product"}],"replies":[{"embeddable":true,"href":"https:\/\/antykilion.pl\/de\/wp-json\/wp\/v2\/comments?post=6444"}],"wp:featuredmedia":[{"embeddable":true,"href":"https:\/\/antykilion.pl\/de\/wp-json\/wp\/v2\/media\/6445"}],"wp:attachment":[{"href":"https:\/\/antykilion.pl\/de\/wp-json\/wp\/v2\/media?parent=6444"}],"wp:term":[{"taxonomy":"product_cat","embeddable":true,"href":"https:\/\/antykilion.pl\/de\/wp-json\/wp\/v2\/product_cat?post=6444"},{"taxonomy":"product_tag","embeddable":true,"href":"https:\/\/antykilion.pl\/de\/wp-json\/wp\/v2\/product_tag?post=6444"}],"curies":[{"name":"wp","href":"https:\/\/api.w.org\/{rel}","templated":true}]}}