{"id":6456,"date":"2022-12-17T17:26:39","date_gmt":"2022-12-17T16:26:39","guid":{"rendered":"https:\/\/antykilion.pl\/?post_type=product&#038;p=6456"},"modified":"2022-12-17T17:26:40","modified_gmt":"2022-12-17T16:26:40","slug":"para-dekoracyjnych-dzbanow-z-puttami-xix-w-okolo-1850-r-sygnowane","status":"publish","type":"product","link":"https:\/\/antykilion.pl\/de\/product\/para-dekoracyjnych-dzbanow-z-puttami-xix-w-okolo-1850-r-sygnowane\/","title":{"rendered":"Para dekoracyjnych dzban\u00f3w z puttami XIX w, oko\u0142o 1850 r Sygnowane !!!"},"content":{"rendered":"","protected":false},"excerpt":{"rendered":"<p>Para dekoracyjnych dzban\u00f3w obfito\u015bci XIX w, oko\u0142o 1850 r<\/p>\n<p>Z podniesionym uchwytem na kt\u00f3rego zwie\u0144czeniu siedzi Putto obfito\u015bci trzymaj\u0105ce w jednej r\u0119ce ki\u015b\u0107 winogron w drugiej puchar do wina, powierzchnia bogato dekorowana ornamentem i figurami: postawa w formie trzech tryton\u00f3w, na brzu\u015bcu bawi\u0105ce si\u0119 putta. Koliste stopy na o\u015bmiobocznych plintach. Brzuchate korpusy posadowione w koszykach z lancetowatych li\u015bci; w po\u0142owie brzu\u015bc\u00f3w szeroki pas patynowanych aplikacji.\u00a0 Wylewy w formie wyd\u0142u\u017conych dziobk\u00f3w, z na\u0142o\u017conymi od spodu winogronami.<\/p>\n<p>Materia\u0142: Br\u0105z z\u0142ocony i patynowany<\/p>\n<p>Stan: orginalny bardzo dobry,<\/p>\n<p>Pochodzenie:Francja\u00a0 sygnowane T.C oraz sygnatura odlewni nieczytelna w owalu !!!!<\/p>\n<p>Wymiary: 58 cm wysoko\u015b\u0107<\/p>\n<p>Przepi\u0119kne!!!<\/p>\n<p>Polecam bardzo dobra cena.<\/p>","protected":false},"featured_media":6457,"comment_status":"closed","ping_status":"closed","template":"","meta":[],"product_cat":[44,39,43,55],"product_tag":[],"class_list":{"0":"post-6456","1":"product","2":"type-product","3":"status-publish","4":"has-post-thumbnail","6":"product_cat-rzezba-dawna","7":"product_cat-dziela-sztuki","8":"product_cat-rzezba","9":"product_cat-varia","11":"entry","12":"has-media","14":"first","15":"instock","16":"taxable","17":"shipping-taxable","18":"purchasable","19":"product-type-simple","20":"has-product-nav","21":"col","22":"span_1_of_3","23":"owp-content-center","24":"owp-thumbs-layout-horizontal","25":"owp-btn-normal","26":"owp-tabs-layout-horizontal"},"aioseo_notices":[],"_links":{"self":[{"href":"https:\/\/antykilion.pl\/de\/wp-json\/wp\/v2\/product\/6456","targetHints":{"allow":["GET"]}}],"collection":[{"href":"https:\/\/antykilion.pl\/de\/wp-json\/wp\/v2\/product"}],"about":[{"href":"https:\/\/antykilion.pl\/de\/wp-json\/wp\/v2\/types\/product"}],"replies":[{"embeddable":true,"href":"https:\/\/antykilion.pl\/de\/wp-json\/wp\/v2\/comments?post=6456"}],"wp:featuredmedia":[{"embeddable":true,"href":"https:\/\/antykilion.pl\/de\/wp-json\/wp\/v2\/media\/6457"}],"wp:attachment":[{"href":"https:\/\/antykilion.pl\/de\/wp-json\/wp\/v2\/media?parent=6456"}],"wp:term":[{"taxonomy":"product_cat","embeddable":true,"href":"https:\/\/antykilion.pl\/de\/wp-json\/wp\/v2\/product_cat?post=6456"},{"taxonomy":"product_tag","embeddable":true,"href":"https:\/\/antykilion.pl\/de\/wp-json\/wp\/v2\/product_tag?post=6456"}],"curies":[{"name":"wp","href":"https:\/\/api.w.org\/{rel}","templated":true}]}}