{"id":6888,"date":"2023-04-25T09:16:59","date_gmt":"2023-04-25T07:16:59","guid":{"rendered":"https:\/\/antykilion.pl\/?post_type=product&#038;p=6888"},"modified":"2023-10-26T07:46:12","modified_gmt":"2023-10-26T05:46:12","slug":"zimowy-wieczor-wiktor-korecki-orginal","status":"publish","type":"product","link":"https:\/\/antykilion.pl\/de\/product\/zimowy-wieczor-wiktor-korecki-orginal\/","title":{"rendered":"Zimowy wiecz\u00f3r, Wiktor Korecki Orgina\u0142 !"},"content":{"rendered":"","protected":false},"excerpt":{"rendered":"<p>Galerie Antiquit\u00e4ten und L\u00f6wenkunst<\/p>\n<p>Zimowy wiecz\u00f3r, Wiktor Korecki Orgina\u0142 !<\/p>\n<p>Technik: \u00d6l auf Leinwand<\/p>\n<p>Zustand: sehr gut<\/p>\n<p>Unterschrift: auf dem Foto sichtbar<\/p>\n<p>Wymiary: p\u0142\u00f3tna 60 x 90 cm + rama<\/p>\n<p>Unten finden Sie Informationen zum K\u00fcnstler.<\/p>\n<p>Er studierte an der NI Muraszki Drawing School in Kiew. 1921 zog er nach Warschau, wo er ein Atelier er\u00f6ffnete, das w\u00e4hrend des Warschauer Aufstands niedergebrannt war, und damit viele seiner Werke. Er hat seine Werke mehrfach auf Ausstellungen in der Gesellschaft zur F\u00f6rderung der sch\u00f6nen K\u00fcnste pr\u00e4sentiert. Er kehrte 1946 nach Polen zur\u00fcck und lie\u00df sich in der N\u00e4he von Warschau nieder, zuerst in Komor\u00f3w, dann in Milan\u00f3wek. Seine Arbeit wurde von den Gem\u00e4lden von Che\u0142mo\u0144ski und Rapacki beeinflusst. Der K\u00fcnstler schuf haupts\u00e4chlich masovianische Landschaften - Sonnenunterg\u00e4nge, Wiesen, neblige Backwaters, D\u00f6rfer oder Winterlandschaften mit dem Motiv einer Forststra\u00dfe und eines Baches, der sich zwischen den Schnee schl\u00e4ngelt.<\/p>\n<p>Do ka\u017cdego przedmiotu Galeria wystawia certyfikat.<\/p>","protected":false},"featured_media":6889,"comment_status":"closed","ping_status":"closed","template":"","meta":[],"product_cat":[41,39,40],"product_tag":[],"class_list":{"0":"post-6888","1":"product","2":"type-product","3":"status-publish","4":"has-post-thumbnail","6":"product_cat-malarstwo-dawne","7":"product_cat-dziela-sztuki","8":"product_cat-malarstwo","10":"entry","11":"has-media","13":"first","14":"instock","15":"taxable","16":"shipping-taxable","17":"purchasable","18":"product-type-simple","19":"has-product-nav","20":"col","21":"span_1_of_3","22":"owp-content-center","23":"owp-thumbs-layout-horizontal","24":"owp-btn-normal","25":"owp-tabs-layout-horizontal"},"aioseo_notices":[],"_links":{"self":[{"href":"https:\/\/antykilion.pl\/de\/wp-json\/wp\/v2\/product\/6888","targetHints":{"allow":["GET"]}}],"collection":[{"href":"https:\/\/antykilion.pl\/de\/wp-json\/wp\/v2\/product"}],"about":[{"href":"https:\/\/antykilion.pl\/de\/wp-json\/wp\/v2\/types\/product"}],"replies":[{"embeddable":true,"href":"https:\/\/antykilion.pl\/de\/wp-json\/wp\/v2\/comments?post=6888"}],"wp:featuredmedia":[{"embeddable":true,"href":"https:\/\/antykilion.pl\/de\/wp-json\/wp\/v2\/media\/6889"}],"wp:attachment":[{"href":"https:\/\/antykilion.pl\/de\/wp-json\/wp\/v2\/media?parent=6888"}],"wp:term":[{"taxonomy":"product_cat","embeddable":true,"href":"https:\/\/antykilion.pl\/de\/wp-json\/wp\/v2\/product_cat?post=6888"},{"taxonomy":"product_tag","embeddable":true,"href":"https:\/\/antykilion.pl\/de\/wp-json\/wp\/v2\/product_tag?post=6888"}],"curies":[{"name":"wp","href":"https:\/\/api.w.org\/{rel}","templated":true}]}}