{"id":6896,"date":"2023-04-27T06:29:27","date_gmt":"2023-04-27T04:29:27","guid":{"rendered":"https:\/\/antykilion.pl\/?post_type=product&#038;p=6896"},"modified":"2023-04-27T06:29:27","modified_gmt":"2023-04-27T04:29:27","slug":"chryzantemy-w-wazonie-eugene-bertrand-belgian-1858-1934-piekne-malarstwo","status":"publish","type":"product","link":"https:\/\/antykilion.pl\/de\/product\/chryzantemy-w-wazonie-eugene-bertrand-belgian-1858-1934-piekne-malarstwo\/","title":{"rendered":"Chryzantemy w wazonie,  Eugene Bertrand (Belgian, 1858\u20131934), Pi\u0119kne malarstwo !!!"},"content":{"rendered":"","protected":false},"excerpt":{"rendered":"<p>Chryzantemy w wazonie, Pi\u0119kne malarstwo!!!<br \/>\nEugene Bertrand<br \/>\n(Belgian, 1858\u20131934)<\/p>\n<p>Technika: olej na p\u0142\u00f3tnie, dubla\u017c<\/p>\n<p>Stan: bardzo dobry,<\/p>\n<p>Unterschrift: auf dem Foto sichtbar<\/p>\n<p>Wymiary: p\u0142\u00f3tna  63 cm na 51 cm + rama<\/p>\n<p>Do ka\u017cdego przedmiotu Galeria wystawia certyfikat.<\/p>","protected":false},"featured_media":6897,"comment_status":"closed","ping_status":"closed","template":"","meta":[],"product_cat":[41,39,40],"product_tag":[],"class_list":{"0":"post-6896","1":"product","2":"type-product","3":"status-publish","4":"has-post-thumbnail","6":"product_cat-malarstwo-dawne","7":"product_cat-dziela-sztuki","8":"product_cat-malarstwo","10":"entry","11":"has-media","13":"first","14":"instock","15":"taxable","16":"shipping-taxable","17":"purchasable","18":"product-type-simple","19":"has-product-nav","20":"col","21":"span_1_of_3","22":"owp-content-center","23":"owp-thumbs-layout-horizontal","24":"owp-btn-normal","25":"owp-tabs-layout-horizontal"},"aioseo_notices":[],"_links":{"self":[{"href":"https:\/\/antykilion.pl\/de\/wp-json\/wp\/v2\/product\/6896","targetHints":{"allow":["GET"]}}],"collection":[{"href":"https:\/\/antykilion.pl\/de\/wp-json\/wp\/v2\/product"}],"about":[{"href":"https:\/\/antykilion.pl\/de\/wp-json\/wp\/v2\/types\/product"}],"replies":[{"embeddable":true,"href":"https:\/\/antykilion.pl\/de\/wp-json\/wp\/v2\/comments?post=6896"}],"wp:featuredmedia":[{"embeddable":true,"href":"https:\/\/antykilion.pl\/de\/wp-json\/wp\/v2\/media\/6897"}],"wp:attachment":[{"href":"https:\/\/antykilion.pl\/de\/wp-json\/wp\/v2\/media?parent=6896"}],"wp:term":[{"taxonomy":"product_cat","embeddable":true,"href":"https:\/\/antykilion.pl\/de\/wp-json\/wp\/v2\/product_cat?post=6896"},{"taxonomy":"product_tag","embeddable":true,"href":"https:\/\/antykilion.pl\/de\/wp-json\/wp\/v2\/product_tag?post=6896"}],"curies":[{"name":"wp","href":"https:\/\/api.w.org\/{rel}","templated":true}]}}