{"id":6997,"date":"2023-05-21T18:08:31","date_gmt":"2023-05-21T16:08:31","guid":{"rendered":"https:\/\/antykilion.pl\/?post_type=product&#038;p=6997"},"modified":"2023-05-21T18:08:31","modified_gmt":"2023-05-21T16:08:31","slug":"duza-cukiernica-srebrna-lars-olhans-okolo-1940-r","status":"publish","type":"product","link":"https:\/\/antykilion.pl\/de\/product\/duza-cukiernica-srebrna-lars-olhans-okolo-1940-r\/","title":{"rendered":"Du\u017ca cukiernica srebrna Lars Olhans oko\u0142o 1940 r"},"content":{"rendered":"","protected":false},"excerpt":{"rendered":"<p>Du\u017ca cukiernica srebrna Lars Olhans oko\u0142o 1940 r<\/p>\n<p>Pi\u0119knie zdobiona na uchwytach i n\u00f3\u017ckach oraz pokrywce<\/p>\n<p>Wymiary: D\u0142ugo\u015b\u0107 oko\u0142o 20 cm, waga 291 g<\/p>\n<p>Srebro pr. 830<\/p>\n<p>Sehr guter Zustand<\/p>\n<p>Sch\u00f6n und einzigartig !!!<\/p>\n<p>Do ka\u017cdego przedmiotu galeria wystawia certyfikat<\/p>","protected":false},"featured_media":6998,"comment_status":"closed","ping_status":"closed","template":"","meta":[],"product_cat":[46],"product_tag":[],"class_list":{"0":"post-6997","1":"product","2":"type-product","3":"status-publish","4":"has-post-thumbnail","6":"product_cat-srebra-i-platery","8":"entry","9":"has-media","11":"first","12":"instock","13":"taxable","14":"shipping-taxable","15":"purchasable","16":"product-type-simple","17":"has-product-nav","18":"col","19":"span_1_of_3","20":"owp-content-center","21":"owp-thumbs-layout-horizontal","22":"owp-btn-normal","23":"owp-tabs-layout-horizontal"},"aioseo_notices":[],"_links":{"self":[{"href":"https:\/\/antykilion.pl\/de\/wp-json\/wp\/v2\/product\/6997","targetHints":{"allow":["GET"]}}],"collection":[{"href":"https:\/\/antykilion.pl\/de\/wp-json\/wp\/v2\/product"}],"about":[{"href":"https:\/\/antykilion.pl\/de\/wp-json\/wp\/v2\/types\/product"}],"replies":[{"embeddable":true,"href":"https:\/\/antykilion.pl\/de\/wp-json\/wp\/v2\/comments?post=6997"}],"wp:featuredmedia":[{"embeddable":true,"href":"https:\/\/antykilion.pl\/de\/wp-json\/wp\/v2\/media\/6998"}],"wp:attachment":[{"href":"https:\/\/antykilion.pl\/de\/wp-json\/wp\/v2\/media?parent=6997"}],"wp:term":[{"taxonomy":"product_cat","embeddable":true,"href":"https:\/\/antykilion.pl\/de\/wp-json\/wp\/v2\/product_cat?post=6997"},{"taxonomy":"product_tag","embeddable":true,"href":"https:\/\/antykilion.pl\/de\/wp-json\/wp\/v2\/product_tag?post=6997"}],"curies":[{"name":"wp","href":"https:\/\/api.w.org\/{rel}","templated":true}]}}