{"id":7228,"date":"2023-08-03T11:35:29","date_gmt":"2023-08-03T09:35:29","guid":{"rendered":"https:\/\/antykilion.pl\/?post_type=product&#038;p=7228"},"modified":"2026-01-21T11:20:27","modified_gmt":"2026-01-21T10:20:27","slug":"wouwerman-pieter-przed-polowaniem-obledny","status":"publish","type":"product","link":"https:\/\/antykilion.pl\/de\/product\/wouwerman-pieter-przed-polowaniem-obledny\/","title":{"rendered":"WOUWERMAN Pieter Przed polowaniem ob\u0142\u0119dny"},"content":{"rendered":"","protected":false},"excerpt":{"rendered":"<p>WOUWERMAN Pieter lub jego na\u015bladowca Przed polowaniem ob\u0142\u0119dny<\/p>\n<p>Pieter Wouwerman (13 wrze\u015bnia 1623 &#8211; 9 maja 1682) by\u0142 holenderskim pejza\u017cyst\u0105 ze Z\u0142otego Wieku. Biografia Urodzi\u0142 si\u0119 w Haarlemie. Wed\u0142ug Arnolda Houbrakena, biografa artyst\u00f3w holenderskiego Z\u0142otego Wieku, Pieter Wouwerman by\u0142 bratem pejza\u017cyst\u00f3w Jana i Philipsa Wouwerman\u00f3w, kt\u00f3rzy podobnie jak jego bardziej znany brat zarabiali na \u017cycie sprzedaj\u0105c w\u0142oskie pejza\u017ce w stylu Pietera van Laera .[1] Houbraken wspomnia\u0142 histori\u0119, w kt\u00f3rej Philips Wouwerman spali\u0142 swoje szkicowniki przed \u015bmierci\u0105, aby jego brat nie m\u00f3g\u0142 ich u\u017cy\u0107 i zarobi\u0107 na swoim imieniu. Houbraken twierdzi\u0142, \u017ce historia by\u0142a z\u0142o\u015bliw\u0105 plotk\u0105, ale s\u0142ysza\u0142 inn\u0105 histori\u0119, kt\u00f3ra prawdopodobnie by\u0142a bli\u017csza prawdy. Podobno gdy Pieter van Laer wr\u00f3ci\u0142 do Haarlemu, jego sztuka by\u0142a warta mniej ni\u017c to, co otrzyma\u0142 w Rzymie, ale nie chcia\u0142 obni\u017cy\u0107 ceny. Kiedy krajobraz, kt\u00f3ry stworzy\u0142 Laer, zosta\u0142 uznany za zbyt drogi, kupuj\u0105cy zleci\u0142 skopiowanie go m\u0142odemu w\u00f3wczas Philipsowi Wouwermansowi, co zrobi\u0142 ca\u0142kiem dobrze. Sukces tej transakcji zapocz\u0105tkowa\u0142 karier\u0119 m\u0142odych Wouwerman\u00f3w kosztem Pietera van Laera, a Houbraken us\u0142ysza\u0142 od Michiela Carr\u00e9, kt\u00f3ry z kolei us\u0142ysza\u0142 od Pietera Gerritsza van Roestratena i Jacoba de Wet, \u017ce poczucie winy zmusi\u0142o Wouwermana do spalenia dowod\u00f3w wszystkich jego kopii przed \u015bmierci\u0105. Wed\u0142ug RKD (Holenderskiego Instytutu Historii Sztuki) by\u0142 uczniem Roelanta Roghmana, jego starszego brata Philipsa i ojca Pouwelsa.[2] Wyjecha\u0142 z Haarlemu do Amsterdamu w 1657 roku. Zmar\u0142 w 1682 roku w Amsterdamie.<\/p>\n<p>Technik: \u00d6l auf Leinwand,<\/p>\n<p>Stan: bardzo dobry, werniks z\u017c\u00f3\u0142k\u0142y,<\/p>\n<p>Sygnatura: sygnatura bardzo ci\u0119\u017cka do odczytania widoczna na zdj\u0119ciu<\/p>\n<p>Wymiary:\u00a0 p\u0142\u00f3tna 83 cm na 104 cm\u00a0 z ram\u0105 oko\u0142o\u00a0 100 cm na 121 cm obraz wielkoformatowy ob\u0142\u0119dny!!!<\/p>\n<p>Do ka\u017cdego przedmiotu Galeria wystawia certyfikat.<\/p>\n<p>Bardzo dobre malarstwo obraz robi ogromne wra\u017cenie !!!<\/p>","protected":false},"featured_media":7229,"comment_status":"closed","ping_status":"closed","template":"","meta":[],"product_cat":[41,39,40],"product_tag":[],"class_list":{"0":"post-7228","1":"product","2":"type-product","3":"status-publish","4":"has-post-thumbnail","6":"product_cat-malarstwo-dawne","7":"product_cat-dziela-sztuki","8":"product_cat-malarstwo","10":"entry","11":"has-media","13":"first","14":"instock","15":"taxable","16":"shipping-taxable","17":"purchasable","18":"product-type-simple","19":"has-product-nav","20":"col","21":"span_1_of_3","22":"owp-content-center","23":"owp-thumbs-layout-horizontal","24":"owp-btn-normal","25":"owp-tabs-layout-horizontal"},"aioseo_notices":[],"_links":{"self":[{"href":"https:\/\/antykilion.pl\/de\/wp-json\/wp\/v2\/product\/7228","targetHints":{"allow":["GET"]}}],"collection":[{"href":"https:\/\/antykilion.pl\/de\/wp-json\/wp\/v2\/product"}],"about":[{"href":"https:\/\/antykilion.pl\/de\/wp-json\/wp\/v2\/types\/product"}],"replies":[{"embeddable":true,"href":"https:\/\/antykilion.pl\/de\/wp-json\/wp\/v2\/comments?post=7228"}],"wp:featuredmedia":[{"embeddable":true,"href":"https:\/\/antykilion.pl\/de\/wp-json\/wp\/v2\/media\/7229"}],"wp:attachment":[{"href":"https:\/\/antykilion.pl\/de\/wp-json\/wp\/v2\/media?parent=7228"}],"wp:term":[{"taxonomy":"product_cat","embeddable":true,"href":"https:\/\/antykilion.pl\/de\/wp-json\/wp\/v2\/product_cat?post=7228"},{"taxonomy":"product_tag","embeddable":true,"href":"https:\/\/antykilion.pl\/de\/wp-json\/wp\/v2\/product_tag?post=7228"}],"curies":[{"name":"wp","href":"https:\/\/api.w.org\/{rel}","templated":true}]}}