{"id":7260,"date":"2023-08-13T11:15:03","date_gmt":"2023-08-13T09:15:03","guid":{"rendered":"https:\/\/antykilion.pl\/?post_type=product&#038;p=7260"},"modified":"2023-08-13T11:15:03","modified_gmt":"2023-08-13T09:15:03","slug":"nicolaes-berchem-spiacy-pasterz-xvii-w","status":"publish","type":"product","link":"https:\/\/antykilion.pl\/de\/product\/nicolaes-berchem-spiacy-pasterz-xvii-w\/","title":{"rendered":"Nicolaes Berchem, \u015api\u0105cy pasterz XVII w"},"content":{"rendered":"","protected":false},"excerpt":{"rendered":"<p>Nicolaes Berchem, \u015api\u0105cy pasterz XVII w<\/p>\n<p>Nicolaes Pieterszoon Berchem tak\u017ce Nicolaes Berghem (ur. 1 pa\u017adziernika 1620 w Haarlemie, zm. 18 lutego 1683 w Amsterdamie) \u2013 malarz i grafik holenderski.<\/p>\n<p>Przez ca\u0142e \u017cycie pozostawa\u0142 pod urokiem podr\u00f3\u017cy do W\u0142och. Jest zaliczany do najbardziej znanych artyst\u00f3w holenderskich maluj\u0105cych idylliczne pejza\u017ce w\u0142oskie \u2013 pastuszkowie i stada byd\u0142a, robotnicy nadmorskich port\u00f3w i ludzie na wydmach z t\u0142em w postaci klif\u00f3w, statk\u00f3w, wzg\u00f3rz i drzew. Rzadziej malowa\u0142 alegoryczne sceny mitologiczne i biblijne. Pozostawi\u0142 po sobie ponad 800 p\u0142\u00f3cien, 80 grafik i ok. 500 rysunk\u00f3w. Jego malarstwo wielce zainspirowa\u0142o francuskiego malarza rokokowego Jeana Pillementa.<\/p>\n<p>Pocz\u0105tkowo malarstwa uczy\u0142 si\u0119 od swego ojca Pietera Claesza, a p\u00f3\u017aniej u pejza\u017cysty Jana van Goyena oraz Claesa Moeyaerta. Od 1642 r. by\u0142 cz\u0142onkiem gildii malarskiej w Haarlemie. W 1645 r. przyst\u0105pi\u0142 do holenderskiego ko\u015bcio\u0142a zreformowanego. W nast\u0119pnym roku si\u0119 o\u017ceni\u0142, lecz po zaledwie kilku latach zosta\u0142 wdowcem. Powt\u00f3rnie o\u017ceni\u0142 si\u0119 z c\u00f3rk\u0105 Jana Wilsa \u2013 malarza. Oko\u0142o roku 1650 zwiedza\u0142 Westfali\u0119 razem z Jakubem van Ruisdaelem. Podr\u00f3\u017c do W\u0142och odby\u0142 z innym malarzem, by\u0107 mo\u017ce kuzynem Janem Baptyst\u0105 Weenixem. Oko\u0142o roku 1660 wraz z rytownikiem Nicolaasem Visschererem pracowa\u0142 przy wydaniu atlasu (prawdopodobnie dlatego wcze\u015bniej podr\u00f3\u017cowa\u0142). W latach 1661-1670 mieszka\u0142 w Amsterdamie, nast\u0119pnie wr\u00f3ci\u0142 do Haarlemu, a w okresie 1677-1683 zn\u00f3w osiad\u0142 w Amsterdamie, gdzie zmar\u0142.<\/p>\n<p>W Muzeum Narodowym w Warszawie znajduje si\u0119 obraz Berchema Post\u00f3j przy zaje\u017adzie[1].<br \/>\nGaleria<\/p>\n<p>    Pejza\u017c w\u0142oski<br \/>\n    Port na po\u0142udniu<\/p>\n<p>Przypisy<\/p>\n<p>    Andrzej Chudzikowski, [red.]: Holenderska i flamandzka martwa natura XVII wieku. Warszawa: Wydawnictwo Sztuka, 1954, s. 17-18.<\/p>\n<p>Bibliografia<\/p>\n<p>    Andrzej Chudzikowski [red.]: Krajobraz holenderski XVII wieku. Warszawa: Muzeum Narodowe, 1958, s. 25-27.<\/p>\n<p>Wymiary:  deska 41 cm x 60 cm<\/p>\n<p>Sta\u0144: Bardzo dobry po konserwacji<\/p>\n<p>Sygnatura : brak w typie Nicolaes Berchem, XVII w<\/p>\n<p>Do ka\u017cdego przedmiotu Galeria wystawia certyfikat.<\/p>\n<p>Bardzo dobre malarstwo obraz robi ogromne wra\u017cenie !!!<\/p>","protected":false},"featured_media":7261,"comment_status":"closed","ping_status":"closed","template":"","meta":[],"product_cat":[41,39,40],"product_tag":[],"class_list":{"0":"post-7260","1":"product","2":"type-product","3":"status-publish","4":"has-post-thumbnail","6":"product_cat-malarstwo-dawne","7":"product_cat-dziela-sztuki","8":"product_cat-malarstwo","10":"entry","11":"has-media","13":"first","14":"instock","15":"taxable","16":"shipping-taxable","17":"purchasable","18":"product-type-simple","19":"has-product-nav","20":"col","21":"span_1_of_3","22":"owp-content-center","23":"owp-thumbs-layout-horizontal","24":"owp-btn-normal","25":"owp-tabs-layout-horizontal"},"aioseo_notices":[],"_links":{"self":[{"href":"https:\/\/antykilion.pl\/de\/wp-json\/wp\/v2\/product\/7260","targetHints":{"allow":["GET"]}}],"collection":[{"href":"https:\/\/antykilion.pl\/de\/wp-json\/wp\/v2\/product"}],"about":[{"href":"https:\/\/antykilion.pl\/de\/wp-json\/wp\/v2\/types\/product"}],"replies":[{"embeddable":true,"href":"https:\/\/antykilion.pl\/de\/wp-json\/wp\/v2\/comments?post=7260"}],"wp:featuredmedia":[{"embeddable":true,"href":"https:\/\/antykilion.pl\/de\/wp-json\/wp\/v2\/media\/7261"}],"wp:attachment":[{"href":"https:\/\/antykilion.pl\/de\/wp-json\/wp\/v2\/media?parent=7260"}],"wp:term":[{"taxonomy":"product_cat","embeddable":true,"href":"https:\/\/antykilion.pl\/de\/wp-json\/wp\/v2\/product_cat?post=7260"},{"taxonomy":"product_tag","embeddable":true,"href":"https:\/\/antykilion.pl\/de\/wp-json\/wp\/v2\/product_tag?post=7260"}],"curies":[{"name":"wp","href":"https:\/\/api.w.org\/{rel}","templated":true}]}}