{"id":7357,"date":"2023-08-27T11:34:17","date_gmt":"2023-08-27T09:34:17","guid":{"rendered":"https:\/\/antykilion.pl\/?post_type=product&#038;p=7357"},"modified":"2023-08-27T11:34:18","modified_gmt":"2023-08-27T09:34:18","slug":"wazon-z-dekoracja-podwojnego-szczescia-chiny-przelom-xviii-xix-w","status":"publish","type":"product","link":"https:\/\/antykilion.pl\/de\/product\/wazon-z-dekoracja-podwojnego-szczescia-chiny-przelom-xviii-xix-w\/","title":{"rendered":"Wazon z dekoracj\u0105 podw\u00f3jnego szcz\u0119\u015bcia Chiny\u00a0 prze\u0142om XVIII\/XIX w"},"content":{"rendered":"","protected":false},"excerpt":{"rendered":"<p>Wazon z dekoracj\u0105 podw\u00f3jnego szcz\u0119\u015bcia Chiny\u00a0 prze\u0142om XVIII\/XIX w<\/p>\n<p>Porcelana, kobalt podszkliwny,<\/p>\n<p>Wymiary: wysoko\u015b\u0107 42 cm !!!<\/p>\n<p>Stan: Bardzo dobry, drobny ubytek przy uchwycie pokrywy<\/p>\n<p>Pochodzenie: Chiny Kina<\/p>\n<p>Sygnatura: Brak<\/p>\n<p>Ogromna rzadko\u015b\u0107 !!!<\/p>","protected":false},"featured_media":7358,"comment_status":"closed","ping_status":"closed","template":"","meta":[],"product_cat":[50],"product_tag":[],"class_list":{"0":"post-7357","1":"product","2":"type-product","3":"status-publish","4":"has-post-thumbnail","6":"product_cat-porcelana-i-fajans","8":"entry","9":"has-media","11":"first","12":"instock","13":"taxable","14":"shipping-taxable","15":"purchasable","16":"product-type-simple","17":"has-product-nav","18":"col","19":"span_1_of_3","20":"owp-content-center","21":"owp-thumbs-layout-horizontal","22":"owp-btn-normal","23":"owp-tabs-layout-horizontal"},"aioseo_notices":[],"_links":{"self":[{"href":"https:\/\/antykilion.pl\/de\/wp-json\/wp\/v2\/product\/7357","targetHints":{"allow":["GET"]}}],"collection":[{"href":"https:\/\/antykilion.pl\/de\/wp-json\/wp\/v2\/product"}],"about":[{"href":"https:\/\/antykilion.pl\/de\/wp-json\/wp\/v2\/types\/product"}],"replies":[{"embeddable":true,"href":"https:\/\/antykilion.pl\/de\/wp-json\/wp\/v2\/comments?post=7357"}],"wp:featuredmedia":[{"embeddable":true,"href":"https:\/\/antykilion.pl\/de\/wp-json\/wp\/v2\/media\/7358"}],"wp:attachment":[{"href":"https:\/\/antykilion.pl\/de\/wp-json\/wp\/v2\/media?parent=7357"}],"wp:term":[{"taxonomy":"product_cat","embeddable":true,"href":"https:\/\/antykilion.pl\/de\/wp-json\/wp\/v2\/product_cat?post=7357"},{"taxonomy":"product_tag","embeddable":true,"href":"https:\/\/antykilion.pl\/de\/wp-json\/wp\/v2\/product_tag?post=7357"}],"curies":[{"name":"wp","href":"https:\/\/api.w.org\/{rel}","templated":true}]}}