{"id":7361,"date":"2023-08-27T12:47:33","date_gmt":"2023-08-27T10:47:33","guid":{"rendered":"https:\/\/antykilion.pl\/?post_type=product&#038;p=7361"},"modified":"2023-08-27T12:50:01","modified_gmt":"2023-08-27T10:50:01","slug":"wazon-z-kobaltowa-dekoracja-roslinna-i-ptakami-japonia-xix-w","status":"publish","type":"product","link":"https:\/\/antykilion.pl\/de\/product\/wazon-z-kobaltowa-dekoracja-roslinna-i-ptakami-japonia-xix-w\/","title":{"rendered":"Wazon z kobaltow\u0105 dekoracj\u0105 ro\u015blinn\u0105 i ptakami Japonia XIX w"},"content":{"rendered":"","protected":false},"excerpt":{"rendered":"<p>Wazon z kobaltow\u0105 dekoracj\u0105 ro\u015blinn\u0105 i ptakami Japonia XIX w<\/p>\n<p>Wazon z kobaltow\u0105 dekoracj\u0105 ro\u015blinn\u0105 i ptakami, owoidalny brzusiec z kr\u00f3tk\u0105 obr\u0119czow\u0105 szyjk\u0105, kopu\u0142owa pokrywa z ko\u0142nierzem i uchwytem &#8211;<\/p>\n<p>plastycznym lewkiem &#8211; pieskiem Foo (?).<\/p>\n<p>Porcelana, Szkliwienia, kobalt podszkliwny,<\/p>\n<p>Wymiary: wysoko\u015b\u0107 42 cm !!!<\/p>\n<p>Stan: Bardzo dobry,<\/p>\n<p>Pochodzenie: Japonia XIX w<\/p>\n<p>Sygnatura: Brak<\/p>\n<p>Ogromna rzadko\u015b\u0107 !!!<\/p>","protected":false},"featured_media":7363,"comment_status":"closed","ping_status":"closed","template":"","meta":[],"product_cat":[50],"product_tag":[],"class_list":{"0":"post-7361","1":"product","2":"type-product","3":"status-publish","4":"has-post-thumbnail","6":"product_cat-porcelana-i-fajans","8":"entry","9":"has-media","11":"first","12":"instock","13":"taxable","14":"shipping-taxable","15":"purchasable","16":"product-type-simple","17":"has-product-nav","18":"col","19":"span_1_of_3","20":"owp-content-center","21":"owp-thumbs-layout-horizontal","22":"owp-btn-normal","23":"owp-tabs-layout-horizontal"},"aioseo_notices":[],"_links":{"self":[{"href":"https:\/\/antykilion.pl\/de\/wp-json\/wp\/v2\/product\/7361","targetHints":{"allow":["GET"]}}],"collection":[{"href":"https:\/\/antykilion.pl\/de\/wp-json\/wp\/v2\/product"}],"about":[{"href":"https:\/\/antykilion.pl\/de\/wp-json\/wp\/v2\/types\/product"}],"replies":[{"embeddable":true,"href":"https:\/\/antykilion.pl\/de\/wp-json\/wp\/v2\/comments?post=7361"}],"wp:featuredmedia":[{"embeddable":true,"href":"https:\/\/antykilion.pl\/de\/wp-json\/wp\/v2\/media\/7363"}],"wp:attachment":[{"href":"https:\/\/antykilion.pl\/de\/wp-json\/wp\/v2\/media?parent=7361"}],"wp:term":[{"taxonomy":"product_cat","embeddable":true,"href":"https:\/\/antykilion.pl\/de\/wp-json\/wp\/v2\/product_cat?post=7361"},{"taxonomy":"product_tag","embeddable":true,"href":"https:\/\/antykilion.pl\/de\/wp-json\/wp\/v2\/product_tag?post=7361"}],"curies":[{"name":"wp","href":"https:\/\/api.w.org\/{rel}","templated":true}]}}