{"id":7382,"date":"2023-08-29T10:24:02","date_gmt":"2023-08-29T08:24:02","guid":{"rendered":"https:\/\/antykilion.pl\/?post_type=product&#038;p=7382"},"modified":"2023-09-07T14:34:33","modified_gmt":"2023-09-07T12:34:33","slug":"para-kinkietow-lustrzanych-w-stylu-barokowym-xix-w","status":"publish","type":"product","link":"https:\/\/antykilion.pl\/de\/product\/para-kinkietow-lustrzanych-w-stylu-barokowym-xix-w\/","title":{"rendered":"Para kinkiet\u00f3w lustrzanych w stylu barokowym XIX w"},"content":{"rendered":"","protected":false},"excerpt":{"rendered":"<p>Para kinkiet\u00f3w lustrzanych w stylu barokowym XIX w<\/p>\n<p>dwu\u015bwiecowych; ramiona esowate, zdobione akantem i wolutami, zwie\u0144czone w, puklowanych okr\u0105g\u0142ych\u00a0 talerzykach opasanych pere\u0142k\u0105; w formie okr\u0105g\u0142ych luster w szerokich, profilowanych\u00a0 ramach, dekorowanych jajownikiem, kaboszonami, ceownikami, palmetami, wolutami.<\/p>\n<p>Pi\u0119kna ozdoba na \u015bcian\u0119 salonu ale r\u00f3wnie dobrze i do \u0142azienki cacuszko !!!<\/p>\n<p>Materia\u0142:\u00a0 mosi\u0105dz, lustro<\/p>\n<p>Wymiary: \u015brednica 60 cm<\/p>\n<p>Pochodzenie: Francja, Pary\u017c,<\/p>\n<p>Sehr guter Zustand<\/p>","protected":false},"featured_media":7384,"comment_status":"closed","ping_status":"closed","template":"","meta":[],"product_cat":[30,17,47],"product_tag":[],"class_list":{"0":"post-7382","1":"product","2":"type-product","3":"status-publish","4":"has-post-thumbnail","6":"product_cat-lustra","7":"product_cat-meble","8":"product_cat-oswietlenie","10":"entry","11":"has-media","13":"first","14":"instock","15":"taxable","16":"shipping-taxable","17":"purchasable","18":"product-type-simple","19":"has-product-nav","20":"col","21":"span_1_of_3","22":"owp-content-center","23":"owp-thumbs-layout-horizontal","24":"owp-btn-normal","25":"owp-tabs-layout-horizontal"},"aioseo_notices":[],"_links":{"self":[{"href":"https:\/\/antykilion.pl\/de\/wp-json\/wp\/v2\/product\/7382","targetHints":{"allow":["GET"]}}],"collection":[{"href":"https:\/\/antykilion.pl\/de\/wp-json\/wp\/v2\/product"}],"about":[{"href":"https:\/\/antykilion.pl\/de\/wp-json\/wp\/v2\/types\/product"}],"replies":[{"embeddable":true,"href":"https:\/\/antykilion.pl\/de\/wp-json\/wp\/v2\/comments?post=7382"}],"wp:featuredmedia":[{"embeddable":true,"href":"https:\/\/antykilion.pl\/de\/wp-json\/wp\/v2\/media\/7384"}],"wp:attachment":[{"href":"https:\/\/antykilion.pl\/de\/wp-json\/wp\/v2\/media?parent=7382"}],"wp:term":[{"taxonomy":"product_cat","embeddable":true,"href":"https:\/\/antykilion.pl\/de\/wp-json\/wp\/v2\/product_cat?post=7382"},{"taxonomy":"product_tag","embeddable":true,"href":"https:\/\/antykilion.pl\/de\/wp-json\/wp\/v2\/product_tag?post=7382"}],"curies":[{"name":"wp","href":"https:\/\/api.w.org\/{rel}","templated":true}]}}