{"id":7474,"date":"2023-09-13T13:59:54","date_gmt":"2023-09-13T11:59:54","guid":{"rendered":"https:\/\/antykilion.pl\/?post_type=product&#038;p=7474"},"modified":"2025-07-10T15:24:49","modified_gmt":"2025-07-10T13:24:49","slug":"filizanki-6-szt-rosenthal-lato-ogromne-i-piekne","status":"publish","type":"product","link":"https:\/\/antykilion.pl\/de\/product\/filizanki-6-szt-rosenthal-lato-ogromne-i-piekne\/","title":{"rendered":"Fili\u017canki 6 szt. Rosenthal Lato ogromne i pi\u0119kne !"},"content":{"rendered":"","protected":false},"excerpt":{"rendered":"<p>Fili\u017canki 6 szt. Rosenthal Lato ogromne i pi\u0119kne !<\/p>\n<p>6 spodk\u00f3w pod fili\u017canki 14, 5 cm<\/p>\n<p>6 fili\u017canek \u015brednica bez ucha 5 cm, \u015brednica 10,5 cm<\/p>\n<p>Sygnatura z okresu mi\u0119dzywojennego lata 1920\/30<\/p>\n<p>stan: bardzo dobry<\/p>\n<p>okazjonalna cena !!!<\/p>","protected":false},"featured_media":7475,"comment_status":"closed","ping_status":"closed","template":"","meta":[],"product_cat":[50],"product_tag":[],"class_list":{"0":"post-7474","1":"product","2":"type-product","3":"status-publish","4":"has-post-thumbnail","6":"product_cat-porcelana-i-fajans","8":"entry","9":"has-media","11":"first","12":"instock","13":"taxable","14":"shipping-taxable","15":"purchasable","16":"product-type-simple","17":"has-product-nav","18":"col","19":"span_1_of_3","20":"owp-content-center","21":"owp-thumbs-layout-horizontal","22":"owp-btn-normal","23":"owp-tabs-layout-horizontal"},"aioseo_notices":[],"_links":{"self":[{"href":"https:\/\/antykilion.pl\/de\/wp-json\/wp\/v2\/product\/7474","targetHints":{"allow":["GET"]}}],"collection":[{"href":"https:\/\/antykilion.pl\/de\/wp-json\/wp\/v2\/product"}],"about":[{"href":"https:\/\/antykilion.pl\/de\/wp-json\/wp\/v2\/types\/product"}],"replies":[{"embeddable":true,"href":"https:\/\/antykilion.pl\/de\/wp-json\/wp\/v2\/comments?post=7474"}],"wp:featuredmedia":[{"embeddable":true,"href":"https:\/\/antykilion.pl\/de\/wp-json\/wp\/v2\/media\/7475"}],"wp:attachment":[{"href":"https:\/\/antykilion.pl\/de\/wp-json\/wp\/v2\/media?parent=7474"}],"wp:term":[{"taxonomy":"product_cat","embeddable":true,"href":"https:\/\/antykilion.pl\/de\/wp-json\/wp\/v2\/product_cat?post=7474"},{"taxonomy":"product_tag","embeddable":true,"href":"https:\/\/antykilion.pl\/de\/wp-json\/wp\/v2\/product_tag?post=7474"}],"curies":[{"name":"wp","href":"https:\/\/api.w.org\/{rel}","templated":true}]}}