{"id":7522,"date":"2023-09-17T11:39:43","date_gmt":"2023-09-17T09:39:43","guid":{"rendered":"https:\/\/antykilion.pl\/?post_type=product&#038;p=7522"},"modified":"2023-09-17T12:02:01","modified_gmt":"2023-09-17T10:02:01","slug":"malowniczy-widok-nadmorski-z-wloch-j-holtei-xix-w","status":"publish","type":"product","link":"https:\/\/antykilion.pl\/de\/product\/malowniczy-widok-nadmorski-z-wloch-j-holtei-xix-w\/","title":{"rendered":"Malowniczy widok nadmorski z W\u0142och J. Holtei XIX w"},"content":{"rendered":"","protected":false},"excerpt":{"rendered":"<p>Malowniczy widok nadmorski z W\u0142och J. Holtei XIX w<\/p>\n<p>Bardzo malowniczy i dekoracyjny obraz !<\/p>\n<p>Okazja !!!<\/p>\n<p>Technik: \u00d6l auf Leinwand<\/p>\n<p>Stan: bardzo dobry,<\/p>\n<p>Sygnatura:Widoczna na zdj\u0119ciu zar\u00f3wno na p\u0142\u00f3tnie jak i na orginalnej ramie<\/p>\n<p>Wymiary:\u00a0 p\u0142\u00f3tno 40 cm na 66 cm<\/p>\n<p>Do ka\u017cdego przedmiotu Galeria wystawia certyfikat.<\/p>\n<p>Warto\u015b\u0107 samej ramy to oko\u0142o 2000 z\u0142!!!<\/p>","protected":false},"featured_media":7523,"comment_status":"closed","ping_status":"closed","template":"","meta":[],"product_cat":[41,39,40],"product_tag":[],"class_list":{"0":"post-7522","1":"product","2":"type-product","3":"status-publish","4":"has-post-thumbnail","6":"product_cat-malarstwo-dawne","7":"product_cat-dziela-sztuki","8":"product_cat-malarstwo","10":"entry","11":"has-media","13":"first","14":"instock","15":"taxable","16":"shipping-taxable","17":"purchasable","18":"product-type-simple","19":"has-product-nav","20":"col","21":"span_1_of_3","22":"owp-content-center","23":"owp-thumbs-layout-horizontal","24":"owp-btn-normal","25":"owp-tabs-layout-horizontal"},"aioseo_notices":[],"_links":{"self":[{"href":"https:\/\/antykilion.pl\/de\/wp-json\/wp\/v2\/product\/7522","targetHints":{"allow":["GET"]}}],"collection":[{"href":"https:\/\/antykilion.pl\/de\/wp-json\/wp\/v2\/product"}],"about":[{"href":"https:\/\/antykilion.pl\/de\/wp-json\/wp\/v2\/types\/product"}],"replies":[{"embeddable":true,"href":"https:\/\/antykilion.pl\/de\/wp-json\/wp\/v2\/comments?post=7522"}],"wp:featuredmedia":[{"embeddable":true,"href":"https:\/\/antykilion.pl\/de\/wp-json\/wp\/v2\/media\/7523"}],"wp:attachment":[{"href":"https:\/\/antykilion.pl\/de\/wp-json\/wp\/v2\/media?parent=7522"}],"wp:term":[{"taxonomy":"product_cat","embeddable":true,"href":"https:\/\/antykilion.pl\/de\/wp-json\/wp\/v2\/product_cat?post=7522"},{"taxonomy":"product_tag","embeddable":true,"href":"https:\/\/antykilion.pl\/de\/wp-json\/wp\/v2\/product_tag?post=7522"}],"curies":[{"name":"wp","href":"https:\/\/api.w.org\/{rel}","templated":true}]}}