{"id":7532,"date":"2023-09-17T14:13:47","date_gmt":"2023-09-17T12:13:47","guid":{"rendered":"https:\/\/antykilion.pl\/?post_type=product&#038;p=7532"},"modified":"2023-09-17T14:13:47","modified_gmt":"2023-09-17T12:13:47","slug":"muzelany-widok-morski-erwin-gunther-cudny-nr-3","status":"publish","type":"product","link":"https:\/\/antykilion.pl\/de\/product\/muzelany-widok-morski-erwin-gunther-cudny-nr-3\/","title":{"rendered":"Muzelany Widok morski Erwin Gunther Cudny !! nr 3"},"content":{"rendered":"","protected":false},"excerpt":{"rendered":"<p>(G\u00fcnther) Erwin Carl Wilhelm G\u00fcnter (1864-1927), Sturm mit Booten.<\/p>\n<p>Technik: \u00d6l auf Leinwand<\/p>\n<p>Zustand: sehr gut<\/p>\n<p>Unterschrift: Untere linke Ecke<\/p>\n<p>Wymiary: p\u0142\u00f3tno 65 cm na 100 cm + szeroka rama<\/p>\n<p>Unten finden Sie Informationen zum K\u00fcnstler.<\/p>\n<p>(G\u00fcnther) Erwin Carl Wilhelm G\u00fcnter (1864-1927)<\/p>\n<p>G\u00fcnther studierte Malerei an der Kunstakademie D\u00fcsseldorf. Dort war sein Lehrer Olof Jernberg. In D\u00fcsseldorf, wo er Mitglied des K\u00fcnstlerverbandes Malkasten wurde, gr\u00fcndete er als Seemaler. Er unternahm zahlreiche Reisen durch Europa, von 1890 in die Niederlande sowie nach \u00c4gypten und in andere afrikanische L\u00e4nder. Ab 1891 war er auf Ausstellungen im M\u00fcnchner Glasschloss und ab 1893 auf der Gro\u00dfen Berliner Kunstausstellung vertreten. F\u00fcr den deutschen Seepavillon auf der Weltausstellung in Paris im Jahr 1900 fertigte er gro\u00dfe dekorative Gem\u00e4lde an.<\/p>","protected":false},"featured_media":7533,"comment_status":"closed","ping_status":"closed","template":"","meta":[],"product_cat":[41,39,40],"product_tag":[],"class_list":{"0":"post-7532","1":"product","2":"type-product","3":"status-publish","4":"has-post-thumbnail","6":"product_cat-malarstwo-dawne","7":"product_cat-dziela-sztuki","8":"product_cat-malarstwo","10":"entry","11":"has-media","13":"first","14":"instock","15":"taxable","16":"shipping-taxable","17":"purchasable","18":"product-type-simple","19":"has-product-nav","20":"col","21":"span_1_of_3","22":"owp-content-center","23":"owp-thumbs-layout-horizontal","24":"owp-btn-normal","25":"owp-tabs-layout-horizontal"},"aioseo_notices":[],"_links":{"self":[{"href":"https:\/\/antykilion.pl\/de\/wp-json\/wp\/v2\/product\/7532","targetHints":{"allow":["GET"]}}],"collection":[{"href":"https:\/\/antykilion.pl\/de\/wp-json\/wp\/v2\/product"}],"about":[{"href":"https:\/\/antykilion.pl\/de\/wp-json\/wp\/v2\/types\/product"}],"replies":[{"embeddable":true,"href":"https:\/\/antykilion.pl\/de\/wp-json\/wp\/v2\/comments?post=7532"}],"wp:featuredmedia":[{"embeddable":true,"href":"https:\/\/antykilion.pl\/de\/wp-json\/wp\/v2\/media\/7533"}],"wp:attachment":[{"href":"https:\/\/antykilion.pl\/de\/wp-json\/wp\/v2\/media?parent=7532"}],"wp:term":[{"taxonomy":"product_cat","embeddable":true,"href":"https:\/\/antykilion.pl\/de\/wp-json\/wp\/v2\/product_cat?post=7532"},{"taxonomy":"product_tag","embeddable":true,"href":"https:\/\/antykilion.pl\/de\/wp-json\/wp\/v2\/product_tag?post=7532"}],"curies":[{"name":"wp","href":"https:\/\/api.w.org\/{rel}","templated":true}]}}