{"id":7655,"date":"2023-11-01T16:34:15","date_gmt":"2023-11-01T15:34:15","guid":{"rendered":"https:\/\/antykilion.pl\/?post_type=product&#038;p=7655"},"modified":"2025-04-06T18:26:45","modified_gmt":"2025-04-06T16:26:45","slug":"para-krzesel-w-stylu-neorokoko-xix-w-1890-1910-r-piekne","status":"publish","type":"product","link":"https:\/\/antykilion.pl\/de\/product\/para-krzesel-w-stylu-neorokoko-xix-w-1890-1910-r-piekne\/","title":{"rendered":"Para krzese\u0142 w stylu Neorokoko XIX w 1890\/1910 r Pi\u0119kne !!!"},"content":{"rendered":"","protected":false},"excerpt":{"rendered":"<p>Para krzese\u0142 w stylu Neorokoko XIX w 1890\/1910 r Pi\u0119kne !!!<\/p>\n<p>o falistych i profilowanych elementach szkieletu, ozdobionych rze\u017abionymi rocailami, wy\u015bcie\u0142ane, z falistym oparciem, z prze\u015bwitem, z siedzeniem zaokr\u0105glonym od frontu, wsparte na czterech kabriolowych n\u00f3\u017ckach, zako\u0144czonych wolutami i stopkami;<\/p>\n<p>Krzes\u0142o, zapewne pierwotnie nale\u017ca\u0142o do du\u017cego kompletu mebli do salonu. Posiada rokokowe kszta\u0142ty i dekoracj\u0119. Podobne meble wykonywano w 2 po\u0142owie XIX wieku w warszawskim o\u015brodku stolarskim, oddzia\u0142ywuj\u0105cym na okoliczne zak\u0142ady stolarskie. Meble takie by\u0142y rozpowszechnione r\u00f3wnie\u017c w Czechach i Austrii.\u00a0<\/p>\n<p>Pochodzenie: Europa\u00a0 Polska ?<\/p>\n<p>Stan\u00a0 bardzo dobry orginalny !!!, widoczne \u015blady u\u017cytkowania<\/p>\n<p>Wymiary:\u00a0 104 cm,\u00a0 wysoko\u015b\u0107 siedziska 50, d\u0142ugo\u015b\u0107\u00a0 oko\u0142o 50 cm, g\u0142\u0119boko\u015b\u0107 oko\u0142o\u00a0 50 cm<\/p>\n<p>Material: Walnuss<\/p>\n<p>Ogromna rzadko\u015b\u0107 !!!<\/p>","protected":false},"featured_media":7656,"comment_status":"closed","ping_status":"closed","template":"","meta":[],"product_cat":[28,17],"product_tag":[],"class_list":{"0":"post-7655","1":"product","2":"type-product","3":"status-publish","4":"has-post-thumbnail","6":"product_cat-krzesla","7":"product_cat-meble","9":"entry","10":"has-media","12":"first","13":"instock","14":"taxable","15":"shipping-taxable","16":"purchasable","17":"product-type-simple","18":"has-product-nav","19":"col","20":"span_1_of_3","21":"owp-content-center","22":"owp-thumbs-layout-horizontal","23":"owp-btn-normal","24":"owp-tabs-layout-horizontal"},"aioseo_notices":[],"_links":{"self":[{"href":"https:\/\/antykilion.pl\/de\/wp-json\/wp\/v2\/product\/7655","targetHints":{"allow":["GET"]}}],"collection":[{"href":"https:\/\/antykilion.pl\/de\/wp-json\/wp\/v2\/product"}],"about":[{"href":"https:\/\/antykilion.pl\/de\/wp-json\/wp\/v2\/types\/product"}],"replies":[{"embeddable":true,"href":"https:\/\/antykilion.pl\/de\/wp-json\/wp\/v2\/comments?post=7655"}],"wp:featuredmedia":[{"embeddable":true,"href":"https:\/\/antykilion.pl\/de\/wp-json\/wp\/v2\/media\/7656"}],"wp:attachment":[{"href":"https:\/\/antykilion.pl\/de\/wp-json\/wp\/v2\/media?parent=7655"}],"wp:term":[{"taxonomy":"product_cat","embeddable":true,"href":"https:\/\/antykilion.pl\/de\/wp-json\/wp\/v2\/product_cat?post=7655"},{"taxonomy":"product_tag","embeddable":true,"href":"https:\/\/antykilion.pl\/de\/wp-json\/wp\/v2\/product_tag?post=7655"}],"curies":[{"name":"wp","href":"https:\/\/api.w.org\/{rel}","templated":true}]}}