{"id":767,"date":"2020-01-31T11:08:59","date_gmt":"2020-01-31T10:08:59","guid":{"rendered":"https:\/\/antykilion.pl\/?post_type=product&#038;p=767"},"modified":"2026-04-08T14:18:21","modified_gmt":"2026-04-08T12:18:21","slug":"jenny-salm-1818-muzealny-obraz-notowany","status":"publish","type":"product","link":"https:\/\/antykilion.pl\/de\/product\/jenny-salm-1818-muzealny-obraz-notowany\/","title":{"rendered":"Jenny Salm. 1818 Museumsmalerei aufgenommen"},"content":{"rendered":"<p>Es sind nur eine Handvoll Werke dieser tschechischen K\u00fcnstlerin bekannt, alle in \u00f6ffentlichen Sammlungen, drei Landschaften und zwei Standbildern. Das vorliegende Gem\u00e4lde ist ihr fr\u00fchestes bekanntes Werk.<\/p>\n<p>Andere sind Landschaft mit einer Kirche, 1819 (Nationalgalerie, Prag), Strandszene, 1824 (Kunstsammlung der britischen Regierung (Britische Botschaft Prag, Tschechische Republik), Weite Landschaft, 1824 (Nationalgalerie, Prag), Stillleben mit einer Eidechse und Blumen, 1826 (Prager Nationalgalerie), Weite Landschaft, 1829 (Rudolphinum, Prag, Geschenk des K\u00fcnstlers 1835) und Stillleben mit Trauben, 1842 (Nationalgalerie, Prag).<\/p>\n<p>1801 heiratete sie Franz Vincenz Altgrafen Salm-Reifferscheid-Hainspach (1744-1842). Ihr ganzes Leben lang war sie am Wiener Hof als wartende Dame f\u00fcr die Kaiserin von \u00d6sterreich t\u00e4tig. Laut Archiv f\u00fcr Geschichte, 1824, S. 378, galt sie als talentierte K\u00fcnstlerin, die sich auf Landschaften spezialisiert hatte. 1826 stellte sie auf der j\u00e4hrlichen Prager Ausstellung eine Landschaft aus, die sehr gut aufgenommen wurde und besonders f\u00fcr ihre raffinierten Farben gesch\u00e4tzt wurde.<br \/>\nBild zitiert<\/p>\n<p>http:\/\/www.artnet.com\/artists\/johanna-jenny-salm-reifferscheid\/<\/p>","protected":false},"excerpt":{"rendered":"<p>Johanna &quot;Jenny&quot; Salm-Reifferscheid Tschechische Republik 1780-1857. Mondflusslandschaft mit Fischern und Burgruinen.<br \/>\nUnterschrift: Signiert und datiert Jenny Salm. 1818. Mit der Inschrift auf der R\u00fcckseite: \u201eJohanna Altgrafin zu Salm-Reiffercheid geb. Grafin Pachta Rayhofen \u201c.<br \/>\nTechnik: \u00d6l auf Leinwand<br \/>\nAbmessungen: Leinwand 49 cm x 62 cm.<br \/>\nZustand: sehr gut<\/p>","protected":false},"featured_media":10950,"comment_status":"closed","ping_status":"closed","template":"","meta":[],"product_cat":[41,39,40],"product_tag":[],"class_list":{"0":"post-767","1":"product","2":"type-product","3":"status-publish","4":"has-post-thumbnail","6":"product_cat-malarstwo-dawne","7":"product_cat-dziela-sztuki","8":"product_cat-malarstwo","10":"entry","11":"has-media","13":"first","14":"instock","15":"taxable","16":"shipping-taxable","17":"purchasable","18":"product-type-simple","19":"has-product-nav","20":"col","21":"span_1_of_3","22":"owp-content-center","23":"owp-thumbs-layout-horizontal","24":"owp-btn-normal","25":"owp-tabs-layout-horizontal"},"aioseo_notices":[],"_links":{"self":[{"href":"https:\/\/antykilion.pl\/de\/wp-json\/wp\/v2\/product\/767","targetHints":{"allow":["GET"]}}],"collection":[{"href":"https:\/\/antykilion.pl\/de\/wp-json\/wp\/v2\/product"}],"about":[{"href":"https:\/\/antykilion.pl\/de\/wp-json\/wp\/v2\/types\/product"}],"replies":[{"embeddable":true,"href":"https:\/\/antykilion.pl\/de\/wp-json\/wp\/v2\/comments?post=767"}],"wp:featuredmedia":[{"embeddable":true,"href":"https:\/\/antykilion.pl\/de\/wp-json\/wp\/v2\/media\/10950"}],"wp:attachment":[{"href":"https:\/\/antykilion.pl\/de\/wp-json\/wp\/v2\/media?parent=767"}],"wp:term":[{"taxonomy":"product_cat","embeddable":true,"href":"https:\/\/antykilion.pl\/de\/wp-json\/wp\/v2\/product_cat?post=767"},{"taxonomy":"product_tag","embeddable":true,"href":"https:\/\/antykilion.pl\/de\/wp-json\/wp\/v2\/product_tag?post=767"}],"curies":[{"name":"wp","href":"https:\/\/api.w.org\/{rel}","templated":true}]}}