{"id":7682,"date":"2023-11-02T15:43:58","date_gmt":"2023-11-02T14:43:58","guid":{"rendered":"https:\/\/antykilion.pl\/?post_type=product&#038;p=7682"},"modified":"2024-01-13T13:53:40","modified_gmt":"2024-01-13T12:53:40","slug":"cukiernica-srebrnarokokowa-okolo-1880-r-piekna","status":"publish","type":"product","link":"https:\/\/antykilion.pl\/de\/product\/cukiernica-srebrnarokokowa-okolo-1880-r-piekna\/","title":{"rendered":"CUKIERNICA, srebrna,rokokowa oko\u0142o 1880 r Pi\u0119kna !!!"},"content":{"rendered":"","protected":false},"excerpt":{"rendered":"<p>CUKIERNICA, srebrna,rokokowa oko\u0142o 1870r, Pi\u0119kna!<\/p>\n<p>Cukiernica w formie owoidalnej szkatu\u0142y z nakrywk\u0105, wspartej na 4 rocailles`owych n\u00f3\u017ckach, ozdobiona ornamentem repusowanym w rocailles i kwiaty, na nakrywce po\u015brodku w formie sterczyny bukiet kwiat\u00f3w..<\/p>\n<p>Wewn\u0105trz grubo z\u0142ocona!!!<\/p>\n<p>Wymiary: wysoko\u015b\u0107 oko\u0142o 7 cm, d\u0142ugo\u015b\u0107 oko\u0142o 13 cm szeroko\u015b\u0107 9 cm waga oko\u0142o 237 gr<\/p>\n<p>Srebro pr. 830<\/p>\n<p>Sehr guter Zustand<\/p>\n<p>Sch\u00f6n und einzigartig !!!<\/p>\n<p>Do ka\u017cdego przedmiotu galeria wystawia certyfikat<\/p>","protected":false},"featured_media":7683,"comment_status":"closed","ping_status":"closed","template":"","meta":[],"product_cat":[46],"product_tag":[],"class_list":{"0":"post-7682","1":"product","2":"type-product","3":"status-publish","4":"has-post-thumbnail","6":"product_cat-srebra-i-platery","8":"entry","9":"has-media","11":"first","12":"instock","13":"taxable","14":"shipping-taxable","15":"purchasable","16":"product-type-simple","17":"has-product-nav","18":"col","19":"span_1_of_3","20":"owp-content-center","21":"owp-thumbs-layout-horizontal","22":"owp-btn-normal","23":"owp-tabs-layout-horizontal"},"aioseo_notices":[],"_links":{"self":[{"href":"https:\/\/antykilion.pl\/de\/wp-json\/wp\/v2\/product\/7682","targetHints":{"allow":["GET"]}}],"collection":[{"href":"https:\/\/antykilion.pl\/de\/wp-json\/wp\/v2\/product"}],"about":[{"href":"https:\/\/antykilion.pl\/de\/wp-json\/wp\/v2\/types\/product"}],"replies":[{"embeddable":true,"href":"https:\/\/antykilion.pl\/de\/wp-json\/wp\/v2\/comments?post=7682"}],"wp:featuredmedia":[{"embeddable":true,"href":"https:\/\/antykilion.pl\/de\/wp-json\/wp\/v2\/media\/7683"}],"wp:attachment":[{"href":"https:\/\/antykilion.pl\/de\/wp-json\/wp\/v2\/media?parent=7682"}],"wp:term":[{"taxonomy":"product_cat","embeddable":true,"href":"https:\/\/antykilion.pl\/de\/wp-json\/wp\/v2\/product_cat?post=7682"},{"taxonomy":"product_tag","embeddable":true,"href":"https:\/\/antykilion.pl\/de\/wp-json\/wp\/v2\/product_tag?post=7682"}],"curies":[{"name":"wp","href":"https:\/\/api.w.org\/{rel}","templated":true}]}}