{"id":7701,"date":"2023-11-05T11:42:24","date_gmt":"2023-11-05T10:42:24","guid":{"rendered":"https:\/\/antykilion.pl\/?post_type=product&#038;p=7701"},"modified":"2025-08-06T15:02:46","modified_gmt":"2025-08-06T13:02:46","slug":"karl-theodor-wagner-kutry-w-porcie-xix-w","status":"publish","type":"product","link":"https:\/\/antykilion.pl\/de\/product\/karl-theodor-wagner-kutry-w-porcie-xix-w\/","title":{"rendered":"Karl Theodor Wagner Kutry w porcie XIX w"},"content":{"rendered":"","protected":false},"excerpt":{"rendered":"<p>Karl Theodor Wagner Kutry w porcie XIX w<\/p>\n<p>Technik: \u00d6l auf Leinwand<\/p>\n<p>Zustand: sehr gut<\/p>\n<p>Unterschrift: untere rechte Ecke<\/p>\n<p>Wymiary: p\u0142\u00f3tno 68 cm na 55 cm + szeroka rama<\/p>\n<p>Unten finden Sie Informationen zum K\u00fcnstler.<\/p>\n<p>Karl Theodor Wagner (Wien 1856 &#8211; Perchtoldsdorf 1921) \u2013 malarz austriacki, pejza\u017cysta i autor widok\u00f3w portowych oraz scen znad holenderskich kana\u0142\u00f3w. Znane obrazy artysty \u015bwiadcz\u0105 o jego licznych podr\u00f3\u017cach \u2013 do W\u0142och (np. pejza\u017ce znad jeziora Lugano, krajobrazy z po\u0142udnia), Holandii, Belgii (liczne nabrze\u017ca, targi kwiatowe) czy te\u017c do Londynu (widoki Tamizy i Tower Bridge). Jego prace \u2013 malowane przewa\u017cnie olejno, rzadko akwarel\u0119 \u2013 pojawiaj\u0105 si\u0119 cz\u0119sto na aukcjach sztuki.<\/p>","protected":false},"featured_media":7702,"comment_status":"closed","ping_status":"closed","template":"","meta":[],"product_cat":[41,39,40],"product_tag":[],"class_list":{"0":"post-7701","1":"product","2":"type-product","3":"status-publish","4":"has-post-thumbnail","6":"product_cat-malarstwo-dawne","7":"product_cat-dziela-sztuki","8":"product_cat-malarstwo","10":"entry","11":"has-media","13":"first","14":"instock","15":"taxable","16":"shipping-taxable","17":"purchasable","18":"product-type-simple","19":"has-product-nav","20":"col","21":"span_1_of_3","22":"owp-content-center","23":"owp-thumbs-layout-horizontal","24":"owp-btn-normal","25":"owp-tabs-layout-horizontal"},"aioseo_notices":[],"_links":{"self":[{"href":"https:\/\/antykilion.pl\/de\/wp-json\/wp\/v2\/product\/7701","targetHints":{"allow":["GET"]}}],"collection":[{"href":"https:\/\/antykilion.pl\/de\/wp-json\/wp\/v2\/product"}],"about":[{"href":"https:\/\/antykilion.pl\/de\/wp-json\/wp\/v2\/types\/product"}],"replies":[{"embeddable":true,"href":"https:\/\/antykilion.pl\/de\/wp-json\/wp\/v2\/comments?post=7701"}],"wp:featuredmedia":[{"embeddable":true,"href":"https:\/\/antykilion.pl\/de\/wp-json\/wp\/v2\/media\/7702"}],"wp:attachment":[{"href":"https:\/\/antykilion.pl\/de\/wp-json\/wp\/v2\/media?parent=7701"}],"wp:term":[{"taxonomy":"product_cat","embeddable":true,"href":"https:\/\/antykilion.pl\/de\/wp-json\/wp\/v2\/product_cat?post=7701"},{"taxonomy":"product_tag","embeddable":true,"href":"https:\/\/antykilion.pl\/de\/wp-json\/wp\/v2\/product_tag?post=7701"}],"curies":[{"name":"wp","href":"https:\/\/api.w.org\/{rel}","templated":true}]}}