{"id":7739,"date":"2023-11-15T09:53:39","date_gmt":"2023-11-15T08:53:39","guid":{"rendered":"https:\/\/antykilion.pl\/?post_type=product&#038;p=7739"},"modified":"2023-11-15T09:53:39","modified_gmt":"2023-11-15T08:53:39","slug":"serwis-rosenthal-obiadowo-kawowy-maria-galazki-borowek-syg-1930-40r-ogromny-na-12-osob","status":"publish","type":"product","link":"https:\/\/antykilion.pl\/de\/product\/serwis-rosenthal-obiadowo-kawowy-maria-galazki-borowek-syg-1930-40r-ogromny-na-12-osob\/","title":{"rendered":"Serwis Rosenthal obiadowo kawowy Maria ga\u0142\u0105zki bor\u00f3wek syg 1930\/40r ogromny na 12 os\u00f3b"},"content":{"rendered":"","protected":false},"excerpt":{"rendered":"<p>Serwis Rosenthal obiadowo kawowy Maria ga\u0142\u0105zki bor\u00f3wek syg 1930\/40r ogromny na 12 os\u00f3b<\/p>\n<p>dodatkowa sygnatura &#8221; Modell von Ph. Rosenthal &#8221; , co jest informacj\u0105, \u017ce ten model zosta\u0142 osobi\u015bcie zaprojektowany przez tw\u00f3rc\u0119 firmy &#8211; Philippe Rosenthala.<\/p>\n<p>Okazja!!!<\/p>\n<p>Die Website besteht aus:<\/p>\n<p>12 talerzy o \u015brednicy ok. 25 cm<\/p>\n<p>12 g\u0142\u0119bokich talerzy, \u015brednica ok. 25 cm<\/p>\n<p>12 p\u0142ytek wej\u015bciowych, \u015brednica ok. 22 cm<\/p>\n<p>12 talerzyk\u00f3w \u015bniadaniowych  17,5 cm<\/p>\n<p>12 podstawek pod fili\u017canki oko\u0142o 12,5 cm<\/p>\n<p>12 fili\u017canek do kawy<\/p>\n<p>1 Kaffeekanne<\/p>\n<p>1 Zuckerdose<\/p>\n<p>1 Molkerei<\/p>\n<p>1 dzbanek mleka du\u017cy<\/p>\n<p>1 sosjerka du\u017ca, d\u0142ugo\u015b\u0107 23 cm<\/p>\n<p>2 miski do serwowania, \u015brednica ok. 24 cm<\/p>\n<p>6 p\u00f3\u0142misk\u00f3w do serwowania, d\u0142ugo\u015b\u0107 ok. 25 &#8211; 37 cm<\/p>\n<p>1 waza do zupy z pokrywk\u0105, d\u0142ugo\u015b\u0107 ok. 35cm.<\/p>\n<p>Stan bardzo dobry wr\u0119cz idealny<\/p>\n<p>Pi\u0119kny bardzo elegancki<\/p>","protected":false},"featured_media":7740,"comment_status":"closed","ping_status":"closed","template":"","meta":[],"product_cat":[50],"product_tag":[],"class_list":{"0":"post-7739","1":"product","2":"type-product","3":"status-publish","4":"has-post-thumbnail","6":"product_cat-porcelana-i-fajans","8":"entry","9":"has-media","11":"first","12":"instock","13":"taxable","14":"shipping-taxable","15":"purchasable","16":"product-type-simple","17":"has-product-nav","18":"col","19":"span_1_of_3","20":"owp-content-center","21":"owp-thumbs-layout-horizontal","22":"owp-btn-normal","23":"owp-tabs-layout-horizontal"},"aioseo_notices":[],"_links":{"self":[{"href":"https:\/\/antykilion.pl\/de\/wp-json\/wp\/v2\/product\/7739","targetHints":{"allow":["GET"]}}],"collection":[{"href":"https:\/\/antykilion.pl\/de\/wp-json\/wp\/v2\/product"}],"about":[{"href":"https:\/\/antykilion.pl\/de\/wp-json\/wp\/v2\/types\/product"}],"replies":[{"embeddable":true,"href":"https:\/\/antykilion.pl\/de\/wp-json\/wp\/v2\/comments?post=7739"}],"wp:featuredmedia":[{"embeddable":true,"href":"https:\/\/antykilion.pl\/de\/wp-json\/wp\/v2\/media\/7740"}],"wp:attachment":[{"href":"https:\/\/antykilion.pl\/de\/wp-json\/wp\/v2\/media?parent=7739"}],"wp:term":[{"taxonomy":"product_cat","embeddable":true,"href":"https:\/\/antykilion.pl\/de\/wp-json\/wp\/v2\/product_cat?post=7739"},{"taxonomy":"product_tag","embeddable":true,"href":"https:\/\/antykilion.pl\/de\/wp-json\/wp\/v2\/product_tag?post=7739"}],"curies":[{"name":"wp","href":"https:\/\/api.w.org\/{rel}","templated":true}]}}