{"id":7779,"date":"2023-11-17T11:47:17","date_gmt":"2023-11-17T10:47:17","guid":{"rendered":"https:\/\/antykilion.pl\/?post_type=product&#038;p=7779"},"modified":"2025-12-28T20:06:36","modified_gmt":"2025-12-28T19:06:36","slug":"patera-na-nozkach-okolo-1870r-piekna","status":"publish","type":"product","link":"https:\/\/antykilion.pl\/de\/product\/patera-na-nozkach-okolo-1870r-piekna\/","title":{"rendered":"Patera na n\u00f3\u017ckach, oko\u0142o 1870r, Pi\u0119kna!"},"content":{"rendered":"","protected":false},"excerpt":{"rendered":"<p>Patera na n\u00f3\u017ckach, oko\u0142o 1870r, Pi\u0119kna!<\/p>\n<p>Wymiary: wysoko\u015b\u0107 oko\u0142o 4,5 cm, d\u0142ugo\u015b\u0107 oko\u0142o 134 cm szeroko\u015b\u0107 14 cm waga oko\u0142o 388 gr<\/p>\n<p>Srebro pr. 830<\/p>\n<p>znaki niezidentyfikowane Europa<\/p>\n<p>Stan bardzo dobry,stare luty pod jedn\u0105 z n\u00f3\u017cek<\/p>\n<p>Sch\u00f6n und einzigartig !!!<\/p>\n<p>Do ka\u017cdego przedmiotu galeria wystawia certyfikat<\/p>","protected":false},"featured_media":7780,"comment_status":"closed","ping_status":"closed","template":"","meta":[],"product_cat":[46],"product_tag":[],"class_list":{"0":"post-7779","1":"product","2":"type-product","3":"status-publish","4":"has-post-thumbnail","6":"product_cat-srebra-i-platery","8":"entry","9":"has-media","11":"first","12":"instock","13":"taxable","14":"shipping-taxable","15":"purchasable","16":"product-type-simple","17":"has-product-nav","18":"col","19":"span_1_of_3","20":"owp-content-center","21":"owp-thumbs-layout-horizontal","22":"owp-btn-normal","23":"owp-tabs-layout-horizontal"},"aioseo_notices":[],"_links":{"self":[{"href":"https:\/\/antykilion.pl\/de\/wp-json\/wp\/v2\/product\/7779","targetHints":{"allow":["GET"]}}],"collection":[{"href":"https:\/\/antykilion.pl\/de\/wp-json\/wp\/v2\/product"}],"about":[{"href":"https:\/\/antykilion.pl\/de\/wp-json\/wp\/v2\/types\/product"}],"replies":[{"embeddable":true,"href":"https:\/\/antykilion.pl\/de\/wp-json\/wp\/v2\/comments?post=7779"}],"wp:featuredmedia":[{"embeddable":true,"href":"https:\/\/antykilion.pl\/de\/wp-json\/wp\/v2\/media\/7780"}],"wp:attachment":[{"href":"https:\/\/antykilion.pl\/de\/wp-json\/wp\/v2\/media?parent=7779"}],"wp:term":[{"taxonomy":"product_cat","embeddable":true,"href":"https:\/\/antykilion.pl\/de\/wp-json\/wp\/v2\/product_cat?post=7779"},{"taxonomy":"product_tag","embeddable":true,"href":"https:\/\/antykilion.pl\/de\/wp-json\/wp\/v2\/product_tag?post=7779"}],"curies":[{"name":"wp","href":"https:\/\/api.w.org\/{rel}","templated":true}]}}