{"id":7792,"date":"2023-11-17T14:36:06","date_gmt":"2023-11-17T13:36:06","guid":{"rendered":"https:\/\/antykilion.pl\/?post_type=product&#038;p=7792"},"modified":"2026-03-14T12:38:07","modified_gmt":"2026-03-14T11:38:07","slug":"krzesla-w-stylu-ludwika-xvi-paryz-xviii-wiek","status":"publish","type":"product","link":"https:\/\/antykilion.pl\/de\/product\/krzesla-w-stylu-ludwika-xvi-paryz-xviii-wiek\/","title":{"rendered":"Krzes\u0142a w stylu Ludwika XVI Pary\u017c XVIII wiek"},"content":{"rendered":"","protected":false},"excerpt":{"rendered":"<p>Krzes\u0142a w stylu Ludwika XVI Pary\u017c XVIII wiek<\/p>\n<p>Krzes\u0142a, z medalionowym, tapicerowanym oparciem; siedzisko tapicerowane; nogi proste, kanelowane; ca\u0142o\u015b\u0107 zdobiona ornamentem cekinowym, snycerowanymi motywami kwiatowymi oraz rozetami.<\/p>\n<p>Konstrukcja masyw orzech, bogata snycerka.,<\/p>\n<p>Powstanie: Francja, Pary\u017c XVIII wiek oko\u0142o 1760 r<\/p>\n<p>Stan: bardzo dobry wr\u0119cz idealny,tapicerka po renowacji<br \/>\nWymiary: podane wy\u017cej<\/p>\n<p>Cena dotyczy 1 szt<\/p>","protected":false},"featured_media":7793,"comment_status":"closed","ping_status":"closed","template":"","meta":[],"product_cat":[28,17],"product_tag":[],"class_list":{"0":"post-7792","1":"product","2":"type-product","3":"status-publish","4":"has-post-thumbnail","6":"product_cat-krzesla","7":"product_cat-meble","9":"entry","10":"has-media","12":"first","13":"instock","14":"taxable","15":"shipping-taxable","16":"purchasable","17":"product-type-simple","18":"has-product-nav","19":"col","20":"span_1_of_3","21":"owp-content-center","22":"owp-thumbs-layout-horizontal","23":"owp-btn-normal","24":"owp-tabs-layout-horizontal"},"aioseo_notices":[],"_links":{"self":[{"href":"https:\/\/antykilion.pl\/de\/wp-json\/wp\/v2\/product\/7792","targetHints":{"allow":["GET"]}}],"collection":[{"href":"https:\/\/antykilion.pl\/de\/wp-json\/wp\/v2\/product"}],"about":[{"href":"https:\/\/antykilion.pl\/de\/wp-json\/wp\/v2\/types\/product"}],"replies":[{"embeddable":true,"href":"https:\/\/antykilion.pl\/de\/wp-json\/wp\/v2\/comments?post=7792"}],"wp:featuredmedia":[{"embeddable":true,"href":"https:\/\/antykilion.pl\/de\/wp-json\/wp\/v2\/media\/7793"}],"wp:attachment":[{"href":"https:\/\/antykilion.pl\/de\/wp-json\/wp\/v2\/media?parent=7792"}],"wp:term":[{"taxonomy":"product_cat","embeddable":true,"href":"https:\/\/antykilion.pl\/de\/wp-json\/wp\/v2\/product_cat?post=7792"},{"taxonomy":"product_tag","embeddable":true,"href":"https:\/\/antykilion.pl\/de\/wp-json\/wp\/v2\/product_tag?post=7792"}],"curies":[{"name":"wp","href":"https:\/\/api.w.org\/{rel}","templated":true}]}}