{"id":7811,"date":"2023-11-19T09:06:50","date_gmt":"2023-11-19T08:06:50","guid":{"rendered":"https:\/\/antykilion.pl\/?post_type=product&#038;p=7811"},"modified":"2024-04-26T14:44:12","modified_gmt":"2024-04-26T12:44:12","slug":"konsola-w-stylu-ludwika-xv-z-xviii-w-okolo-1760-r","status":"publish","type":"product","link":"https:\/\/antykilion.pl\/de\/product\/konsola-w-stylu-ludwika-xv-z-xviii-w-okolo-1760-r\/","title":{"rendered":"Konsola \u00a0w stylu Ludwika XV z XVIII w oko\u0142o 1760 r"},"content":{"rendered":"","protected":false},"excerpt":{"rendered":"<p>Konsola \u00a0w stylu Ludwika XV z XVIII w oko\u0142o 1760 r<\/p>\n<p>z marmurowym blatem, o falistych elementach szkieletu, rze\u017abionych w motywy rocaillowe, kwiaty, ceownice, poz\u0142acanych. Wsparta od frontu na dw\u00f3ch kabriolowych podporach, spi\u0119tych \u0142\u0105czyn\u0105, z ty\u0142u mocowana do \u015bciany. Oskrzynienie a\u017curowe<\/p>\n<p>Mebel wykonany rzemie\u015blniczo, z widocznymi \u015bladami obr\u00f3bki r\u0119cznej. Zachowany w dobrym stanie, ze \u015bladami niewielkiej konserwacji. Rzadki na rynku polskim.<\/p>\n<p>Pochodzenie: Europa zachodnia Francja<\/p>\n<p>Stan\u00a0 bardzo dobry orginalny !!!, widoczne \u015blady u\u017cytkowania o drobne naprawy<\/p>\n<p>Wymiary:\u00a0 wysoko\u015b\u0107 88 cm, d\u0142ugo\u015b\u0107 89 cm, g\u0142\u0119boko\u015b\u0107 oko\u0142o 47 cm<\/p>\n<p>Materia\u0142: drzewo, z\u0142ocenia<\/p>\n<p>Ogromna rzadko\u015b\u0107 !!!<\/p>","protected":false},"featured_media":7812,"comment_status":"closed","ping_status":"closed","template":"","meta":[],"product_cat":[30,17,33],"product_tag":[],"class_list":{"0":"post-7811","1":"product","2":"type-product","3":"status-publish","4":"has-post-thumbnail","6":"product_cat-lustra","7":"product_cat-meble","8":"product_cat-stoly-stoliki","10":"entry","11":"has-media","13":"first","14":"instock","15":"taxable","16":"shipping-taxable","17":"purchasable","18":"product-type-simple","19":"has-product-nav","20":"col","21":"span_1_of_3","22":"owp-content-center","23":"owp-thumbs-layout-horizontal","24":"owp-btn-normal","25":"owp-tabs-layout-horizontal"},"aioseo_notices":[],"_links":{"self":[{"href":"https:\/\/antykilion.pl\/de\/wp-json\/wp\/v2\/product\/7811","targetHints":{"allow":["GET"]}}],"collection":[{"href":"https:\/\/antykilion.pl\/de\/wp-json\/wp\/v2\/product"}],"about":[{"href":"https:\/\/antykilion.pl\/de\/wp-json\/wp\/v2\/types\/product"}],"replies":[{"embeddable":true,"href":"https:\/\/antykilion.pl\/de\/wp-json\/wp\/v2\/comments?post=7811"}],"wp:featuredmedia":[{"embeddable":true,"href":"https:\/\/antykilion.pl\/de\/wp-json\/wp\/v2\/media\/7812"}],"wp:attachment":[{"href":"https:\/\/antykilion.pl\/de\/wp-json\/wp\/v2\/media?parent=7811"}],"wp:term":[{"taxonomy":"product_cat","embeddable":true,"href":"https:\/\/antykilion.pl\/de\/wp-json\/wp\/v2\/product_cat?post=7811"},{"taxonomy":"product_tag","embeddable":true,"href":"https:\/\/antykilion.pl\/de\/wp-json\/wp\/v2\/product_tag?post=7811"}],"curies":[{"name":"wp","href":"https:\/\/api.w.org\/{rel}","templated":true}]}}