{"id":8040,"date":"2024-03-29T09:22:47","date_gmt":"2024-03-29T08:22:47","guid":{"rendered":"https:\/\/antykilion.pl\/?post_type=product&#038;p=8040"},"modified":"2025-04-06T18:37:35","modified_gmt":"2025-04-06T16:37:35","slug":"toaletka-pudreza-w-stylu-klasycystycznym-xviii-w-okolo-1780-r-okazja","status":"publish","type":"product","link":"https:\/\/antykilion.pl\/de\/product\/toaletka-pudreza-w-stylu-klasycystycznym-xviii-w-okolo-1780-r-okazja\/","title":{"rendered":"Toaletka &#8211; pudreza w stylu klasycystycznym XVIII w, oko\u0142o 1780 r okazja !!!"},"content":{"rendered":"","protected":false},"excerpt":{"rendered":"<p>Toaletka w formie stolika, z tr\u00f3jskrzyd\u0142owym blatem, \u015brodkowym skrzyd\u0142em odk\u0142adanym do g\u00f3ry i bocznymi na boki, z trzema szufladkami w oskrzynieniu, wsparta na czterech graniastych, zbie\u017cnych n\u00f3\u017ckach. Front oskrzynienia imituje podzia\u0142 na sze\u015b\u0107 szuflad, z czego g\u00f3rny rz\u0105d stanowi bok wewn\u0105trz umieszczonych pojemnik\u00f3w. Powierzchnie skrzyde\u0142 uj\u0119te obramieniem, wst\u0119gami i \u017cy\u0142kami. Podobnie ozdobione lica i pseudo-lica szufladek. Ob\u0142\u0119dne intarsje !!!<\/p>\n<p>Mebel o formie i dekoracji w\u0142a\u015bciwej wczesno-klasycystycznym francuskim pudrezom z oko\u0142o po\u0142owy XVIII wieku. Dodatkowo style francuskiego\u00a0 klasycyzmu uwa\u017cane by\u0142y za godne wn\u0119trz pa\u0142acowych. Pudrezy wykorzystywano do cel\u00f3w toaletowych, do trefienia peruki.<\/p>\n<p>Herkunft: Frankreich<\/p>\n<p>Stan\u00a0 bardzo dobry, orginalny.opr\u00f3cz jaki\u015b amatorskich napraw nigdy nie przechodzi\u0142a renowacji, prosz\u0119 wzi\u0105\u0107 pod uwag\u0119 \u017ce mebel ma prawie 300 lat!!!<\/p>\n<p>Wymiary: wysoko\u015b\u0107 75 cm, d\u0142ugo\u015b\u0107 80 cm, g\u0142\u0119boko\u015b\u0107 oko\u0142o 45 cm<\/p>\n<p>Materia\u0142: forniry owocowe i r\u00f3\u017ca<\/p>\n<p>Okres: Klasycyzm oko\u0142o 1780<\/p>\n<p>Mebel bardzo rzadki na rynku antykwarycznym<\/p>","protected":false},"featured_media":8043,"comment_status":"closed","ping_status":"closed","template":"","meta":[],"product_cat":[30,17,36],"product_tag":[],"class_list":{"0":"post-8040","1":"product","2":"type-product","3":"status-publish","4":"has-post-thumbnail","6":"product_cat-lustra","7":"product_cat-meble","8":"product_cat-toaletki","10":"entry","11":"has-media","13":"first","14":"instock","15":"taxable","16":"shipping-taxable","17":"purchasable","18":"product-type-simple","19":"has-product-nav","20":"col","21":"span_1_of_3","22":"owp-content-center","23":"owp-thumbs-layout-horizontal","24":"owp-btn-normal","25":"owp-tabs-layout-horizontal"},"aioseo_notices":[],"_links":{"self":[{"href":"https:\/\/antykilion.pl\/de\/wp-json\/wp\/v2\/product\/8040","targetHints":{"allow":["GET"]}}],"collection":[{"href":"https:\/\/antykilion.pl\/de\/wp-json\/wp\/v2\/product"}],"about":[{"href":"https:\/\/antykilion.pl\/de\/wp-json\/wp\/v2\/types\/product"}],"replies":[{"embeddable":true,"href":"https:\/\/antykilion.pl\/de\/wp-json\/wp\/v2\/comments?post=8040"}],"wp:featuredmedia":[{"embeddable":true,"href":"https:\/\/antykilion.pl\/de\/wp-json\/wp\/v2\/media\/8043"}],"wp:attachment":[{"href":"https:\/\/antykilion.pl\/de\/wp-json\/wp\/v2\/media?parent=8040"}],"wp:term":[{"taxonomy":"product_cat","embeddable":true,"href":"https:\/\/antykilion.pl\/de\/wp-json\/wp\/v2\/product_cat?post=8040"},{"taxonomy":"product_tag","embeddable":true,"href":"https:\/\/antykilion.pl\/de\/wp-json\/wp\/v2\/product_tag?post=8040"}],"curies":[{"name":"wp","href":"https:\/\/api.w.org\/{rel}","templated":true}]}}