{"id":8063,"date":"2024-03-29T17:12:36","date_gmt":"2024-03-29T16:12:36","guid":{"rendered":"https:\/\/antykilion.pl\/?post_type=product&#038;p=8063"},"modified":"2026-02-06T11:47:00","modified_gmt":"2026-02-06T10:47:00","slug":"fotel-xix-wiek-w-stylu-ludwika-xv-okolo-1880-r","status":"publish","type":"product","link":"https:\/\/antykilion.pl\/de\/product\/fotel-xix-wiek-w-stylu-ludwika-xv-okolo-1880-r\/","title":{"rendered":"Fotel XIX wiek, w stylu ludwika XV oko\u0142o 1880 r"},"content":{"rendered":"","protected":false},"excerpt":{"rendered":"<p>Fotel XIX wiek, w stylu ludwika XV oko\u0142o 1880 r<\/p>\n<p>Fotel w stylu Ludwika XV<\/p>\n<p>o falistych i profilowanych kszta\u0142tach konstrukcji, tapicerowany na siedzisku, oparciu i na por\u0119czach, wsparte na czterech nogach,  zar\u00f3wno przednich jak i tylnych kabriolowych zako\u0144czonych sto\u017ckowato,<\/p>\n<p>Die R\u00fcckenlehnen sind leicht nach hinten geneigt, \u00e4hnlich wie ein Rechteck, mit geschnitzten Spitzen in Form von Muscheln und Akanthusbl\u00e4ttern. Vorne breitere Sitze, an den Seiten ein gebogener Rahmen, vorne profiliert, unten mit Riemen mit Federn befestigt. Handl\u00e4ufe gemei\u00dfelt, nach au\u00dfen gebogen, gegen\u00fcber der Vorderflanke leicht zur\u00fcckgesetzt.<\/p>\n<p>Konstrukcja Buczyna z\u0142ocona, bogata snycerka.,<\/p>\n<p>Aufstand: Frankreich, 2. H\u00e4lfte XIX Jahrhundert. Jeanselme Werkstatt?<\/p>\n<p>Zustand: sehr gut<\/p>\n<p>Wymiary: wysoko\u015b\u0107 siedziska oko\u0142o 45 cm, wysoko\u015b\u0107 oparcia oko\u0142o 102 cm.<\/p>","protected":false},"featured_media":8064,"comment_status":"closed","ping_status":"closed","template":"","meta":[],"product_cat":[24,17],"product_tag":[],"class_list":{"0":"post-8063","1":"product","2":"type-product","3":"status-publish","4":"has-post-thumbnail","6":"product_cat-fotele","7":"product_cat-meble","9":"entry","10":"has-media","12":"first","13":"instock","14":"taxable","15":"shipping-taxable","16":"purchasable","17":"product-type-simple","18":"has-product-nav","19":"col","20":"span_1_of_3","21":"owp-content-center","22":"owp-thumbs-layout-horizontal","23":"owp-btn-normal","24":"owp-tabs-layout-horizontal"},"aioseo_notices":[],"_links":{"self":[{"href":"https:\/\/antykilion.pl\/de\/wp-json\/wp\/v2\/product\/8063","targetHints":{"allow":["GET"]}}],"collection":[{"href":"https:\/\/antykilion.pl\/de\/wp-json\/wp\/v2\/product"}],"about":[{"href":"https:\/\/antykilion.pl\/de\/wp-json\/wp\/v2\/types\/product"}],"replies":[{"embeddable":true,"href":"https:\/\/antykilion.pl\/de\/wp-json\/wp\/v2\/comments?post=8063"}],"wp:featuredmedia":[{"embeddable":true,"href":"https:\/\/antykilion.pl\/de\/wp-json\/wp\/v2\/media\/8064"}],"wp:attachment":[{"href":"https:\/\/antykilion.pl\/de\/wp-json\/wp\/v2\/media?parent=8063"}],"wp:term":[{"taxonomy":"product_cat","embeddable":true,"href":"https:\/\/antykilion.pl\/de\/wp-json\/wp\/v2\/product_cat?post=8063"},{"taxonomy":"product_tag","embeddable":true,"href":"https:\/\/antykilion.pl\/de\/wp-json\/wp\/v2\/product_tag?post=8063"}],"curies":[{"name":"wp","href":"https:\/\/api.w.org\/{rel}","templated":true}]}}