{"id":8081,"date":"2024-04-14T11:46:23","date_gmt":"2024-04-14T09:46:23","guid":{"rendered":"https:\/\/antykilion.pl\/?post_type=product&#038;p=8081"},"modified":"2024-04-14T11:46:23","modified_gmt":"2024-04-14T09:46:23","slug":"stolik-pomocniczy-neorokokowy-do-robotek-i-toalety-xix-xx-w-piekny","status":"publish","type":"product","link":"https:\/\/antykilion.pl\/de\/product\/stolik-pomocniczy-neorokokowy-do-robotek-i-toalety-xix-xx-w-piekny\/","title":{"rendered":"Stolik pomocniczy neorokokowy \u00a0do rob\u00f3tek i toalety, XIX \/ XX w. pi\u0119kny!!!"},"content":{"rendered":"","protected":false},"excerpt":{"rendered":"<p>Stolik pomocniczy neorokokowy \u00a0do rob\u00f3tek i toalety, XIX \/ XX w. pi\u0119kny!!!<\/p>\n<p>Stolik z blatem prostok\u0105tnym, delikatnie falistym w zarysie, odk\u0142adanym, z szerokim oskrzyneiniem, pod kt\u00f3rym wysuwana jest szuflada, wsparty na czterech esowatych n\u00f3\u017ckach. Ca\u0142o\u015b\u0107 pokryta oklein\u0105 r\u00f3\u017can\u0105, fornirowana i intarsjowana w romby, na \u015brodku blatu kwiaty. Obrze\u017ce blatu uj\u0119te okuciem w formie listwy. Na g\u00f3rnych naro\u017cach n\u00f3g okucia z li\u015bci wok\u00f3\u0142 niewielkiego medalionu. Stolik wzorowany na francuskich formach rokokowych, w nowej funkcji do przechowywania rob\u00f3tek, wysuwanym spod oskrzynienia. Prezentowany mebel zapewne wykonany we Francji, gdzie modele te cieszy\u0142y si\u0119 nieustaj\u0105cym powodzeniem.<\/p>\n<p>Stan: Bardzo dobry orgiinalny , oczywi\u015bcie wida\u0107 drobne \u015blady u\u017cytkowania<\/p>\n<p>Pochodzenie: Francja,<\/p>\n<p>Materia\u0142: okleiny r\u00f3\u017cana i wiele innych egzotycznych<\/p>\n<p>Wymiary:Wysoko\u015b\u0107 73 cm, d\u0142ugo\u015b\u0107 59 cm, szer. 40 cm<\/p>","protected":false},"featured_media":8082,"comment_status":"closed","ping_status":"closed","template":"","meta":[],"product_cat":[17,33],"product_tag":[],"class_list":{"0":"post-8081","1":"product","2":"type-product","3":"status-publish","4":"has-post-thumbnail","6":"product_cat-meble","7":"product_cat-stoly-stoliki","9":"entry","10":"has-media","12":"first","13":"instock","14":"taxable","15":"shipping-taxable","16":"purchasable","17":"product-type-simple","18":"has-product-nav","19":"col","20":"span_1_of_3","21":"owp-content-center","22":"owp-thumbs-layout-horizontal","23":"owp-btn-normal","24":"owp-tabs-layout-horizontal"},"aioseo_notices":[],"_links":{"self":[{"href":"https:\/\/antykilion.pl\/de\/wp-json\/wp\/v2\/product\/8081","targetHints":{"allow":["GET"]}}],"collection":[{"href":"https:\/\/antykilion.pl\/de\/wp-json\/wp\/v2\/product"}],"about":[{"href":"https:\/\/antykilion.pl\/de\/wp-json\/wp\/v2\/types\/product"}],"replies":[{"embeddable":true,"href":"https:\/\/antykilion.pl\/de\/wp-json\/wp\/v2\/comments?post=8081"}],"wp:featuredmedia":[{"embeddable":true,"href":"https:\/\/antykilion.pl\/de\/wp-json\/wp\/v2\/media\/8082"}],"wp:attachment":[{"href":"https:\/\/antykilion.pl\/de\/wp-json\/wp\/v2\/media?parent=8081"}],"wp:term":[{"taxonomy":"product_cat","embeddable":true,"href":"https:\/\/antykilion.pl\/de\/wp-json\/wp\/v2\/product_cat?post=8081"},{"taxonomy":"product_tag","embeddable":true,"href":"https:\/\/antykilion.pl\/de\/wp-json\/wp\/v2\/product_tag?post=8081"}],"curies":[{"name":"wp","href":"https:\/\/api.w.org\/{rel}","templated":true}]}}