{"id":8092,"date":"2024-04-14T14:47:05","date_gmt":"2024-04-14T12:47:05","guid":{"rendered":"https:\/\/antykilion.pl\/?post_type=product&#038;p=8092"},"modified":"2024-10-04T11:19:39","modified_gmt":"2024-10-04T09:19:39","slug":"ogromna-waza-helena-wolfsohn-okolo-1879-r-obledna","status":"publish","type":"product","link":"https:\/\/antykilion.pl\/de\/product\/ogromna-waza-helena-wolfsohn-okolo-1879-r-obledna\/","title":{"rendered":"Ogromna waza Helena Wolfsohn, oko\u0142o 1879  r ob\u0142\u0119dna !!!"},"content":{"rendered":"","protected":false},"excerpt":{"rendered":"<p>Wazon dekoracyjny, owoidalny z kopulast\u0105 pokryw\u0105 z ko\u0142nierzem; na brzu\u015bcu oraz pokrywie w rezerwach naprzemiennie scenki rodzajowe w stylu Watteau w scenerii parkowej, oraz bukiety kwiat\u00f3w na r\u00f3\u017cowym tle; wok\u00f3\u0142 szyjki oraz wzd\u0142u\u017c p\u00f3l z dekoracj\u0105 szlaki z\u0142oce\u0144 z motywem ro\u015blinnej wici i p\u0119cherzy.<\/p>\n<p>Wytw\u00f3rnia Heleny Wolfsohn na\u015bladowa\u0142a wyroby mi\u015bnie\u0144skie, st\u0105d w sygnaturze litery &#8220;AR&#8221; &#8211; August Rex stosowane od 1879 r.<\/p>\n<p>Stan: Bardzo dobry, wr\u0119cz idealny na ten wiek<\/p>\n<p>Wymiary: oko\u0142o 67 cm ogromna<\/p>\n<p>Pochodzenie: Niemcy<\/p>\n<p>Ob\u0142\u0119dna !!!<\/p>\n<p>Bardzo dobra cena<\/p>","protected":false},"featured_media":8093,"comment_status":"closed","ping_status":"closed","template":"","meta":[],"product_cat":[50],"product_tag":[],"class_list":{"0":"post-8092","1":"product","2":"type-product","3":"status-publish","4":"has-post-thumbnail","6":"product_cat-porcelana-i-fajans","8":"entry","9":"has-media","11":"first","12":"instock","13":"taxable","14":"shipping-taxable","15":"purchasable","16":"product-type-simple","17":"has-product-nav","18":"col","19":"span_1_of_3","20":"owp-content-center","21":"owp-thumbs-layout-horizontal","22":"owp-btn-normal","23":"owp-tabs-layout-horizontal"},"aioseo_notices":[],"_links":{"self":[{"href":"https:\/\/antykilion.pl\/de\/wp-json\/wp\/v2\/product\/8092","targetHints":{"allow":["GET"]}}],"collection":[{"href":"https:\/\/antykilion.pl\/de\/wp-json\/wp\/v2\/product"}],"about":[{"href":"https:\/\/antykilion.pl\/de\/wp-json\/wp\/v2\/types\/product"}],"replies":[{"embeddable":true,"href":"https:\/\/antykilion.pl\/de\/wp-json\/wp\/v2\/comments?post=8092"}],"wp:featuredmedia":[{"embeddable":true,"href":"https:\/\/antykilion.pl\/de\/wp-json\/wp\/v2\/media\/8093"}],"wp:attachment":[{"href":"https:\/\/antykilion.pl\/de\/wp-json\/wp\/v2\/media?parent=8092"}],"wp:term":[{"taxonomy":"product_cat","embeddable":true,"href":"https:\/\/antykilion.pl\/de\/wp-json\/wp\/v2\/product_cat?post=8092"},{"taxonomy":"product_tag","embeddable":true,"href":"https:\/\/antykilion.pl\/de\/wp-json\/wp\/v2\/product_tag?post=8092"}],"curies":[{"name":"wp","href":"https:\/\/api.w.org\/{rel}","templated":true}]}}