{"id":826,"date":"2020-02-02T14:02:13","date_gmt":"2020-02-02T13:02:13","guid":{"rendered":"https:\/\/antykilion.pl\/?post_type=product&#038;p=826"},"modified":"2025-02-28T15:54:40","modified_gmt":"2025-02-28T14:54:40","slug":"pierre-de-clausade-french-1910-1976","status":"publish","type":"product","link":"https:\/\/antykilion.pl\/de\/product\/pierre-de-clausade-french-1910-1976\/","title":{"rendered":"Pierre de Clausade (franz\u00f6sisch, 1910\u20131976)"},"content":{"rendered":"<p>Biografie - Pierre de Clausade [1910\u20131975]<\/p>\n<p>Pierre de Clausade wurde am 15. April 1910 in Paris geboren. Pierre de Clausade begann erst im Alter von 31 Jahren mit dem Malen f\u00fcr Ausstellungen. Dies liegt an seiner Bereitschaft, eine v\u00f6llig individuelle Technik zu entwickeln, die \u00fcber viele Jahre endloses Experimentieren erforderte. 1943 organisierte der K\u00fcnstler seine erste Ausstellung in Paris. Es war ein gro\u00dfer Erfolg und \u00e4hnliche Ergebnisse wurden bei nachfolgenden Ausstellungen erzielt, die er in den folgenden Jahren organisierte. Pierre de Clausades Ruhm verbreitete sich schnell in ganz Europa und erreichte bald Amerika. In den 1930er, 1940er und 1950er Jahren unternahm er auch kommerzielle Arbeiten, darunter die Lithographie von Esso-\u00d6len und &quot;Gala des Bataillons du ciel&quot;.<br \/>\nGelistet:<\/p>\n<p>Bald stellte er in Paris aus (Le Salon, Beaux-Arts 1942, 1943, 1944, 1946, 1947, 1948),<\/p>\n<p>London, New York, Montreal, Rio de Janeiro, Sao Paulo, Lissabon, Alexandrie, LeCaire, Beyrouth und Vienne. Clausade war Mitglied des Salon d&#039;Hiver und stellte auch h\u00e4ufig in der Societe Nationale des Beaux Arts aus. Beispiele f\u00fcr Clausades Arbeiten finden sich in Museen in Boston und Minneapolis.<br \/>\nWas hat Pierre de Clausade gemalt?<\/p>\n<p>Pierre de Clausade malte haupts\u00e4chlich franz\u00f6sische K\u00fcstenlandschaften mit Themen wie &quot;Normandie&quot;, &quot;Passage de Loire&quot;, &quot;Bords de la Loire&quot;, &quot;La Cote Bretagne&quot;, &quot;Scene de Campagne&quot; und &quot;Dans La Dordogne&quot;. Einige haben einfache Fischerboote. Er malte jedoch auch Paris mit Titeln wie &quot;Neige sur Notre Dame&quot; und &quot;Pont Neuf&quot; und Venedig mit Titeln wie &quot;St. Georges Venise \u201cund\u201e Santa Maria Della Salute \u201c. Seine Akte, Werbearbeiten und Portr\u00e4ts sind selten zu sehen.<\/p>","protected":false},"excerpt":{"rendered":"<p>Pierre de Clausade (franz\u00f6sisch, 1910\u20131976)<br \/>\nSch\u00f6ne, hochwertige Malerei, Pastellfarben.<br \/>\nTechnik: \u00d6l auf Leinwand, Originalrahmen.<br \/>\nStan: obraz po profesjonalnej konserwacji<br \/>\nAbmessungen: mit einem Rahmen von 114 cm x 87 cm<br \/>\nUnten finden Sie die Biografie des K\u00fcnstlers und Informationen zu seinen Werken <\/p>","protected":false},"featured_media":5646,"comment_status":"closed","ping_status":"closed","template":"","meta":[],"product_cat":[41,39,40],"product_tag":[],"class_list":{"0":"post-826","1":"product","2":"type-product","3":"status-publish","4":"has-post-thumbnail","6":"product_cat-malarstwo-dawne","7":"product_cat-dziela-sztuki","8":"product_cat-malarstwo","10":"entry","11":"has-media","13":"first","14":"instock","15":"taxable","16":"shipping-taxable","17":"purchasable","18":"product-type-simple","19":"has-product-nav","20":"col","21":"span_1_of_3","22":"owp-content-center","23":"owp-thumbs-layout-horizontal","24":"owp-btn-normal","25":"owp-tabs-layout-horizontal"},"aioseo_notices":[],"_links":{"self":[{"href":"https:\/\/antykilion.pl\/de\/wp-json\/wp\/v2\/product\/826","targetHints":{"allow":["GET"]}}],"collection":[{"href":"https:\/\/antykilion.pl\/de\/wp-json\/wp\/v2\/product"}],"about":[{"href":"https:\/\/antykilion.pl\/de\/wp-json\/wp\/v2\/types\/product"}],"replies":[{"embeddable":true,"href":"https:\/\/antykilion.pl\/de\/wp-json\/wp\/v2\/comments?post=826"}],"wp:featuredmedia":[{"embeddable":true,"href":"https:\/\/antykilion.pl\/de\/wp-json\/wp\/v2\/media\/5646"}],"wp:attachment":[{"href":"https:\/\/antykilion.pl\/de\/wp-json\/wp\/v2\/media?parent=826"}],"wp:term":[{"taxonomy":"product_cat","embeddable":true,"href":"https:\/\/antykilion.pl\/de\/wp-json\/wp\/v2\/product_cat?post=826"},{"taxonomy":"product_tag","embeddable":true,"href":"https:\/\/antykilion.pl\/de\/wp-json\/wp\/v2\/product_tag?post=826"}],"curies":[{"name":"wp","href":"https:\/\/api.w.org\/{rel}","templated":true}]}}