{"id":8279,"date":"2024-05-15T19:03:16","date_gmt":"2024-05-15T17:03:16","guid":{"rendered":"https:\/\/antykilion.pl\/?post_type=product&#038;p=8279"},"modified":"2024-05-15T19:03:16","modified_gmt":"2024-05-15T17:03:16","slug":"victor-paillard-1805-1886-lampa-stolowa-z-brazu-xix-w-okolo-1840-r-obledna","status":"publish","type":"product","link":"https:\/\/antykilion.pl\/de\/product\/victor-paillard-1805-1886-lampa-stolowa-z-brazu-xix-w-okolo-1840-r-obledna\/","title":{"rendered":"VICTOR PAILLARD (1805-1886)  Lampa sto\u0142owa z br\u0105zu XIX w oko\u0142o 1840 r, ob\u0142\u0119dna"},"content":{"rendered":"","protected":false},"excerpt":{"rendered":"<p>VICTOR PAILLARD (1805-1886)<\/p>\n<p>Lampa sto\u0142owa z br\u0105zu XIX w oko\u0142o 1840 r, ob\u0142\u0119dna<\/p>\n<p>Grupa figurek z patynowanego br\u0105zu sk\u0142adaj\u0105ca si\u0119 z trzech putt\u00f3w, oznaczonych Paillard \u00e0 Paris, na zielonkawej marmurowej podstawie<\/p>\n<p>Materia\u0142: br\u0105z, marmur<\/p>\n<p>wys. 64 cm,<\/p>\n<p>Francja, Pary\u017c,<\/p>\n<p>Stan: Bardzo dobry wr\u0119cz rewelacyjny jedynie ma\u0142y odprysk na kraw\u0119dzi marmuru<\/p>\n<p>rewelacyjna cena<\/p>\n<p>ceny to nawet powy\u017cej 17000 euro<\/p>","protected":false},"featured_media":8280,"comment_status":"closed","ping_status":"closed","template":"","meta":[],"product_cat":[47],"product_tag":[],"class_list":{"0":"post-8279","1":"product","2":"type-product","3":"status-publish","4":"has-post-thumbnail","6":"product_cat-oswietlenie","8":"entry","9":"has-media","11":"first","12":"instock","13":"taxable","14":"shipping-taxable","15":"purchasable","16":"product-type-simple","17":"has-product-nav","18":"col","19":"span_1_of_3","20":"owp-content-center","21":"owp-thumbs-layout-horizontal","22":"owp-btn-normal","23":"owp-tabs-layout-horizontal"},"aioseo_notices":[],"_links":{"self":[{"href":"https:\/\/antykilion.pl\/de\/wp-json\/wp\/v2\/product\/8279","targetHints":{"allow":["GET"]}}],"collection":[{"href":"https:\/\/antykilion.pl\/de\/wp-json\/wp\/v2\/product"}],"about":[{"href":"https:\/\/antykilion.pl\/de\/wp-json\/wp\/v2\/types\/product"}],"replies":[{"embeddable":true,"href":"https:\/\/antykilion.pl\/de\/wp-json\/wp\/v2\/comments?post=8279"}],"wp:featuredmedia":[{"embeddable":true,"href":"https:\/\/antykilion.pl\/de\/wp-json\/wp\/v2\/media\/8280"}],"wp:attachment":[{"href":"https:\/\/antykilion.pl\/de\/wp-json\/wp\/v2\/media?parent=8279"}],"wp:term":[{"taxonomy":"product_cat","embeddable":true,"href":"https:\/\/antykilion.pl\/de\/wp-json\/wp\/v2\/product_cat?post=8279"},{"taxonomy":"product_tag","embeddable":true,"href":"https:\/\/antykilion.pl\/de\/wp-json\/wp\/v2\/product_tag?post=8279"}],"curies":[{"name":"wp","href":"https:\/\/api.w.org\/{rel}","templated":true}]}}