{"id":8322,"date":"2024-05-19T15:40:47","date_gmt":"2024-05-19T13:40:47","guid":{"rendered":"https:\/\/antykilion.pl\/?post_type=product&#038;p=8322"},"modified":"2024-05-19T15:40:48","modified_gmt":"2024-05-19T13:40:48","slug":"jan-fyt-atrybucja-martwa-natura-z-trofeami-mysliwskimi-i-kapucynka-okolo-1650-roku","status":"publish","type":"product","link":"https:\/\/antykilion.pl\/de\/product\/jan-fyt-atrybucja-martwa-natura-z-trofeami-mysliwskimi-i-kapucynka-okolo-1650-roku\/","title":{"rendered":"Jan Fyt atrybucja, martwa natura z trofeami my\u015bliwskimi i kapucynk\u0105, oko\u0142o 1650 roku"},"content":{"rendered":"","protected":false},"excerpt":{"rendered":"<p>Jan Fyt atrybucja, martwa natura z trofeami my\u015bliwskimi i kapucynk\u0105, oko\u0142o 1650 roku<\/p>\n<p>Sygnatura: nie znaleziono<\/p>\n<p>Technik: \u00d6l auf Leinwand<\/p>\n<p>Stan: dobry, p\u0142\u00f3tno dublowane<\/p>\n<p>Wymiary: p\u0142\u00f3tno 90 cm na 121 cm z ram\u0105 108 cm na 141 cm<\/p>\n<p>Unten finden Sie Informationen zum K\u00fcnstler<\/p>\n<p>(Antwerski malarz &#8211; Jan Fyt) obok Fransa Snydera by\u0142 najs\u0142ynniejszym flamandzkim malarzem martwych natur [&#8230;] by\u0142 artyst\u0105 bardzo p\u0142odnym, pozostawi\u0142 ok. 300 obraz\u00f3w datowanych od 1638 do 1661, istnieje te\u017c wiele jego autentycznych dzie\u0142, kt\u00f3re nie s\u0105 ani sygnowane, ani datowane.\u00a0 Dzie\u0142o to niezwykle dekoracyjny obraz o przemy\u015blanej, zwartej kompozycji ukazuje wielo\u015b\u0107 r\u00f3\u017cnorodnych form natury. Zar\u00f3wno dziczyzna &#8211; ubite ptactwo, jak i pies nale\u017c\u0105 do typowego repertuaru martwych natur Jana Fyta, lecz przedstawienia \u0142\u0105cz\u0105ce razem oba te tematy wyst\u0119puj\u0105 w tw\u00f3rczo\u015bci tego artysty stanowczo rzadziej. Podobny repertuar prezentuje obraz Fyta<\/p>\n<p>https:\/\/www.sothebys.com\/en\/search?locale=en&#038;query=Jan%20Fyt&#038;tab=objects<\/p>","protected":false},"featured_media":8323,"comment_status":"closed","ping_status":"closed","template":"","meta":[],"product_cat":[41,39,40],"product_tag":[],"class_list":{"0":"post-8322","1":"product","2":"type-product","3":"status-publish","4":"has-post-thumbnail","6":"product_cat-malarstwo-dawne","7":"product_cat-dziela-sztuki","8":"product_cat-malarstwo","10":"entry","11":"has-media","13":"first","14":"instock","15":"taxable","16":"shipping-taxable","17":"purchasable","18":"product-type-simple","19":"has-product-nav","20":"col","21":"span_1_of_3","22":"owp-content-center","23":"owp-thumbs-layout-horizontal","24":"owp-btn-normal","25":"owp-tabs-layout-horizontal"},"aioseo_notices":[],"_links":{"self":[{"href":"https:\/\/antykilion.pl\/de\/wp-json\/wp\/v2\/product\/8322","targetHints":{"allow":["GET"]}}],"collection":[{"href":"https:\/\/antykilion.pl\/de\/wp-json\/wp\/v2\/product"}],"about":[{"href":"https:\/\/antykilion.pl\/de\/wp-json\/wp\/v2\/types\/product"}],"replies":[{"embeddable":true,"href":"https:\/\/antykilion.pl\/de\/wp-json\/wp\/v2\/comments?post=8322"}],"wp:featuredmedia":[{"embeddable":true,"href":"https:\/\/antykilion.pl\/de\/wp-json\/wp\/v2\/media\/8323"}],"wp:attachment":[{"href":"https:\/\/antykilion.pl\/de\/wp-json\/wp\/v2\/media?parent=8322"}],"wp:term":[{"taxonomy":"product_cat","embeddable":true,"href":"https:\/\/antykilion.pl\/de\/wp-json\/wp\/v2\/product_cat?post=8322"},{"taxonomy":"product_tag","embeddable":true,"href":"https:\/\/antykilion.pl\/de\/wp-json\/wp\/v2\/product_tag?post=8322"}],"curies":[{"name":"wp","href":"https:\/\/api.w.org\/{rel}","templated":true}]}}