{"id":8571,"date":"2024-06-24T10:09:06","date_gmt":"2024-06-24T08:09:06","guid":{"rendered":"https:\/\/antykilion.pl\/?post_type=product&#038;p=8571"},"modified":"2024-06-24T10:09:07","modified_gmt":"2024-06-24T08:09:07","slug":"komoda-barokowa-xviii-w-okolo-1760-r-piekna","status":"publish","type":"product","link":"https:\/\/antykilion.pl\/de\/product\/komoda-barokowa-xviii-w-okolo-1760-r-piekna\/","title":{"rendered":"Komoda Barokowa \u00a0XVIII w oko\u0142o 1760 r pi\u0119kna!"},"content":{"rendered":"","protected":false},"excerpt":{"rendered":"<p>Komoda Barokowa \u00a0XVIII w oko\u0142o 1760 r pi\u0119kna!<\/p>\n<p>wsparta na konsolowych nogach, czteroszufladowa, o serpentynowej, \u0142amanej linii frontu; powierzchnia mebla intarsjowana w motywy pasowo-geometryczne- na licach szuflad, z kartuszowymi polami natomiast uj\u0119tymi wst\u0119gowym obramowaniem &#8211; na blacie i bokach; Pi\u0119kny egzemplarz<\/p>\n<p>Sygnatura:<\/p>\n<p>Stan: bardzo dobry, \u015blady u\u017cytkowania i co najwa\u017cniejsze stan orginalny !!!<\/p>\n<p>Materia\u0142: orzech, maho\u0144, jawor<\/p>\n<p>Wymiary: wysoko\u015b\u0107 85 cm, d\u0142ugo\u015b\u0107 90 cm, szeroko\u015b\u0107 54 cm<\/p>\n<p>Ob\u0142\u0119dna !!!<\/p>","protected":false},"featured_media":8572,"comment_status":"closed","ping_status":"closed","template":"","meta":[],"product_cat":[26,17],"product_tag":[],"class_list":{"0":"post-8571","1":"product","2":"type-product","3":"status-publish","4":"has-post-thumbnail","6":"product_cat-komody","7":"product_cat-meble","9":"entry","10":"has-media","12":"first","13":"instock","14":"taxable","15":"shipping-taxable","16":"purchasable","17":"product-type-simple","18":"has-product-nav","19":"col","20":"span_1_of_3","21":"owp-content-center","22":"owp-thumbs-layout-horizontal","23":"owp-btn-normal","24":"owp-tabs-layout-horizontal"},"aioseo_notices":[],"_links":{"self":[{"href":"https:\/\/antykilion.pl\/de\/wp-json\/wp\/v2\/product\/8571","targetHints":{"allow":["GET"]}}],"collection":[{"href":"https:\/\/antykilion.pl\/de\/wp-json\/wp\/v2\/product"}],"about":[{"href":"https:\/\/antykilion.pl\/de\/wp-json\/wp\/v2\/types\/product"}],"replies":[{"embeddable":true,"href":"https:\/\/antykilion.pl\/de\/wp-json\/wp\/v2\/comments?post=8571"}],"wp:featuredmedia":[{"embeddable":true,"href":"https:\/\/antykilion.pl\/de\/wp-json\/wp\/v2\/media\/8572"}],"wp:attachment":[{"href":"https:\/\/antykilion.pl\/de\/wp-json\/wp\/v2\/media?parent=8571"}],"wp:term":[{"taxonomy":"product_cat","embeddable":true,"href":"https:\/\/antykilion.pl\/de\/wp-json\/wp\/v2\/product_cat?post=8571"},{"taxonomy":"product_tag","embeddable":true,"href":"https:\/\/antykilion.pl\/de\/wp-json\/wp\/v2\/product_tag?post=8571"}],"curies":[{"name":"wp","href":"https:\/\/api.w.org\/{rel}","templated":true}]}}